{"id":2675,"date":"2018-11-24T12:29:11","date_gmt":"2018-11-24T11:29:11","guid":{"rendered":"https:\/\/phiessences.com\/Romania\/?post_type=product&#038;p=2675"},"modified":"2026-01-01T18:56:10","modified_gmt":"2026-01-01T16:56:10","slug":"sponge-burete","status":"publish","type":"product","link":"https:\/\/esentevibrationale.com\/?product=sponge-burete","title":{"rendered":"Sponge \/ Burete"},"content":{"rendered":"<p><strong>(Callyspongia sp.)<\/strong><\/p>\n<p>La fel ca buretele care filtreaz\u0103 apa \u00een mare, acest\u0103 esen\u0163\u0103 ne sprijin\u0103 energetic func\u0163iile rinichilor \u015fi ale ficatului, compenseaz\u0103 secre\u0163iile \u015fi toxinele. Vechile amintiri sunt filtrate, ne ajut\u0103 energetic s\u0103 sc\u0103p\u0103m de r\u0103nile noastre vechi.<\/p>\n","protected":false},"excerpt":{"rendered":"<p>(Callyspongia sp.) La fel ca buretele care filtreaz\u0103 apa \u00een mare, acest\u0103 esen\u0163\u0103 ne sprijin\u0103 energetic func\u0163iile rinichilor \u015fi ale ficatului, compenseaz\u0103 secre\u0163iile \u015fi toxinele. Vechile amintiri sunt filtrate, ne ajut\u0103 energetic s\u0103 sc\u0103p\u0103m de r\u0103nile noastre vechi.<\/p>\n","protected":false},"featured_media":2682,"template":"","meta":[],"product_brand":[],"product_cat":[43],"product_tag":[],"class_list":{"0":"post-2675","1":"product","2":"type-product","3":"status-publish","4":"has-post-thumbnail","6":"product_cat-esente-marine","7":"pa_size-15ml","8":"pa_size-30ml","10":"first","11":"instock","12":"shipping-taxable","13":"purchasable","14":"product-type-variable","15":"has-default-attributes"},"_links":{"self":[{"href":"https:\/\/esentevibrationale.com\/index.php?rest_route=\/wp\/v2\/product\/2675","targetHints":{"allow":["GET"]}}],"collection":[{"href":"https:\/\/esentevibrationale.com\/index.php?rest_route=\/wp\/v2\/product"}],"about":[{"href":"https:\/\/esentevibrationale.com\/index.php?rest_route=\/wp\/v2\/types\/product"}],"wp:featuredmedia":[{"embeddable":true,"href":"https:\/\/esentevibrationale.com\/index.php?rest_route=\/wp\/v2\/media\/2682"}],"wp:attachment":[{"href":"https:\/\/esentevibrationale.com\/index.php?rest_route=%2Fwp%2Fv2%2Fmedia&parent=2675"}],"wp:term":[{"taxonomy":"product_brand","embeddable":true,"href":"https:\/\/esentevibrationale.com\/index.php?rest_route=%2Fwp%2Fv2%2Fproduct_brand&post=2675"},{"taxonomy":"product_cat","embeddable":true,"href":"https:\/\/esentevibrationale.com\/index.php?rest_route=%2Fwp%2Fv2%2Fproduct_cat&post=2675"},{"taxonomy":"product_tag","embeddable":true,"href":"https:\/\/esentevibrationale.com\/index.php?rest_route=%2Fwp%2Fv2%2Fproduct_tag&post=2675"}],"curies":[{"name":"wp","href":"https:\/\/api.w.org\/{rel}","templated":true}]}}