{"id":2678,"date":"2018-11-24T13:01:46","date_gmt":"2018-11-24T12:01:46","guid":{"rendered":"https:\/\/phiessences.com\/Romania\/?post_type=product&#038;p=2678"},"modified":"2026-01-01T18:53:15","modified_gmt":"2026-01-01T16:53:15","slug":"transverse-coral-coral-transversal","status":"publish","type":"product","link":"https:\/\/esentevibrationale.com\/?product=transverse-coral-coral-transversal","title":{"rendered":"Transverse Coral \/ Coral Transversal"},"content":{"rendered":"<p><strong>(Faviidae)<\/strong><br \/>\nAceast\u0103 esen\u0163a ac\u0163ioneaz\u0103 energetic asupra structurilor celulare \u015fi regenerarea celulelor. Promoveaz\u0103 energetic cortexul creierului. La nivel emo\u0163ional creeaz\u0103 conexiunea \u00eentre reguli, oameni \u015fi structurile sociale.<\/p>\n","protected":false},"excerpt":{"rendered":"<p>(Faviidae) Aceast\u0103 esen\u0163a ac\u0163ioneaz\u0103 energetic asupra structurilor celulare \u015fi regenerarea celulelor. Promoveaz\u0103 energetic cortexul creierului. La nivel emo\u0163ional creeaz\u0103 conexiunea \u00eentre reguli, oameni \u015fi structurile sociale.<\/p>\n","protected":false},"featured_media":2681,"template":"","meta":[],"product_brand":[],"product_cat":[43],"product_tag":[],"class_list":{"0":"post-2678","1":"product","2":"type-product","3":"status-publish","4":"has-post-thumbnail","6":"product_cat-esente-marine","7":"pa_size-15ml","8":"pa_size-30ml","10":"first","11":"instock","12":"shipping-taxable","13":"purchasable","14":"product-type-variable","15":"has-default-attributes"},"_links":{"self":[{"href":"https:\/\/esentevibrationale.com\/index.php?rest_route=\/wp\/v2\/product\/2678","targetHints":{"allow":["GET"]}}],"collection":[{"href":"https:\/\/esentevibrationale.com\/index.php?rest_route=\/wp\/v2\/product"}],"about":[{"href":"https:\/\/esentevibrationale.com\/index.php?rest_route=\/wp\/v2\/types\/product"}],"wp:featuredmedia":[{"embeddable":true,"href":"https:\/\/esentevibrationale.com\/index.php?rest_route=\/wp\/v2\/media\/2681"}],"wp:attachment":[{"href":"https:\/\/esentevibrationale.com\/index.php?rest_route=%2Fwp%2Fv2%2Fmedia&parent=2678"}],"wp:term":[{"taxonomy":"product_brand","embeddable":true,"href":"https:\/\/esentevibrationale.com\/index.php?rest_route=%2Fwp%2Fv2%2Fproduct_brand&post=2678"},{"taxonomy":"product_cat","embeddable":true,"href":"https:\/\/esentevibrationale.com\/index.php?rest_route=%2Fwp%2Fv2%2Fproduct_cat&post=2678"},{"taxonomy":"product_tag","embeddable":true,"href":"https:\/\/esentevibrationale.com\/index.php?rest_route=%2Fwp%2Fv2%2Fproduct_tag&post=2678"}],"curies":[{"name":"wp","href":"https:\/\/api.w.org\/{rel}","templated":true}]}}