{"id":2691,"date":"2018-11-24T13:41:05","date_gmt":"2018-11-24T12:41:05","guid":{"rendered":"https:\/\/phiessences.com\/Romania\/?post_type=product&#038;p=2691"},"modified":"2026-01-01T18:44:11","modified_gmt":"2026-01-01T16:44:11","slug":"dendrophyllia-dendrofilia","status":"publish","type":"product","link":"https:\/\/esentevibrationale.com\/?product=dendrophyllia-dendrofilia","title":{"rendered":"Dendrophyllia \/ Dendrofilia"},"content":{"rendered":"<p><strong>(Dendrophyllia sp.)<\/strong><\/p>\n<p>Esen\u0163a ac\u0163ioneaz\u0103 pe zonele cu energie negativ\u0103 din corp \u015fi organe. Are un efect de purificare \u015fi transformare. G\u00e2ndurile negative ca: furia, stresul, gelozia, \u00een toate aceste cazuri energiile negative sunt transformate. \u020anv\u0103\u0163\u0103m s\u0103 folosim g\u00e2ndurile noastre \u00een mod con\u015ftient \u015fi s\u0103 ne lumin\u0103m sentimentele noastre cu g\u00e2ndire pozitiv\u0103 \u015fi s\u0103 le cur\u0103\u0163\u0103m.<\/p>\n","protected":false},"excerpt":{"rendered":"<p>(Dendrophyllia sp.) Esen\u0163a ac\u0163ioneaz\u0103 pe zonele cu energie negativ\u0103 din corp \u015fi organe. Are un efect de purificare \u015fi transformare. G\u00e2ndurile negative ca: furia, stresul, gelozia, \u00een toate aceste cazuri energiile negative sunt transformate. \u020anv\u0103\u0163\u0103m s\u0103 folosim g\u00e2ndurile noastre \u00een mod con\u015ftient \u015fi s\u0103 ne lumin\u0103m sentimentele noastre cu g\u00e2ndire pozitiv\u0103 \u015fi s\u0103 le cur\u0103\u0163\u0103m.<\/p>\n","protected":false},"featured_media":2692,"template":"","meta":[],"product_brand":[],"product_cat":[43],"product_tag":[],"class_list":{"0":"post-2691","1":"product","2":"type-product","3":"status-publish","4":"has-post-thumbnail","6":"product_cat-esente-marine","7":"pa_size-15ml","8":"pa_size-30ml","10":"first","11":"instock","12":"shipping-taxable","13":"purchasable","14":"product-type-variable","15":"has-default-attributes"},"_links":{"self":[{"href":"https:\/\/esentevibrationale.com\/index.php?rest_route=\/wp\/v2\/product\/2691","targetHints":{"allow":["GET"]}}],"collection":[{"href":"https:\/\/esentevibrationale.com\/index.php?rest_route=\/wp\/v2\/product"}],"about":[{"href":"https:\/\/esentevibrationale.com\/index.php?rest_route=\/wp\/v2\/types\/product"}],"wp:featuredmedia":[{"embeddable":true,"href":"https:\/\/esentevibrationale.com\/index.php?rest_route=\/wp\/v2\/media\/2692"}],"wp:attachment":[{"href":"https:\/\/esentevibrationale.com\/index.php?rest_route=%2Fwp%2Fv2%2Fmedia&parent=2691"}],"wp:term":[{"taxonomy":"product_brand","embeddable":true,"href":"https:\/\/esentevibrationale.com\/index.php?rest_route=%2Fwp%2Fv2%2Fproduct_brand&post=2691"},{"taxonomy":"product_cat","embeddable":true,"href":"https:\/\/esentevibrationale.com\/index.php?rest_route=%2Fwp%2Fv2%2Fproduct_cat&post=2691"},{"taxonomy":"product_tag","embeddable":true,"href":"https:\/\/esentevibrationale.com\/index.php?rest_route=%2Fwp%2Fv2%2Fproduct_tag&post=2691"}],"curies":[{"name":"wp","href":"https:\/\/api.w.org\/{rel}","templated":true}]}}