{"id":2699,"date":"2018-11-24T14:03:02","date_gmt":"2018-11-24T13:03:02","guid":{"rendered":"https:\/\/phiessences.com\/Romania\/?post_type=product&#038;p=2699"},"modified":"2026-01-01T18:35:50","modified_gmt":"2026-01-01T16:35:50","slug":"beluga-beluga","status":"publish","type":"product","link":"https:\/\/esentevibrationale.com\/?product=beluga-beluga","title":{"rendered":"Beluga  Whale \/ Balena Beluga"},"content":{"rendered":"<p><strong>(Delphinapterus leucas)<\/strong><\/p>\n<p>Aceast\u0103 esen\u0163a ne aminte\u015fte de bucuria \u015fi u\u015furin\u0163a copil\u0103reasc\u0103. Esen\u0163a ajut\u0103, din punct de vedere emo\u0163ional, persoanele care au suferit \u00een timpul dezvolt\u0103rii lor embrionare sau \u00een cazul blocajelor, emo\u0163iilor negative sau \u015focurilor, pe care le-au avut \u00een timpul copil\u0103riei. Este vorba despre o reprogramare energetic\u0103 a informa\u0163iei celulare, de a identifica vindecarea copilului interior, de a readuce bucuria interioar\u0103 din nou \u015fi astfel, devenim capabili s\u0103 ne bucur\u0103m mai mult de via\u0163\u0103. O conectare interioar\u0103 care ne face s\u0103 ne sim\u0163im echilibra\u0163i chiar \u015fi \u00een situa\u0163iile dificile \u015fi s\u0103 trecem astfel plini de bucurie prin via\u0163\u0103.<\/p>\n<p><img loading=\"lazy\" decoding=\"async\" class=\"alignnone size-full wp-image-6081\" src=\"https:\/\/esentevibrationale.com\/wp-content\/uploads\/2018\/11\/Beluga_7541-1.jpg\" alt=\"\" width=\"277\" height=\"300\" \/><\/p>\n","protected":false},"excerpt":{"rendered":"<p><img loading=\"lazy\" decoding=\"async\" class=\"alignnone size-full wp-image-2703\" src=\"https:\/\/phiessences.com\/Romania\/wp-content\/uploads\/2018\/11\/Beluga_7541.jpg\" alt=\"\" width=\"277\" height=\"300\" \/><\/p>\n","protected":false},"featured_media":2702,"template":"","meta":[],"product_brand":[],"product_cat":[43],"product_tag":[],"class_list":{"0":"post-2699","1":"product","2":"type-product","3":"status-publish","4":"has-post-thumbnail","6":"product_cat-esente-marine","7":"pa_size-15ml","8":"pa_size-30ml","10":"first","11":"instock","12":"shipping-taxable","13":"purchasable","14":"product-type-variable","15":"has-default-attributes"},"_links":{"self":[{"href":"https:\/\/esentevibrationale.com\/index.php?rest_route=\/wp\/v2\/product\/2699","targetHints":{"allow":["GET"]}}],"collection":[{"href":"https:\/\/esentevibrationale.com\/index.php?rest_route=\/wp\/v2\/product"}],"about":[{"href":"https:\/\/esentevibrationale.com\/index.php?rest_route=\/wp\/v2\/types\/product"}],"wp:featuredmedia":[{"embeddable":true,"href":"https:\/\/esentevibrationale.com\/index.php?rest_route=\/wp\/v2\/media\/2702"}],"wp:attachment":[{"href":"https:\/\/esentevibrationale.com\/index.php?rest_route=%2Fwp%2Fv2%2Fmedia&parent=2699"}],"wp:term":[{"taxonomy":"product_brand","embeddable":true,"href":"https:\/\/esentevibrationale.com\/index.php?rest_route=%2Fwp%2Fv2%2Fproduct_brand&post=2699"},{"taxonomy":"product_cat","embeddable":true,"href":"https:\/\/esentevibrationale.com\/index.php?rest_route=%2Fwp%2Fv2%2Fproduct_cat&post=2699"},{"taxonomy":"product_tag","embeddable":true,"href":"https:\/\/esentevibrationale.com\/index.php?rest_route=%2Fwp%2Fv2%2Fproduct_tag&post=2699"}],"curies":[{"name":"wp","href":"https:\/\/api.w.org\/{rel}","templated":true}]}}