{"id":2711,"date":"2018-11-26T07:55:49","date_gmt":"2018-11-26T06:55:49","guid":{"rendered":"https:\/\/phiessences.com\/Romania\/?post_type=product&#038;p=2711"},"modified":"2026-01-01T18:41:30","modified_gmt":"2026-01-01T16:41:30","slug":"comb-jelly-ctenofor","status":"publish","type":"product","link":"https:\/\/esentevibrationale.com\/?product=comb-jelly-ctenofor","title":{"rendered":"Comb Jelly \/ Ctenofor"},"content":{"rendered":"<p><strong>(Pleurobrachia pileus)<\/strong><br \/>\nEste o bioluminescent\u0103 vie\u0163uitoare acvatic\u0103 de aproximativ 8 cm \u00een\u0103l\u0163ime, goal\u0103 \u00een interiorul s\u0103u alungit, transparent cu margini, tr\u0103ie\u015fte \u00een apa s\u0103rat\u0103 a Marii Nordice. Asem\u0103n\u0103toare cu fosforul care aprinde lanterna \u00een culorile curcubeului. Esen\u0163a consolideaz\u0103 energia noastr\u0103 vital\u0103, energia aurei cre\u015fte, se \u00eent\u0103re\u015fte energia Tyradiodale a aurei. Radia\u0163iile aurei cresc, aura ajunge la lumin\u0103. Energia prin rezonan\u0163a \u00eent\u0103re\u015fte mai bine radia\u0163ia \u015fi vitalitatea\u00a0 personal\u0103, astfel ne putem conecta mai bine cu alte persoane.<\/p>\n","protected":false},"excerpt":{"rendered":"<p>(Pleurobrachia pileus) Este o bioluminescent\u0103 vie\u0163uitoare acvatic\u0103 de aproximativ 8 cm \u00een\u0103l\u0163ime, goal\u0103 \u00een interiorul s\u0103u alungit, transparent cu margini, tr\u0103ie\u015fte \u00een apa s\u0103rat\u0103 a Marii Nordice. Asem\u0103n\u0103toare cu fosforul care aprinde lanterna \u00een culorile curcubeului. Esen\u0163a consolideaz\u0103 energia noastr\u0103 vital\u0103, energia aurei cre\u015fte, se \u00eent\u0103re\u015fte energia Tyradiodale a aurei. Radia\u0163iile aurei cresc, aura ajunge &hellip; <a href=\"https:\/\/esentevibrationale.com\/?product=comb-jelly-ctenofor\" class=\"more-link\">Continu\u0103 lectura <span class=\"screen-reader-text\">Comb Jelly \/ Ctenofor<\/span> <span class=\"meta-nav\">&rarr;<\/span><\/a><\/p>\n","protected":false},"featured_media":2712,"template":"","meta":[],"product_brand":[],"product_cat":[43],"product_tag":[],"class_list":{"0":"post-2711","1":"product","2":"type-product","3":"status-publish","4":"has-post-thumbnail","6":"product_cat-esente-marine","7":"pa_size-15ml","8":"pa_size-30ml","10":"first","11":"instock","12":"shipping-taxable","13":"purchasable","14":"product-type-variable","15":"has-default-attributes"},"_links":{"self":[{"href":"https:\/\/esentevibrationale.com\/index.php?rest_route=\/wp\/v2\/product\/2711","targetHints":{"allow":["GET"]}}],"collection":[{"href":"https:\/\/esentevibrationale.com\/index.php?rest_route=\/wp\/v2\/product"}],"about":[{"href":"https:\/\/esentevibrationale.com\/index.php?rest_route=\/wp\/v2\/types\/product"}],"wp:featuredmedia":[{"embeddable":true,"href":"https:\/\/esentevibrationale.com\/index.php?rest_route=\/wp\/v2\/media\/2712"}],"wp:attachment":[{"href":"https:\/\/esentevibrationale.com\/index.php?rest_route=%2Fwp%2Fv2%2Fmedia&parent=2711"}],"wp:term":[{"taxonomy":"product_brand","embeddable":true,"href":"https:\/\/esentevibrationale.com\/index.php?rest_route=%2Fwp%2Fv2%2Fproduct_brand&post=2711"},{"taxonomy":"product_cat","embeddable":true,"href":"https:\/\/esentevibrationale.com\/index.php?rest_route=%2Fwp%2Fv2%2Fproduct_cat&post=2711"},{"taxonomy":"product_tag","embeddable":true,"href":"https:\/\/esentevibrationale.com\/index.php?rest_route=%2Fwp%2Fv2%2Fproduct_tag&post=2711"}],"curies":[{"name":"wp","href":"https:\/\/api.w.org\/{rel}","templated":true}]}}