{"id":2716,"date":"2018-11-26T08:12:57","date_gmt":"2018-11-26T07:12:57","guid":{"rendered":"https:\/\/phiessences.com\/Romania\/?post_type=product&#038;p=2716"},"modified":"2026-01-01T19:53:25","modified_gmt":"2026-01-01T17:53:25","slug":"sea-slug-melcul-de-mare","status":"publish","type":"product","link":"https:\/\/esentevibrationale.com\/?product=sea-slug-melcul-de-mare","title":{"rendered":"Sea Slug \/ Melcul de Mare"},"content":{"rendered":"<p><strong>( Hypselodoris picta webbi )<\/strong><\/p>\n<p>Este\u00a0 galbem violet, lung de aproximativ de 10 cm \u015fi are pe spate branhiile exterioare. Tr\u0103ie\u015fte pe p\u0103m\u00e2nt pietros \u00een mare la o ad\u00e2ncime de 10-30 de metri.<br \/>\nEsen\u0163a: \u020ant\u0103re\u015fte \u00eencrederea \u00een noi, ac\u0163ioneaz\u0103 asupra plexului solar \u015fi a inimii. Consolideaz\u0103 \u00eencrederea \u015fi stima de sine, mai ales dup\u0103 o experien\u0163\u0103 traumatizant\u0103. Copiii \u015fi adul\u0163ii traumatiza\u0163i dep\u0103\u015fesc frica, \u00eei \u00eent\u0103re\u015fte intern \u015fi astfel se dezvolt\u0103 o nou\u0103 \u00eencredere. Prin reducerea anxiet\u0103\u0163ii ne eliber\u0103m \u015fi putem, de asemenea, s\u0103 respir\u0103m mai bine \u015fi mai u\u015for.<\/p>\n","protected":false},"excerpt":{"rendered":"<p><img loading=\"lazy\" decoding=\"async\" class=\"alignnone size-full wp-image-2721\" src=\"https:\/\/phiessences.com\/Romania\/wp-content\/uploads\/2018\/11\/STC_0365.jpg\" alt=\"\" width=\"299\" height=\"300\" srcset=\"https:\/\/esentevibrationale.com\/wp-content\/uploads\/2018\/11\/STC_0365.jpg 299w, https:\/\/esentevibrationale.com\/wp-content\/uploads\/2018\/11\/STC_0365-200x200.jpg 200w, https:\/\/esentevibrationale.com\/wp-content\/uploads\/2018\/11\/STC_0365-150x150.jpg 150w, https:\/\/esentevibrationale.com\/wp-content\/uploads\/2018\/11\/STC_0365-100x100.jpg 100w\" sizes=\"auto, (max-width: 299px) 100vw, 299px\" \/><\/p>\n","protected":false},"featured_media":2717,"template":"","meta":[],"product_brand":[],"product_cat":[43],"product_tag":[],"class_list":{"0":"post-2716","1":"product","2":"type-product","3":"status-publish","4":"has-post-thumbnail","6":"product_cat-esente-marine","7":"pa_size-15ml","8":"pa_size-30ml","10":"first","11":"instock","12":"shipping-taxable","13":"purchasable","14":"product-type-variable","15":"has-default-attributes"},"_links":{"self":[{"href":"https:\/\/esentevibrationale.com\/index.php?rest_route=\/wp\/v2\/product\/2716","targetHints":{"allow":["GET"]}}],"collection":[{"href":"https:\/\/esentevibrationale.com\/index.php?rest_route=\/wp\/v2\/product"}],"about":[{"href":"https:\/\/esentevibrationale.com\/index.php?rest_route=\/wp\/v2\/types\/product"}],"wp:featuredmedia":[{"embeddable":true,"href":"https:\/\/esentevibrationale.com\/index.php?rest_route=\/wp\/v2\/media\/2717"}],"wp:attachment":[{"href":"https:\/\/esentevibrationale.com\/index.php?rest_route=%2Fwp%2Fv2%2Fmedia&parent=2716"}],"wp:term":[{"taxonomy":"product_brand","embeddable":true,"href":"https:\/\/esentevibrationale.com\/index.php?rest_route=%2Fwp%2Fv2%2Fproduct_brand&post=2716"},{"taxonomy":"product_cat","embeddable":true,"href":"https:\/\/esentevibrationale.com\/index.php?rest_route=%2Fwp%2Fv2%2Fproduct_cat&post=2716"},{"taxonomy":"product_tag","embeddable":true,"href":"https:\/\/esentevibrationale.com\/index.php?rest_route=%2Fwp%2Fv2%2Fproduct_tag&post=2716"}],"curies":[{"name":"wp","href":"https:\/\/api.w.org\/{rel}","templated":true}]}}