{"id":2722,"date":"2018-11-26T08:34:59","date_gmt":"2018-11-26T07:34:59","guid":{"rendered":"https:\/\/phiessences.com\/Romania\/?post_type=product&#038;p=2722"},"modified":"2026-01-01T18:33:02","modified_gmt":"2026-01-01T16:33:02","slug":"bearded-fireworm-vierme-de-foc-marin","status":"publish","type":"product","link":"https:\/\/esentevibrationale.com\/?product=bearded-fireworm-vierme-de-foc-marin","title":{"rendered":"Bearded Fireworm \/ Vierme de Foc Marin"},"content":{"rendered":"<p><strong>(Hermodice carunculata)<\/strong><br \/>\nViermele de foc de mare este un vierme marin care face parte din familia Amphinomidae, tr\u0103ieste \u00een Oceanul Atlantic \u015fi \u00een Marea Mediteranean\u0103.<br \/>\n<strong>Esen\u0163a: <\/strong>Ajut\u0103 persoanele care se simt r\u0103nite, le elibereaz\u0103 de forma\u0163iunile de stres \u015fi de durere. La nivel fizic, aceasta ajut\u0103 la cur\u0103\u0163area \u015fi purificarea corpurilor noastre energetice. Emo\u0163ional determin\u0103 persoanele s\u0103 g\u0103seasc\u0103 c\u0103i de a se respecta reciproc \u015fi de a comunica unii cu altii f\u0103r\u0103 a se r\u0103ni. Esen\u0163a ne ajut\u0103 s\u0103 purific\u0103m amintirile despre traumele \u015fi r\u0103nile din trecut \u015fi ne sprijin\u0103 la eliberarea vechilor noastre poveri interioare.<\/p>\n","protected":false},"excerpt":{"rendered":"<p>(Hermodice carunculata) Viermele de foc de mare este un vierme marin care face parte din familia Amphinomidae, tr\u0103ieste \u00een Oceanul Atlantic \u015fi \u00een Marea Mediteranean\u0103. Esen\u0163a: Ajut\u0103 persoanele care se simt r\u0103nite, le elibereaz\u0103 de forma\u0163iunile de stres \u015fi de durere. La nivel fizic, aceasta ajut\u0103 la cur\u0103\u0163area \u015fi purificarea corpurilor noastre energetice. Emo\u0163ional determin\u0103 &hellip; <a href=\"https:\/\/esentevibrationale.com\/?product=bearded-fireworm-vierme-de-foc-marin\" class=\"more-link\">Continu\u0103 lectura <span class=\"screen-reader-text\">Bearded Fireworm \/ Vierme de Foc Marin<\/span> <span class=\"meta-nav\">&rarr;<\/span><\/a><\/p>\n","protected":false},"featured_media":2723,"template":"","meta":[],"product_brand":[],"product_cat":[43],"product_tag":[],"class_list":{"0":"post-2722","1":"product","2":"type-product","3":"status-publish","4":"has-post-thumbnail","6":"product_cat-esente-marine","7":"pa_size-15ml","8":"pa_size-30ml","10":"first","11":"instock","12":"shipping-taxable","13":"purchasable","14":"product-type-variable","15":"has-default-attributes"},"_links":{"self":[{"href":"https:\/\/esentevibrationale.com\/index.php?rest_route=\/wp\/v2\/product\/2722","targetHints":{"allow":["GET"]}}],"collection":[{"href":"https:\/\/esentevibrationale.com\/index.php?rest_route=\/wp\/v2\/product"}],"about":[{"href":"https:\/\/esentevibrationale.com\/index.php?rest_route=\/wp\/v2\/types\/product"}],"wp:featuredmedia":[{"embeddable":true,"href":"https:\/\/esentevibrationale.com\/index.php?rest_route=\/wp\/v2\/media\/2723"}],"wp:attachment":[{"href":"https:\/\/esentevibrationale.com\/index.php?rest_route=%2Fwp%2Fv2%2Fmedia&parent=2722"}],"wp:term":[{"taxonomy":"product_brand","embeddable":true,"href":"https:\/\/esentevibrationale.com\/index.php?rest_route=%2Fwp%2Fv2%2Fproduct_brand&post=2722"},{"taxonomy":"product_cat","embeddable":true,"href":"https:\/\/esentevibrationale.com\/index.php?rest_route=%2Fwp%2Fv2%2Fproduct_cat&post=2722"},{"taxonomy":"product_tag","embeddable":true,"href":"https:\/\/esentevibrationale.com\/index.php?rest_route=%2Fwp%2Fv2%2Fproduct_tag&post=2722"}],"curies":[{"name":"wp","href":"https:\/\/api.w.org\/{rel}","templated":true}]}}