{"id":2726,"date":"2018-11-26T08:48:25","date_gmt":"2018-11-26T07:48:25","guid":{"rendered":"https:\/\/phiessences.com\/Romania\/?post_type=product&#038;p=2726"},"modified":"2026-01-01T18:50:12","modified_gmt":"2026-01-01T16:50:12","slug":"jellyfish-meduza","status":"publish","type":"product","link":"https:\/\/esentevibrationale.com\/?product=jellyfish-meduza","title":{"rendered":"Jellyfish \/ Meduza"},"content":{"rendered":"<p><strong>(Aurelia aurita)<\/strong><\/p>\n<p>Esen\u0163a are un efect de echilibrare energetic\u0103 al apei \u015fi corpului. Ne ajut\u0103 s\u0103 \u00a0ne echilibr\u0103m intern, totul venind cu u\u015furin\u0163\u0103. La nivel emo\u0163ional ne ajut\u0103 s\u0103 distingem ce apar\u0163ine \u00eempreun\u0103 \u015fi ce nu. Are un efect de echilibrare al r\u0103nilor emo\u0163ionale, ne sprijin\u0103 s\u0103 particip\u0103m la pulsul natural al vie\u0163ii, sa fim unul cu \u00eentregul.<\/p>\n","protected":false},"excerpt":{"rendered":"<p>(Aurelia aurita) Esen\u0163a are un efect de echilibrare energetic\u0103 al apei \u015fi corpului. Ne ajut\u0103 s\u0103 \u00a0ne echilibr\u0103m intern, totul venind cu u\u015furin\u0163\u0103. La nivel emo\u0163ional ne ajut\u0103 s\u0103 distingem ce apar\u0163ine \u00eempreun\u0103 \u015fi ce nu. Are un efect de echilibrare al r\u0103nilor emo\u0163ionale, ne sprijin\u0103 s\u0103 particip\u0103m la pulsul natural al vie\u0163ii, sa fim &hellip; <a href=\"https:\/\/esentevibrationale.com\/?product=jellyfish-meduza\" class=\"more-link\">Continu\u0103 lectura <span class=\"screen-reader-text\">Jellyfish \/ Meduza<\/span> <span class=\"meta-nav\">&rarr;<\/span><\/a><\/p>\n","protected":false},"featured_media":2729,"template":"","meta":[],"product_brand":[],"product_cat":[43],"product_tag":[],"class_list":{"0":"post-2726","1":"product","2":"type-product","3":"status-publish","4":"has-post-thumbnail","6":"product_cat-esente-marine","7":"pa_size-15ml","8":"pa_size-30ml","10":"first","11":"instock","12":"shipping-taxable","13":"purchasable","14":"product-type-variable","15":"has-default-attributes"},"_links":{"self":[{"href":"https:\/\/esentevibrationale.com\/index.php?rest_route=\/wp\/v2\/product\/2726","targetHints":{"allow":["GET"]}}],"collection":[{"href":"https:\/\/esentevibrationale.com\/index.php?rest_route=\/wp\/v2\/product"}],"about":[{"href":"https:\/\/esentevibrationale.com\/index.php?rest_route=\/wp\/v2\/types\/product"}],"wp:featuredmedia":[{"embeddable":true,"href":"https:\/\/esentevibrationale.com\/index.php?rest_route=\/wp\/v2\/media\/2729"}],"wp:attachment":[{"href":"https:\/\/esentevibrationale.com\/index.php?rest_route=%2Fwp%2Fv2%2Fmedia&parent=2726"}],"wp:term":[{"taxonomy":"product_brand","embeddable":true,"href":"https:\/\/esentevibrationale.com\/index.php?rest_route=%2Fwp%2Fv2%2Fproduct_brand&post=2726"},{"taxonomy":"product_cat","embeddable":true,"href":"https:\/\/esentevibrationale.com\/index.php?rest_route=%2Fwp%2Fv2%2Fproduct_cat&post=2726"},{"taxonomy":"product_tag","embeddable":true,"href":"https:\/\/esentevibrationale.com\/index.php?rest_route=%2Fwp%2Fv2%2Fproduct_tag&post=2726"}],"curies":[{"name":"wp","href":"https:\/\/api.w.org\/{rel}","templated":true}]}}