{"id":2730,"date":"2018-11-26T13:13:29","date_gmt":"2018-11-26T12:13:29","guid":{"rendered":"https:\/\/phiessences.com\/Romania\/?post_type=product&#038;p=2730"},"modified":"2026-01-01T19:41:35","modified_gmt":"2026-01-01T17:41:35","slug":"orca-orca","status":"publish","type":"product","link":"https:\/\/esentevibrationale.com\/?product=orca-orca","title":{"rendered":"Orca \/ Orca"},"content":{"rendered":"<p><strong>\u00a0(Orcinus Orca)<\/strong><\/p>\n<p>Esen\u0163a are un efect puternic asupra Chakrei inimii \u015fi ne conecteaz\u0103 cu a cincea dimensiune. Ne permite s\u0103 ne cre\u0103m poten\u0163ialul nostru real, ne conecteaz\u0103 cu puterea noastr\u0103 interioar\u0103 \u015fi cu lumina. \u020an aceast\u0103 dimensiune devenim con\u015ftien\u0163i cum g\u00e2ndurile se manifest\u0103, de legea cauz\u0103 \u015fi efect. De asemenea, ne face s\u0103 fim con\u015ftien\u0163i de umbrele \u015fi fricile noastre \u015fi ne sus\u0163ine \u00een dep\u0103\u015firea lor din interior prin \u00eent\u0103rirea stimei de sine\u00a0\u015fi\u00a0\u00eencrederea \u00een sine . Prin urmare ne putem focusa energiile noastre pe Chakra inimii, s\u0103 ne dezvolt\u0103m \u00eencrederea interioar\u0103 \u015fi s\u0103 ne conect\u0103m cu Dumnezeu. Astfel noi \u015ftim c\u0103 suntem protejati de Dumnezeu, deoarece suntem \u00een m\u00e2inile sale.<\/p>\n","protected":false},"excerpt":{"rendered":"<p>\u00a0(Orcinus Orca) Esen\u0163a are un efect puternic asupra Chakrei inimii \u015fi ne conecteaz\u0103 cu a cincea dimensiune. Ne permite s\u0103 ne cre\u0103m poten\u0163ialul nostru real, ne conecteaz\u0103 cu puterea noastr\u0103 interioar\u0103 \u015fi cu lumina. \u020an aceast\u0103 dimensiune devenim con\u015ftien\u0163i cum g\u00e2ndurile se manifest\u0103, de legea cauz\u0103 \u015fi efect. De asemenea, ne face s\u0103 fim con\u015ftien\u0163i &hellip; <a href=\"https:\/\/esentevibrationale.com\/?product=orca-orca\" class=\"more-link\">Continu\u0103 lectura <span class=\"screen-reader-text\">Orca \/ Orca<\/span> <span class=\"meta-nav\">&rarr;<\/span><\/a><\/p>\n","protected":false},"featured_media":2733,"template":"","meta":[],"product_brand":[],"product_cat":[43],"product_tag":[],"class_list":{"0":"post-2730","1":"product","2":"type-product","3":"status-publish","4":"has-post-thumbnail","6":"product_cat-esente-marine","7":"pa_size-15ml","8":"pa_size-30ml","10":"first","11":"instock","12":"shipping-taxable","13":"purchasable","14":"product-type-variable","15":"has-default-attributes"},"_links":{"self":[{"href":"https:\/\/esentevibrationale.com\/index.php?rest_route=\/wp\/v2\/product\/2730","targetHints":{"allow":["GET"]}}],"collection":[{"href":"https:\/\/esentevibrationale.com\/index.php?rest_route=\/wp\/v2\/product"}],"about":[{"href":"https:\/\/esentevibrationale.com\/index.php?rest_route=\/wp\/v2\/types\/product"}],"wp:featuredmedia":[{"embeddable":true,"href":"https:\/\/esentevibrationale.com\/index.php?rest_route=\/wp\/v2\/media\/2733"}],"wp:attachment":[{"href":"https:\/\/esentevibrationale.com\/index.php?rest_route=%2Fwp%2Fv2%2Fmedia&parent=2730"}],"wp:term":[{"taxonomy":"product_brand","embeddable":true,"href":"https:\/\/esentevibrationale.com\/index.php?rest_route=%2Fwp%2Fv2%2Fproduct_brand&post=2730"},{"taxonomy":"product_cat","embeddable":true,"href":"https:\/\/esentevibrationale.com\/index.php?rest_route=%2Fwp%2Fv2%2Fproduct_cat&post=2730"},{"taxonomy":"product_tag","embeddable":true,"href":"https:\/\/esentevibrationale.com\/index.php?rest_route=%2Fwp%2Fv2%2Fproduct_tag&post=2730"}],"curies":[{"name":"wp","href":"https:\/\/api.w.org\/{rel}","templated":true}]}}