{"id":2759,"date":"2018-11-26T16:22:22","date_gmt":"2018-11-26T15:22:22","guid":{"rendered":"https:\/\/phiessences.com\/Romania\/?post_type=product&#038;p=2759"},"modified":"2025-12-30T13:29:56","modified_gmt":"2025-12-30T11:29:56","slug":"aura-spray-spray-ptr-aura","status":"publish","type":"product","link":"https:\/\/esentevibrationale.com\/?product=aura-spray-spray-ptr-aura","title":{"rendered":"Aura Spray \/ Spray Aur\u0103"},"content":{"rendered":"<p>&nbsp;<\/p>\n<p><strong><em>\u00cent\u0103re\u0219te \u0219i sus\u021bine scutul nostru protector natural. Expunerea \u00een cre\u0219tere la radia\u021bii din cauza distrugerii stratului de ozon ajut\u0103 la o mai bun\u0103 fa\u021b\u0103 stresului electromagnetic de la radiotelefoane, computere etc. Este ideal \u0219i pentru sus\u021binerea profesiilor terapeutice astfel \u00eenc\u00e2t s\u0103 nu absorbim emo\u021biile celorlal\u021bi. Poate fi amestecat \u0219i cu protec\u021bie solar\u0103. Produsul nostru este potrivit pentru utilizarea zilnic\u0103, poate sprijini \u0219i activitatea terapeutic\u0103 \u0219i este absolut lipsit de efecte secundare, deoarece nu con\u021bine ingrediente chimice. Potrivit \u0219i pentru \u00eembun\u0103t\u0103\u021birea energiei \u00een spa\u021biile de locuit.<\/em><\/strong><\/p>\n<p><strong><em>Se recomanda \u00een perioade de stres, lucrul cu pacien\u021bii, cu copiii. Tensiune, fric\u0103, proasta dispozi\u021bie sau negativitate. Dac\u0103 folosi\u021bi computerul sau v\u0103 uita\u021bi la televizor mult timp, pulveriza\u021bi la fiecare jum\u0103tate de or\u0103.<\/em><\/strong><\/p>\n<p><strong><em>Utilizare:<\/em><\/strong><\/p>\n<p><em>Se d\u0103 una p\u00e2n\u0103 la trei pulveriz\u0103ri peste cap \u0219i se las\u0103 s\u0103 ac\u021bioneze. Este foarte simplu \u0219i poate fi folosit oriunde. Dac\u0103 ai nevoie de protec\u021bie energetica, curaj \u0219i for\u021b\u0103 sau v\u0103 sim\u021bi\u021bi obosi\u021bi, pute\u021bi folosi acest spray \u00een toate fazele vie\u021bii voastre. Nu con\u021bine ingrediente chimice. Nu exist\u0103 supradozaj \u0219i poate fi utilizat ori de c\u00e2te ori dori\u021bi. Da\u021bi cu spray de unul p\u00e2n\u0103 la patru ori peste \u0219i \u00een jurul capului \u0219i al umerilor \u00eenainte de a merge \u00een soare sau \u00een aer foarte poluat. \u021aine\u021bi flaconul la o distanta de aproximativ 50 cm (18 inch) de corp \u00een timp ap\u0103s\u00e2nd spray-ul foarte u\u0219or.<\/em><\/p>\n<p><strong><em>Aplica\u021bie pentru camere: <\/em><\/strong><em>Pulveriza\u021bi camerele \u0219i ve\u021bi observa ce miros revigorant, pl\u0103cut este \u00een camer\u0103 \u0219i ce puritate, putere \u0219i protec\u021bie radiaz\u0103 brusc aceast\u0103 camer\u0103.<\/em><\/p>\n<p><strong><em>Con\u021binut: 50 ml sau 200 ml Ingrediente: apa minerala plat\u0103 din P\u0103durea Neagra, esen\u021be florale.<\/em><\/strong><\/p>\n<p><strong><em>\u00a0<\/em><\/strong><\/p>\n<p>&nbsp;<\/p>\n","protected":false},"excerpt":{"rendered":"<p>&nbsp; \u00cent\u0103re\u0219te \u0219i sus\u021bine scutul nostru protector natural. Expunerea \u00een cre\u0219tere la radia\u021bii din cauza distrugerii stratului de ozon ajut\u0103 la o mai bun\u0103 fa\u021b\u0103 stresului electromagnetic de la radiotelefoane, computere etc. Este ideal \u0219i pentru sus\u021binerea profesiilor terapeutice astfel \u00eenc\u00e2t s\u0103 nu absorbim emo\u021biile celorlal\u021bi. Poate fi amestecat \u0219i cu protec\u021bie solar\u0103. Produsul nostru &hellip; <a href=\"https:\/\/esentevibrationale.com\/?product=aura-spray-spray-ptr-aura\" class=\"more-link\">Continu\u0103 lectura <span class=\"screen-reader-text\">Aura Spray \/ Spray Aur\u0103<\/span> <span class=\"meta-nav\">&rarr;<\/span><\/a><\/p>\n","protected":false},"featured_media":14553,"template":"","meta":[],"product_brand":[],"product_cat":[36],"product_tag":[],"class_list":{"0":"post-2759","1":"product","2":"type-product","3":"status-publish","4":"has-post-thumbnail","6":"product_cat-spray-uri","7":"pa_size-200-ml","8":"pa_size-50-ml","10":"first","11":"instock","12":"shipping-taxable","13":"purchasable","14":"product-type-variable","15":"has-default-attributes"},"_links":{"self":[{"href":"https:\/\/esentevibrationale.com\/index.php?rest_route=\/wp\/v2\/product\/2759","targetHints":{"allow":["GET"]}}],"collection":[{"href":"https:\/\/esentevibrationale.com\/index.php?rest_route=\/wp\/v2\/product"}],"about":[{"href":"https:\/\/esentevibrationale.com\/index.php?rest_route=\/wp\/v2\/types\/product"}],"wp:featuredmedia":[{"embeddable":true,"href":"https:\/\/esentevibrationale.com\/index.php?rest_route=\/wp\/v2\/media\/14553"}],"wp:attachment":[{"href":"https:\/\/esentevibrationale.com\/index.php?rest_route=%2Fwp%2Fv2%2Fmedia&parent=2759"}],"wp:term":[{"taxonomy":"product_brand","embeddable":true,"href":"https:\/\/esentevibrationale.com\/index.php?rest_route=%2Fwp%2Fv2%2Fproduct_brand&post=2759"},{"taxonomy":"product_cat","embeddable":true,"href":"https:\/\/esentevibrationale.com\/index.php?rest_route=%2Fwp%2Fv2%2Fproduct_cat&post=2759"},{"taxonomy":"product_tag","embeddable":true,"href":"https:\/\/esentevibrationale.com\/index.php?rest_route=%2Fwp%2Fv2%2Fproduct_tag&post=2759"}],"curies":[{"name":"wp","href":"https:\/\/api.w.org\/{rel}","templated":true}]}}