{"id":2767,"date":"2018-11-26T16:31:27","date_gmt":"2018-11-26T15:31:27","guid":{"rendered":"https:\/\/phiessences.com\/Romania\/?post_type=product&#038;p=2767"},"modified":"2025-12-30T13:32:55","modified_gmt":"2025-12-30T11:32:55","slug":"rq7-spray-spray-ul-rq7","status":"publish","type":"product","link":"https:\/\/esentevibrationale.com\/?product=rq7-spray-spray-ul-rq7","title":{"rendered":"RQ7 Spray \/ Spray-ul RQ7"},"content":{"rendered":"<p><em><strong><span class=\"Y2IQFc\" lang=\"ro\">Combina\u021bia benefic\u0103 de pic\u0103turi de urgen\u021b\u0103 pentru uz intern este acum disponibil\u0103 \u0219i ca spray RQ7. \u00cen condi\u021bii de stres sau \u00een situa\u021bii de \u0219oc, pulverizeaz\u0103 de c\u00e2teva ori \u00een aura ta sau direct pe piele. Ar trebui s\u0103-l avem \u00eentotdeauna la noi atunci c\u00e2nd c\u0103l\u0103torim \u0219i \u00een ma\u0219in\u0103. At\u00e2t corpul fizic, c\u00e2t \u0219i cel subtil sunt pline de canale \u0219i centri energetici care comunic\u0103 \u00eentre ele. \u00centr-o stare s\u0103n\u0103toas\u0103, energia curge armonios \u00eentre ele. Cu toate acestea, este suficient ca doar unul dintre centri sau canale s\u0103 \u00ee\u0219i piard\u0103 echilibrul (de exemplu, un accident) pentru a provoca blocaje energetice care duc la disconfort \u0219i boal\u0103. Spray-ul nostru poate permite restabilirea echilibrului energetic al corpului fizic \u0219i al corpurilor subtile, oferind bun\u0103stare, calm \u0219i putere \u00een momentele de criz\u0103 emo\u021bional\u0103 \u0219i fizic\u0103.<\/span><\/strong><\/em><\/p>\n<p><strong><em>Utilizare:<\/em><\/strong><\/p>\n<p><em>Da\u021bi cu spray de unul p\u00e2n\u0103 la patru ori peste \u015fi \u00een jurul capului \u015fi al umerilor \u00eenainte de a merge \u00een soare sau \u00een aer foarte poluat. \u021aine\u021bi flaconul la o distanta de aproximativ 50 cm (18 inch) de corp \u00een timp ce ap\u0103sa\u021bi spray-ul foarte u\u0219or.<\/em><\/p>\n<p>&nbsp;<\/p>\n<p>&nbsp;<\/p>\n","protected":false},"excerpt":{"rendered":"<p>Combina\u021bia benefic\u0103 de pic\u0103turi de urgen\u021b\u0103 pentru uz intern este acum disponibil\u0103 \u0219i ca spray RQ7. \u00cen condi\u021bii de stres sau \u00een situa\u021bii de \u0219oc, pulverizeaz\u0103 de c\u00e2teva ori \u00een aura ta sau direct pe piele. Ar trebui s\u0103-l avem \u00eentotdeauna la noi atunci c\u00e2nd c\u0103l\u0103torim \u0219i \u00een ma\u0219in\u0103. At\u00e2t corpul fizic, c\u00e2t \u0219i cel &hellip; <a href=\"https:\/\/esentevibrationale.com\/?product=rq7-spray-spray-ul-rq7\" class=\"more-link\">Continu\u0103 lectura <span class=\"screen-reader-text\">RQ7 Spray \/ Spray-ul RQ7<\/span> <span class=\"meta-nav\">&rarr;<\/span><\/a><\/p>\n","protected":false},"featured_media":14552,"template":"","meta":[],"product_brand":[],"product_cat":[36],"product_tag":[],"class_list":{"0":"post-2767","1":"product","2":"type-product","3":"status-publish","4":"has-post-thumbnail","6":"product_cat-spray-uri","7":"pa_size-200-ml","8":"pa_size-50-ml","10":"first","11":"instock","12":"shipping-taxable","13":"purchasable","14":"product-type-variable","15":"has-default-attributes"},"_links":{"self":[{"href":"https:\/\/esentevibrationale.com\/index.php?rest_route=\/wp\/v2\/product\/2767","targetHints":{"allow":["GET"]}}],"collection":[{"href":"https:\/\/esentevibrationale.com\/index.php?rest_route=\/wp\/v2\/product"}],"about":[{"href":"https:\/\/esentevibrationale.com\/index.php?rest_route=\/wp\/v2\/types\/product"}],"wp:featuredmedia":[{"embeddable":true,"href":"https:\/\/esentevibrationale.com\/index.php?rest_route=\/wp\/v2\/media\/14552"}],"wp:attachment":[{"href":"https:\/\/esentevibrationale.com\/index.php?rest_route=%2Fwp%2Fv2%2Fmedia&parent=2767"}],"wp:term":[{"taxonomy":"product_brand","embeddable":true,"href":"https:\/\/esentevibrationale.com\/index.php?rest_route=%2Fwp%2Fv2%2Fproduct_brand&post=2767"},{"taxonomy":"product_cat","embeddable":true,"href":"https:\/\/esentevibrationale.com\/index.php?rest_route=%2Fwp%2Fv2%2Fproduct_cat&post=2767"},{"taxonomy":"product_tag","embeddable":true,"href":"https:\/\/esentevibrationale.com\/index.php?rest_route=%2Fwp%2Fv2%2Fproduct_tag&post=2767"}],"curies":[{"name":"wp","href":"https:\/\/api.w.org\/{rel}","templated":true}]}}