{"id":2775,"date":"2018-11-27T07:19:18","date_gmt":"2018-11-27T06:19:18","guid":{"rendered":"https:\/\/phiessences.com\/Romania\/?post_type=product&#038;p=2775"},"modified":"2025-12-30T13:39:42","modified_gmt":"2025-12-30T11:39:42","slug":"calming-down-spray-for-children-spray-de-calmare-pentru-copii","status":"publish","type":"product","link":"https:\/\/esentevibrationale.com\/?product=calming-down-spray-for-children-spray-de-calmare-pentru-copii","title":{"rendered":"Calming Down Spray for Children \/ Spray de Calmare pentru Copii"},"content":{"rendered":"<p><strong><em>Spray-ul calmant pentru lini\u0219tire, impulsivitate, probleme de aten\u021bie. Mixtura de esen\u021be ajut\u0103 copiii, adolescen\u021bii \u0219i adul\u021bii, care tind s\u0103 fie hiperactivi, au o concentrare slab\u0103 sau ac\u021bioneaz\u0103 impulsiv, s\u0103 \u00ee\u0219i \u00eembun\u0103t\u0103\u021beasc\u0103 rezultatele la \u00eenv\u0103\u021b\u0103tur\u0103. Poate fi folosit pentru copiii diagnostica\u021bi cu ADHD.<\/em><\/strong><\/p>\n<p><em><strong>G\u00e2ndire \u0219i Ac\u021biune<\/strong> <\/em><\/p>\n<p><em>Mixtura de esen\u021be ajut\u0103 \u00een cazul nelini\u0219tii puternice,\u00a0 tulbur\u0103rii cu deficit de aten\u021bie, distragere mental\u0103 necontrolat\u0103, dificultatea de a sta concentrat pe un singur lucru. Mixtura aduce calmitate min\u021bii, \u00eei ajut\u0103 s\u0103 fie aler\u021bi \u0219i clari \u0219i s\u0103 nu fie distra\u0219i c\u00e2nd se \u00eent\u00e2mpl\u0103 multe lucruri \u00een acela\u0219i timp . Informa\u021bia poate fi filtrat\u0103 \u0219i combinat\u0103. Amestecul de esen\u021be promoveaz\u0103 abilitatea de a planifica c\u0103ile de ac\u021biune \u0219i de a efectua priorit\u0103\u021bile stabilite \u0219i \u00eendeplinirea sarcinii p\u00e2n\u0103 la final. Impulsurile necontrolate care apar pot fi mai bine controlate \u0219i reg\u0103site. Memoria se va \u00eembun\u0103t\u0103\u021bii.<\/em><\/p>\n<p><strong><em>Impact emo\u021bional<\/em><\/strong><\/p>\n<p><em>Esen\u021ba ajut\u0103 la anxietatea de examen, ajut\u0103 la reducerea fricii de e\u0219ec \u0219i la eliberarea de g\u00e2nduri stresante pentru a se dedica la ceea ce trebuie f\u0103cut. Amestecul de esen\u021be sprijin\u0103 renun\u021barea la perfec\u021bionism \u0219i ajut\u0103 la reducerea solicit\u0103rilor excesive asupra ta. Se dizolv\u0103 sentimentele de lips\u0103 de speran\u021b\u0103 \u0219i de exces de \u00eencredere, care apar adesea din experien\u021bele de inferioritate \u0219i e\u0219ec. Mai mult\u0103 \u00eencredere \u00een sine duce la motiva\u021bie \u0219i vitalitate, ceea ce \u00eenseamn\u0103 c\u0103 po\u021bi ac\u021biona activ, orientat spre obiective \u0219i cu \u00eencredere \u00een tine.<\/em><\/p>\n<p><strong><em>Abilit\u0103\u021bi sociale<\/em><\/strong><\/p>\n<p><em>Mixtura de esen\u021be ajut\u0103 la \u00een\u021belegerea interac\u021biunii \u00eentre oameni, ace\u0219tia dezvolt\u0103 ce este mental potrivit \u0219i protector. Ajut\u0103 s\u0103 se dezvolte perspicacitatea c\u00e2nd delimitarea, capacitatea de adaptare \u0219i \u00eencrederea vizeaz\u0103 s\u0103 conduc\u0103. Dezvolt\u0103 \u00eencrederea de sine \u0219i \u00een mediu, astfel \u00eent\u0103re\u0219te puterea \u00een ei s\u0103 se g\u0103seasc\u0103 pe ei \u00een\u0219i\u0219i, s\u0103 depind\u0103 mai pu\u021bin de opiniile altora \u0219i s\u0103 fie ei. Abilit\u0103\u021bile sociale sunt ob\u021binute \u0219i \u00een\u021belese, regulile de conduit\u0103 pot fi \u00eenv\u0103\u021bate.<\/em><\/p>\n<p><em><span class=\"Y2IQFc\" lang=\"ro\"><strong>Aplicare:<\/strong> <\/span><\/em><\/p>\n<p><span class=\"Y2IQFc\" lang=\"ro\"><em>Pulveriza\u021bi peste cap \u0219i umeri de 2-3 ori pe zi. Spray-urile noastre nu con\u021bin aditivi chimici. Ingrediente: esen\u021be, alcool agro-organic si apa de izvor.<\/em> <\/span><\/p>\n<p><span class=\"Y2IQFc\" lang=\"ro\">Toate spray-urile sunt disponibile \u00een 50 ml sau 200 ml.<\/span><\/p>\n","protected":false},"excerpt":{"rendered":"<p>Spray-ul calmant pentru lini\u0219tire, impulsivitate, probleme de aten\u021bie. Mixtura de esen\u021be ajut\u0103 copiii, adolescen\u021bii \u0219i adul\u021bii, care tind s\u0103 fie hiperactivi, au o concentrare slab\u0103 sau ac\u021bioneaz\u0103 impulsiv, s\u0103 \u00ee\u0219i \u00eembun\u0103t\u0103\u021beasc\u0103 rezultatele la \u00eenv\u0103\u021b\u0103tur\u0103. Poate fi folosit pentru copiii diagnostica\u021bi cu ADHD. G\u00e2ndire \u0219i Ac\u021biune Mixtura de esen\u021be ajut\u0103 \u00een cazul nelini\u0219tii puternice,\u00a0 tulbur\u0103rii cu &hellip; <a href=\"https:\/\/esentevibrationale.com\/?product=calming-down-spray-for-children-spray-de-calmare-pentru-copii\" class=\"more-link\">Continu\u0103 lectura <span class=\"screen-reader-text\">Calming Down Spray for Children \/ Spray de Calmare pentru Copii<\/span> <span class=\"meta-nav\">&rarr;<\/span><\/a><\/p>\n","protected":false},"featured_media":14557,"template":"","meta":[],"product_brand":[],"product_cat":[37],"product_tag":[],"class_list":{"0":"post-2775","1":"product","2":"type-product","3":"status-publish","4":"has-post-thumbnail","6":"product_cat-spray-uri-pentru-copii","7":"pa_size-200-ml","8":"pa_size-50-ml","10":"first","11":"instock","12":"shipping-taxable","13":"purchasable","14":"product-type-variable","15":"has-default-attributes"},"_links":{"self":[{"href":"https:\/\/esentevibrationale.com\/index.php?rest_route=\/wp\/v2\/product\/2775","targetHints":{"allow":["GET"]}}],"collection":[{"href":"https:\/\/esentevibrationale.com\/index.php?rest_route=\/wp\/v2\/product"}],"about":[{"href":"https:\/\/esentevibrationale.com\/index.php?rest_route=\/wp\/v2\/types\/product"}],"wp:featuredmedia":[{"embeddable":true,"href":"https:\/\/esentevibrationale.com\/index.php?rest_route=\/wp\/v2\/media\/14557"}],"wp:attachment":[{"href":"https:\/\/esentevibrationale.com\/index.php?rest_route=%2Fwp%2Fv2%2Fmedia&parent=2775"}],"wp:term":[{"taxonomy":"product_brand","embeddable":true,"href":"https:\/\/esentevibrationale.com\/index.php?rest_route=%2Fwp%2Fv2%2Fproduct_brand&post=2775"},{"taxonomy":"product_cat","embeddable":true,"href":"https:\/\/esentevibrationale.com\/index.php?rest_route=%2Fwp%2Fv2%2Fproduct_cat&post=2775"},{"taxonomy":"product_tag","embeddable":true,"href":"https:\/\/esentevibrationale.com\/index.php?rest_route=%2Fwp%2Fv2%2Fproduct_tag&post=2775"}],"curies":[{"name":"wp","href":"https:\/\/api.w.org\/{rel}","templated":true}]}}