{"id":2779,"date":"2018-11-27T07:36:41","date_gmt":"2018-11-27T06:36:41","guid":{"rendered":"https:\/\/phiessences.com\/Romania\/?post_type=product&#038;p=2779"},"modified":"2025-12-30T13:40:13","modified_gmt":"2025-12-30T11:40:13","slug":"concentration-spray-spray-pentru-concentrare-si-%c8%8bnvatat","status":"publish","type":"product","link":"https:\/\/esentevibrationale.com\/?product=concentration-spray-spray-pentru-concentrare-si-%c8%8bnvatat","title":{"rendered":"Concentration Spray \/ Spray-ul pentru Concentrare \u015fi \u020anv\u0103\u0163at"},"content":{"rendered":"<p><em><strong>Spray-ul de baz\u0103 care ajut\u0103 la \u00eenv\u0103\u021bare. Mixtura ajut\u0103 copiii, adolescen\u021bii \u0219i adul\u021bii s\u0103 \u00ee\u0219i \u00eembun\u0103t\u0103\u021beasc\u0103 rezultatele la \u00eenv\u0103\u021b\u0103tur\u0103.<\/strong><\/em><\/p>\n<p><em><strong>G\u00e2ndire \u0219i Ac\u021biune<\/strong> <\/em><\/p>\n<p><em>Mixtura aduce calmitate min\u021bii, ne ajut\u0103 s\u0103 fim aler\u021bi \u0219i clari din punct de vedere mental, s\u0103 nu fim distra\u0219i inutil, dac\u0103 apar multe lucruri spre noi \u00een acela\u0219i timp. Informa\u021bia poate fi filtrat\u0103 \u0219i conectat\u0103 pe m\u0103sur\u0103 ce\u00a0 munca sau \u00eenv\u0103\u021barea\u00a0 eficient\u0103 sunt sus\u021binute \u0219i \u00eent\u0103re\u0219te memoria. Sunt promovate conectarea dintre corp \u0219i minte \u0219i echilibrarea emisferelor cerebrale.<\/em><\/p>\n<p><em><strong>Efectul Emo\u021bional<\/strong> <\/em><\/p>\n<p><em>Mixtura de esen\u021be ne ajut\u0103 \u00een cazul anxiet\u0103\u021bii fat\u0103 de examene, ne ajut\u0103 s\u0103 reducem frica de a e\u0219ua, s\u0103 ne eliber\u0103m de g\u00e2ndurile stresante \u0219i s\u0103 ne dedic\u0103m a ceea ce trebuie f\u0103cut. Ne ajut\u0103 s\u0103 ne dezvolt\u0103m un sentiment de baz\u0103 de \u00eencredere \u00een via\u021b\u0103 \u0219i \u00een noi \u00een\u0219ine \u0219i s\u0103 \u00eendr\u0103znim ceva.<\/em><\/p>\n<p><em><strong>Abilit\u0103\u021bi Sociale<\/strong> <\/em><\/p>\n<p><em>Interac\u021biunea dintre oameni devine clar\u0103, sentimentul de comunitate este stimulat. se \u00eent\u0103re\u0219te. \u00cen acela\u0219i timp, este \u00eencurajat\u0103 abilitatea de a fi cu tine \u00eensu\u021bi \u0219i s\u0103 nu te sim\u021bi responsabil pentru al\u021bii. Ambele abilit\u0103\u021bi trebuie dezvoltate pentru a putea lucra at\u00e2t singur c\u00e2t \u0219i \u00een echip\u0103.<\/em><\/p>\n<p><span class=\"Y2IQFc\" lang=\"ro\"><strong><em>Aplicare:<\/em> <\/strong><br \/>\n<em>Pulveriza\u021bi peste cap \u0219i umeri de 2-3 ori pe zi. Spray-urile noastre nu con\u021bin aditivi chimici. Ingrediente: esen\u021be, alcool agro-organic si apa de izvor. <\/em><\/span><\/p>\n<p><span class=\"Y2IQFc\" lang=\"ro\"><em>Toate spray-urile sunt disponibile \u00een 50 ml sau 200 ml<\/em>.<\/span><\/p>\n","protected":false},"excerpt":{"rendered":"<p>Spray-ul de baz\u0103 care ajut\u0103 la \u00eenv\u0103\u021bare. Mixtura ajut\u0103 copiii, adolescen\u021bii \u0219i adul\u021bii s\u0103 \u00ee\u0219i \u00eembun\u0103t\u0103\u021beasc\u0103 rezultatele la \u00eenv\u0103\u021b\u0103tur\u0103. G\u00e2ndire \u0219i Ac\u021biune Mixtura aduce calmitate min\u021bii, ne ajut\u0103 s\u0103 fim aler\u021bi \u0219i clari din punct de vedere mental, s\u0103 nu fim distra\u0219i inutil, dac\u0103 apar multe lucruri spre noi \u00een acela\u0219i timp. Informa\u021bia poate fi &hellip; <a href=\"https:\/\/esentevibrationale.com\/?product=concentration-spray-spray-pentru-concentrare-si-%c8%8bnvatat\" class=\"more-link\">Continu\u0103 lectura <span class=\"screen-reader-text\">Concentration Spray \/ Spray-ul pentru Concentrare \u015fi \u020anv\u0103\u0163at<\/span> <span class=\"meta-nav\">&rarr;<\/span><\/a><\/p>\n","protected":false},"featured_media":14558,"template":"","meta":[],"product_brand":[],"product_cat":[37],"product_tag":[],"class_list":{"0":"post-2779","1":"product","2":"type-product","3":"status-publish","4":"has-post-thumbnail","6":"product_cat-spray-uri-pentru-copii","7":"pa_size-200-ml","8":"pa_size-50-ml","10":"first","11":"instock","12":"shipping-taxable","13":"purchasable","14":"product-type-variable","15":"has-default-attributes"},"_links":{"self":[{"href":"https:\/\/esentevibrationale.com\/index.php?rest_route=\/wp\/v2\/product\/2779","targetHints":{"allow":["GET"]}}],"collection":[{"href":"https:\/\/esentevibrationale.com\/index.php?rest_route=\/wp\/v2\/product"}],"about":[{"href":"https:\/\/esentevibrationale.com\/index.php?rest_route=\/wp\/v2\/types\/product"}],"wp:featuredmedia":[{"embeddable":true,"href":"https:\/\/esentevibrationale.com\/index.php?rest_route=\/wp\/v2\/media\/14558"}],"wp:attachment":[{"href":"https:\/\/esentevibrationale.com\/index.php?rest_route=%2Fwp%2Fv2%2Fmedia&parent=2779"}],"wp:term":[{"taxonomy":"product_brand","embeddable":true,"href":"https:\/\/esentevibrationale.com\/index.php?rest_route=%2Fwp%2Fv2%2Fproduct_brand&post=2779"},{"taxonomy":"product_cat","embeddable":true,"href":"https:\/\/esentevibrationale.com\/index.php?rest_route=%2Fwp%2Fv2%2Fproduct_cat&post=2779"},{"taxonomy":"product_tag","embeddable":true,"href":"https:\/\/esentevibrationale.com\/index.php?rest_route=%2Fwp%2Fv2%2Fproduct_tag&post=2779"}],"curies":[{"name":"wp","href":"https:\/\/api.w.org\/{rel}","templated":true}]}}