{"id":2783,"date":"2018-11-27T09:16:33","date_gmt":"2018-11-27T08:16:33","guid":{"rendered":"https:\/\/phiessences.com\/Romania\/?post_type=product&#038;p=2783"},"modified":"2025-12-30T13:40:49","modified_gmt":"2025-12-30T11:40:49","slug":"dreamers-awareness-spray-spray-ul-pentru-vis","status":"publish","type":"product","link":"https:\/\/esentevibrationale.com\/?product=dreamers-awareness-spray-spray-ul-pentru-vis","title":{"rendered":"Dreamers Awareness Spray \/ Spray-ul de Con\u015ftientizare pentru Vis\u0103tori"},"content":{"rendered":"<p style=\"margin: 0cm; text-align: justify;\"><em><strong>Spray de \u00eemp\u0103m\u00e2ntare pentru copiii care viseaz\u0103 cu ochii deschi\u0219i sau se implic\u0103 cu greutate \u00een societate sau \u00een lume. A fost descoperit \u00een mod surprinz\u0103tor, \u00een producerea amestecului de esen\u021be din spray, faptul c\u0103 persoanele care din punct de vedere clinic au diverse afec\u021biuni ADS \u00a0(afec\u021biunea \u2013 deficit de aten\u021bie) \u0219i ASA (autism) au nevoie de acelea\u0219i Esen\u021be.<\/strong><\/em><\/p>\n<p>&nbsp;<\/p>\n<p style=\"margin-bottom: 0cm; text-align: justify;\"><i><strong>G\u00e2ndire \u0219i Ac\u021biune.<\/strong> <\/i><\/p>\n<p style=\"margin-top: 0cm; text-align: justify;\"><em>Mixtura de esen\u021be aduce pace \u00een g\u00e2ndire, ajut\u0103 s\u0103 fie aler\u021bi din punct de vedere mental, s\u0103 fie clari \u0219i s\u0103 nu mai fie neaten\u021bi, c\u00e2nd apar mai multe schimb\u0103ri simultan.<\/em><br \/>\n<em>Informa\u021bia poate fi filtrat\u0103 \u0219i combinat\u0103. Munca \u0219i \u00eenv\u0103\u021batul vor fi mai eficiente \u0219i \u00eendeplinite obiectivele, ajut\u0103 \u0219i \u00eent\u0103re\u0219te memoria. Conecteaz\u0103 mintea cu corpul \u0219i promoveaz\u0103 cooperarea dintre emisferele creierului, cea st\u00e2ng\u0103 \u0219i cea dreapt\u0103.<\/em><\/p>\n<p style=\"margin: 0cm; text-align: justify;\"><strong><i>Impactul Emo\u021bional<\/i><\/strong><\/p>\n<p style=\"margin: 0cm; text-align: justify;\"><em>Combina\u021bia de esen\u021be ajut\u0103 la risipirea fricii \u0219i ob\u021binerea clarit\u0103\u021bii mentale, s\u0103 le dezvolte \u00eencrederea \u00een ei \u0219i s\u0103 se protejeze singuri de invazia excesiv\u0103 de stimuli. Ajut\u0103 \u00een cazul sensibilit\u0103\u021bii excesive, reduce tenta\u021bia luminii imaginare, ajut\u0103 se scape de fantezii, stimuleaz\u0103 interesul pentru prezent \u0219i sus\u021bine conectarea cu realitatea. Mixtul de esen\u021be le ofer\u0103 putere, le dezvolt\u0103 viziunea \u0219i curajul de a implementa ideile noi. Acesta dezvolt\u0103 \u00eencrederea de baz\u0103 \u0219i sentimentul de stabilitate \u0219i c\u0103 sunt proteja\u021bi, \u00een acela\u0219i timp cresc sentimentele de siguran\u021b\u0103 \u0219i de stabilitate.<\/em><\/p>\n<p>&nbsp;<\/p>\n<p style=\"margin-bottom: 0cm; text-align: justify;\"><strong><i>Abilit\u0103\u021bi Sociale<\/i><\/strong><\/p>\n<p style=\"margin: 0cm; text-align: justify;\"><em>Copiii care au dificult\u0103\u021bi de a se implica \u00een lume, exist\u0103 deoarece ei nu \u00een\u021beleg interac\u021biunile sociale sau deoarece ei nu se focuseaz\u0103 pe lumea din jurul lor, ei au nevoie de ajutor s\u0103 ajung\u0103 pe p\u0103m\u00e2nt \u0219i astfel s\u0103 vrea \u0219i s\u0103 fie capabili s\u0103 se implice. Cre\u0219terea abilit\u0103\u021bii lor de a controla \u0219i de a se proteja pe ei \u00een\u0219i\u0219i de stimuli exteriori, le d\u0103 posibilitatea de a \u00een\u021belege \u0219i de a se deschide\u00a0 rela\u021biilor sociale. Combina\u021bia de esen\u021be ajut\u0103 la o \u00a0\u00een\u021belegere mai bun\u0103 a interac\u021biunii dintre oameni, dezvolt\u0103 ce li se potrive\u0219te \u0219i \u00eei protejeaz\u0103 mental. Sprijin\u0103 \u00eencrederea de sine \u0219i dezvolt\u0103 evaluarea mediului \u00eenconjur\u0103tor, c\u00e2nd delimitarea, capacitatea de adaptare \u0219i \u00eencrederea conduc spre un obiectiv.<\/em><\/p>\n<p>&nbsp;<\/p>\n<p><strong><em>Aplicare: <\/em><\/strong><\/p>\n<p><em>Pulveriza\u021bi peste cap \u0219i umeri de 2-3 ori pe zi. Spray-urile noastre nu con\u021bin aditivi chimici. Ingrediente: esen\u021be, alcool agro-organic si apa de izvor.<\/em><\/p>\n<p><em>\u00a0Toate spray-urile sunt disponibile \u00een 50 ml sau 200 ml.<\/em><\/p>\n<p class=\"Style1\"><span class=\"y2iqfc\">\u00a0<\/span><\/p>\n","protected":false},"excerpt":{"rendered":"<p>Spray de \u00eemp\u0103m\u00e2ntare pentru copiii care viseaz\u0103 cu ochii deschi\u0219i sau se implic\u0103 cu greutate \u00een societate sau \u00een lume. A fost descoperit \u00een mod surprinz\u0103tor, \u00een producerea amestecului de esen\u021be din spray, faptul c\u0103 persoanele care din punct de vedere clinic au diverse afec\u021biuni ADS \u00a0(afec\u021biunea \u2013 deficit de aten\u021bie) \u0219i ASA (autism) au &hellip; <a href=\"https:\/\/esentevibrationale.com\/?product=dreamers-awareness-spray-spray-ul-pentru-vis\" class=\"more-link\">Continu\u0103 lectura <span class=\"screen-reader-text\">Dreamers Awareness Spray \/ Spray-ul de Con\u015ftientizare pentru Vis\u0103tori<\/span> <span class=\"meta-nav\">&rarr;<\/span><\/a><\/p>\n","protected":false},"featured_media":14559,"template":"","meta":[],"product_brand":[],"product_cat":[37],"product_tag":[],"class_list":{"0":"post-2783","1":"product","2":"type-product","3":"status-publish","4":"has-post-thumbnail","6":"product_cat-spray-uri-pentru-copii","7":"pa_size-200-ml","8":"pa_size-50-ml","10":"first","11":"instock","12":"shipping-taxable","13":"purchasable","14":"product-type-variable","15":"has-default-attributes"},"_links":{"self":[{"href":"https:\/\/esentevibrationale.com\/index.php?rest_route=\/wp\/v2\/product\/2783","targetHints":{"allow":["GET"]}}],"collection":[{"href":"https:\/\/esentevibrationale.com\/index.php?rest_route=\/wp\/v2\/product"}],"about":[{"href":"https:\/\/esentevibrationale.com\/index.php?rest_route=\/wp\/v2\/types\/product"}],"wp:featuredmedia":[{"embeddable":true,"href":"https:\/\/esentevibrationale.com\/index.php?rest_route=\/wp\/v2\/media\/14559"}],"wp:attachment":[{"href":"https:\/\/esentevibrationale.com\/index.php?rest_route=%2Fwp%2Fv2%2Fmedia&parent=2783"}],"wp:term":[{"taxonomy":"product_brand","embeddable":true,"href":"https:\/\/esentevibrationale.com\/index.php?rest_route=%2Fwp%2Fv2%2Fproduct_brand&post=2783"},{"taxonomy":"product_cat","embeddable":true,"href":"https:\/\/esentevibrationale.com\/index.php?rest_route=%2Fwp%2Fv2%2Fproduct_cat&post=2783"},{"taxonomy":"product_tag","embeddable":true,"href":"https:\/\/esentevibrationale.com\/index.php?rest_route=%2Fwp%2Fv2%2Fproduct_tag&post=2783"}],"curies":[{"name":"wp","href":"https:\/\/api.w.org\/{rel}","templated":true}]}}