{"id":2787,"date":"2018-11-27T09:48:58","date_gmt":"2018-11-27T08:48:58","guid":{"rendered":"https:\/\/phiessences.com\/Romania\/?post_type=product&#038;p=2787"},"modified":"2025-12-30T19:24:04","modified_gmt":"2025-12-30T17:24:04","slug":"ad-1-arnica","status":"publish","type":"product","link":"https:\/\/esentevibrationale.com\/?product=ad-1-arnica","title":{"rendered":"1. AD &#8211; 1- Arnika \/ Arnic\u0103"},"content":{"rendered":"<p><strong>(Arnica montana)<\/strong><\/p>\n<p>Este prezent\u0103 peste tot \u00een esen\u0163ele florale terapeutice. Reconecteaz\u0103 corpul cu \u00a0sinele superior dup\u0103 un \u015foc, o anestezie, o traum\u0103. Folositoare \u00een cazul dependen\u0163elor de medicamente\/droguri.<\/p>\n","protected":false},"excerpt":{"rendered":"<p>(Arnica montana) Este prezent\u0103 peste tot \u00een esen\u0163ele florale terapeutice. Reconecteaz\u0103 corpul cu \u00a0sinele superior dup\u0103 un \u015foc, o anestezie, o traum\u0103. Folositoare \u00een cazul dependen\u0163elor de medicamente\/droguri.<\/p>\n","protected":false},"featured_media":2790,"template":"","meta":[],"product_brand":[],"product_cat":[56],"product_tag":[],"class_list":{"0":"post-2787","1":"product","2":"type-product","3":"status-publish","4":"has-post-thumbnail","6":"product_cat-esente-de-renuntare-la-fumat","7":"pa_size-15ml","8":"pa_size-30ml","10":"first","11":"instock","12":"shipping-taxable","13":"purchasable","14":"product-type-variable","15":"has-default-attributes"},"_links":{"self":[{"href":"https:\/\/esentevibrationale.com\/index.php?rest_route=\/wp\/v2\/product\/2787","targetHints":{"allow":["GET"]}}],"collection":[{"href":"https:\/\/esentevibrationale.com\/index.php?rest_route=\/wp\/v2\/product"}],"about":[{"href":"https:\/\/esentevibrationale.com\/index.php?rest_route=\/wp\/v2\/types\/product"}],"wp:featuredmedia":[{"embeddable":true,"href":"https:\/\/esentevibrationale.com\/index.php?rest_route=\/wp\/v2\/media\/2790"}],"wp:attachment":[{"href":"https:\/\/esentevibrationale.com\/index.php?rest_route=%2Fwp%2Fv2%2Fmedia&parent=2787"}],"wp:term":[{"taxonomy":"product_brand","embeddable":true,"href":"https:\/\/esentevibrationale.com\/index.php?rest_route=%2Fwp%2Fv2%2Fproduct_brand&post=2787"},{"taxonomy":"product_cat","embeddable":true,"href":"https:\/\/esentevibrationale.com\/index.php?rest_route=%2Fwp%2Fv2%2Fproduct_cat&post=2787"},{"taxonomy":"product_tag","embeddable":true,"href":"https:\/\/esentevibrationale.com\/index.php?rest_route=%2Fwp%2Fv2%2Fproduct_tag&post=2787"}],"curies":[{"name":"wp","href":"https:\/\/api.w.org\/{rel}","templated":true}]}}