{"id":2807,"date":"2018-11-27T10:38:18","date_gmt":"2018-11-27T09:38:18","guid":{"rendered":"https:\/\/phiessences.com\/Romania\/?post_type=product&#038;p=2807"},"modified":"2025-12-30T19:30:03","modified_gmt":"2025-12-30T17:30:03","slug":"ad-6-s","status":"publish","type":"product","link":"https:\/\/esentevibrationale.com\/?product=ad-6-s","title":{"rendered":"6. AD &#8211; 6 S"},"content":{"rendered":"<p>Esen\u0163a are efect de cur\u0103\u0163are \u015fi este potrivit\u0103 \u00een cazul terapiei\u00a0 prin durere.<\/p>\n","protected":false},"excerpt":{"rendered":"<p>Esen\u0163a are efect de cur\u0103\u0163are \u015fi este potrivit\u0103 \u00een cazul terapiei\u00a0 prin durere.<\/p>\n","protected":false},"featured_media":2808,"template":"","meta":[],"product_brand":[],"product_cat":[56],"product_tag":[],"class_list":{"0":"post-2807","1":"product","2":"type-product","3":"status-publish","4":"has-post-thumbnail","6":"product_cat-esente-de-renuntare-la-fumat","7":"pa_size-15ml","8":"pa_size-30ml","10":"first","11":"instock","12":"shipping-taxable","13":"purchasable","14":"product-type-variable","15":"has-default-attributes"},"_links":{"self":[{"href":"https:\/\/esentevibrationale.com\/index.php?rest_route=\/wp\/v2\/product\/2807","targetHints":{"allow":["GET"]}}],"collection":[{"href":"https:\/\/esentevibrationale.com\/index.php?rest_route=\/wp\/v2\/product"}],"about":[{"href":"https:\/\/esentevibrationale.com\/index.php?rest_route=\/wp\/v2\/types\/product"}],"wp:featuredmedia":[{"embeddable":true,"href":"https:\/\/esentevibrationale.com\/index.php?rest_route=\/wp\/v2\/media\/2808"}],"wp:attachment":[{"href":"https:\/\/esentevibrationale.com\/index.php?rest_route=%2Fwp%2Fv2%2Fmedia&parent=2807"}],"wp:term":[{"taxonomy":"product_brand","embeddable":true,"href":"https:\/\/esentevibrationale.com\/index.php?rest_route=%2Fwp%2Fv2%2Fproduct_brand&post=2807"},{"taxonomy":"product_cat","embeddable":true,"href":"https:\/\/esentevibrationale.com\/index.php?rest_route=%2Fwp%2Fv2%2Fproduct_cat&post=2807"},{"taxonomy":"product_tag","embeddable":true,"href":"https:\/\/esentevibrationale.com\/index.php?rest_route=%2Fwp%2Fv2%2Fproduct_tag&post=2807"}],"curies":[{"name":"wp","href":"https:\/\/api.w.org\/{rel}","templated":true}]}}