{"id":281,"date":"2018-10-12T13:46:56","date_gmt":"2018-10-12T12:46:56","guid":{"rendered":"http:\/\/phiessences.com\/Romania\/?p=281"},"modified":"2025-12-30T12:57:06","modified_gmt":"2025-12-30T10:57:06","slug":"beanie","status":"publish","type":"product","link":"https:\/\/esentevibrationale.com\/?product=beanie","title":{"rendered":"Amazonite \/ Amazonit"},"content":{"rendered":"<p><em>Amazonitul este un silicat de potasiu \u0219i aluminiu, care apar\u021bine grupului de minerale feldspat. Este opac \u0219i poate avea culoarea albastru verzuliu sau verde. Numele s\u0103u \u00eenseamn\u0103 &#8222;din Amazonia&#8221;. \u00cen r\u00e2ndul B\u0103\u0219tina\u0219ilor a fost considerat sacru \u0219i t\u0103m\u0103duitor. \u00cen Doctrina Chakrelor corespunde Chakrei Inimii (Chakra a-4-a), merge de la cel de Al Treilea Ochi (Chakra a-6-a) \u0219i p\u00e2n\u0103 la Chakra Coroan\u0103 (Chakra a-7-a). Referitor la aur\u0103 amazonitul, \u00een special, este asociat cu corpul mental \u0219i cu cel eteric.<\/em><\/p>\n<p><strong><em>Efectul Esen\u021bei: <\/em><\/strong>La fel ca \u0219i mineralul Amazonit, esen\u021ba sa favorizeaz\u0103 uniunea cu minerale \u0219i plante. Esen\u021ba are un efect de echilibrare \u0219i de lini\u0219tire.<\/p>\n<p><strong><em>Efectul Esen\u021bei la Nivel Fizic: <\/em><\/strong>Amazonitul poate fi administrat ca un sprijin energetic, atunci c\u00e2nd persoana se simte \u00eencordat\u0103, persecutat\u0103 \u0219i nelini\u0219tit\u0103, etc. La nivel energetic, aceast\u0103 esen\u021ba ajut\u0103 compens\u00e2nd lipsa de armonie \u0219i echilibru.<\/p>\n<p><strong><em>Efectul Esen\u021bei la Nivel Emo\u021bional: <\/em><\/strong>Esen\u021ba Amazonitului ne calmeaz\u0103, ne ajut\u0103 s\u0103 de- p\u0103\u0219im triste\u021bea \u0219i compenseaz\u0103 schimb\u0103rile de stare. Stimuleaz\u0103 \u00eencrederea \u00een via\u021b\u0103, aduce vitalitate \u0219i bucurie de via\u021b\u0103, totodat\u0103, \u00eembun\u0103t\u0103\u021be\u0219te somnul.<\/p>\n<p><strong><em>Efectul Esen\u021bei la Nivel Mental: <\/em><\/strong>Unele din efectele principale ale acestei esen\u021be asupra min\u021bii sunt apari\u021bia unui num\u0103rul mare de idei \u0219i aprecierea diferitelor aspecte ale personalit\u0103\u021bii noastre.<\/p>\n<p><strong><em>Efectul Esen\u021bei la Nivel Spiritual: <\/em><\/strong>Esen\u021ba Amazonitului ne sprijin\u0103 s\u0103 ne vedem pe noi \u00een\u0219ine \u0219i mediul nostru cu o mare intensitate precum \u0219i s\u0103 dezvolte o \u00een\u021belegere a naturii mai profund\u0103. Are o energie de echilibrare \u0219i de calmare Ne deschide c\u0103tre o percep\u021bie senzitiv\u0103. Favorizeaz\u0103 contactul \u0219i comuni- carea at\u00e2t cu mineralele, c\u00e2t \u0219i cu plantele.<\/p>\n<p><em><strong>Esen\u021ba de Orhidee corespondent\u0103<\/strong><\/em><\/p>\n<p>Orhideea Deva.<\/p>\n<p><strong><em>Afirma\u021bia: <\/em><\/strong>Sunt absorbit\/aborbit\u0103 de fluxul vie\u021bii.<\/p>\n<p>&nbsp;<\/p>\n","protected":false},"excerpt":{"rendered":"<p>Amazonitul este un silicat de potasiu \u0219i aluminiu, care apar\u021bine grupului de minerale feldspat. Este opac \u0219i poate avea culoarea albastru verzuliu sau verde. Numele s\u0103u \u00eenseamn\u0103 &#8222;din Amazonia&#8221;. \u00cen r\u00e2ndul B\u0103\u0219tina\u0219ilor a fost considerat sacru \u0219i t\u0103m\u0103duitor. \u00cen Doctrina Chakrelor corespunde Chakrei Inimii (Chakra a-4-a), merge de la cel de Al Treilea Ochi (Chakra &hellip; <a href=\"https:\/\/esentevibrationale.com\/?product=beanie\" class=\"more-link\">Continu\u0103 lectura <span class=\"screen-reader-text\">Amazonite \/ Amazonit<\/span> <span class=\"meta-nav\">&rarr;<\/span><\/a><\/p>\n","protected":false},"featured_media":335,"template":"","meta":[],"product_brand":[],"product_cat":[18],"product_tag":[],"class_list":{"0":"post-281","1":"product","2":"type-product","3":"status-publish","4":"has-post-thumbnail","6":"product_cat-esente-de-geme","7":"pa_size-15ml","8":"pa_size-30-ml","10":"first","11":"instock","12":"shipping-taxable","13":"purchasable","14":"product-type-variable","15":"has-default-attributes"},"_links":{"self":[{"href":"https:\/\/esentevibrationale.com\/index.php?rest_route=\/wp\/v2\/product\/281","targetHints":{"allow":["GET"]}}],"collection":[{"href":"https:\/\/esentevibrationale.com\/index.php?rest_route=\/wp\/v2\/product"}],"about":[{"href":"https:\/\/esentevibrationale.com\/index.php?rest_route=\/wp\/v2\/types\/product"}],"wp:featuredmedia":[{"embeddable":true,"href":"https:\/\/esentevibrationale.com\/index.php?rest_route=\/wp\/v2\/media\/335"}],"wp:attachment":[{"href":"https:\/\/esentevibrationale.com\/index.php?rest_route=%2Fwp%2Fv2%2Fmedia&parent=281"}],"wp:term":[{"taxonomy":"product_brand","embeddable":true,"href":"https:\/\/esentevibrationale.com\/index.php?rest_route=%2Fwp%2Fv2%2Fproduct_brand&post=281"},{"taxonomy":"product_cat","embeddable":true,"href":"https:\/\/esentevibrationale.com\/index.php?rest_route=%2Fwp%2Fv2%2Fproduct_cat&post=281"},{"taxonomy":"product_tag","embeddable":true,"href":"https:\/\/esentevibrationale.com\/index.php?rest_route=%2Fwp%2Fv2%2Fproduct_tag&post=281"}],"curies":[{"name":"wp","href":"https:\/\/api.w.org\/{rel}","templated":true}]}}