{"id":2811,"date":"2018-11-27T10:51:07","date_gmt":"2018-11-27T09:51:07","guid":{"rendered":"https:\/\/phiessences.com\/Romania\/?post_type=product&#038;p=2811"},"modified":"2025-12-30T19:30:49","modified_gmt":"2025-12-30T17:30:49","slug":"ad-7-t","status":"publish","type":"product","link":"https:\/\/esentevibrationale.com\/?product=ad-7-t","title":{"rendered":"7. AD &#8211;  7 T"},"content":{"rendered":"<p>Esen\u0163a are efect de cur\u0103\u0163are \u015fi ne ajut\u0103 s\u0103 ne oprim din a mai fuma tutun.<\/p>\n","protected":false},"excerpt":{"rendered":"<p>Esen\u0163a are efect de cur\u0103\u0163are \u015fi ne ajut\u0103 s\u0103 ne oprim din a mai fuma tutun.<\/p>\n","protected":false},"featured_media":2812,"template":"","meta":[],"product_brand":[],"product_cat":[56],"product_tag":[],"class_list":{"0":"post-2811","1":"product","2":"type-product","3":"status-publish","4":"has-post-thumbnail","6":"product_cat-esente-de-renuntare-la-fumat","7":"pa_size-15ml","8":"pa_size-30ml","10":"first","11":"instock","12":"shipping-taxable","13":"purchasable","14":"product-type-variable","15":"has-default-attributes"},"_links":{"self":[{"href":"https:\/\/esentevibrationale.com\/index.php?rest_route=\/wp\/v2\/product\/2811","targetHints":{"allow":["GET"]}}],"collection":[{"href":"https:\/\/esentevibrationale.com\/index.php?rest_route=\/wp\/v2\/product"}],"about":[{"href":"https:\/\/esentevibrationale.com\/index.php?rest_route=\/wp\/v2\/types\/product"}],"wp:featuredmedia":[{"embeddable":true,"href":"https:\/\/esentevibrationale.com\/index.php?rest_route=\/wp\/v2\/media\/2812"}],"wp:attachment":[{"href":"https:\/\/esentevibrationale.com\/index.php?rest_route=%2Fwp%2Fv2%2Fmedia&parent=2811"}],"wp:term":[{"taxonomy":"product_brand","embeddable":true,"href":"https:\/\/esentevibrationale.com\/index.php?rest_route=%2Fwp%2Fv2%2Fproduct_brand&post=2811"},{"taxonomy":"product_cat","embeddable":true,"href":"https:\/\/esentevibrationale.com\/index.php?rest_route=%2Fwp%2Fv2%2Fproduct_cat&post=2811"},{"taxonomy":"product_tag","embeddable":true,"href":"https:\/\/esentevibrationale.com\/index.php?rest_route=%2Fwp%2Fv2%2Fproduct_tag&post=2811"}],"curies":[{"name":"wp","href":"https:\/\/api.w.org\/{rel}","templated":true}]}}