{"id":2815,"date":"2018-11-27T11:02:51","date_gmt":"2018-11-27T10:02:51","guid":{"rendered":"https:\/\/phiessences.com\/Romania\/?post_type=product&#038;p=2815"},"modified":"2025-12-30T19:31:33","modified_gmt":"2025-12-30T17:31:33","slug":"ad-8-f","status":"publish","type":"product","link":"https:\/\/esentevibrationale.com\/?product=ad-8-f","title":{"rendered":"8. AD &#8211; 8 F"},"content":{"rendered":"<p><strong>(Amanita muscaria)<\/strong><\/p>\n<p>Ajut\u0103 la cur\u0103\u021barea energetic\u0103 at\u00e2t a corpului nostru fizic, c\u00e2t \u0219i a corpurile noastre subtile de reziduurile substan\u021belor psihotrope \u0219i alte substan\u021be similare.<\/p>\n","protected":false},"excerpt":{"rendered":"<p>(Amanita muscaria) Ajut\u0103 la cur\u0103\u021barea energetic\u0103 at\u00e2t a corpului nostru fizic, c\u00e2t \u0219i a corpurile noastre subtile de reziduurile substan\u021belor psihotrope \u0219i alte substan\u021be similare.<\/p>\n","protected":false},"featured_media":2816,"template":"","meta":[],"product_brand":[],"product_cat":[56],"product_tag":[],"class_list":{"0":"post-2815","1":"product","2":"type-product","3":"status-publish","4":"has-post-thumbnail","6":"product_cat-esente-de-renuntare-la-fumat","7":"pa_size-15ml","8":"pa_size-30ml","10":"first","11":"instock","12":"shipping-taxable","13":"purchasable","14":"product-type-variable","15":"has-default-attributes"},"_links":{"self":[{"href":"https:\/\/esentevibrationale.com\/index.php?rest_route=\/wp\/v2\/product\/2815","targetHints":{"allow":["GET"]}}],"collection":[{"href":"https:\/\/esentevibrationale.com\/index.php?rest_route=\/wp\/v2\/product"}],"about":[{"href":"https:\/\/esentevibrationale.com\/index.php?rest_route=\/wp\/v2\/types\/product"}],"wp:featuredmedia":[{"embeddable":true,"href":"https:\/\/esentevibrationale.com\/index.php?rest_route=\/wp\/v2\/media\/2816"}],"wp:attachment":[{"href":"https:\/\/esentevibrationale.com\/index.php?rest_route=%2Fwp%2Fv2%2Fmedia&parent=2815"}],"wp:term":[{"taxonomy":"product_brand","embeddable":true,"href":"https:\/\/esentevibrationale.com\/index.php?rest_route=%2Fwp%2Fv2%2Fproduct_brand&post=2815"},{"taxonomy":"product_cat","embeddable":true,"href":"https:\/\/esentevibrationale.com\/index.php?rest_route=%2Fwp%2Fv2%2Fproduct_cat&post=2815"},{"taxonomy":"product_tag","embeddable":true,"href":"https:\/\/esentevibrationale.com\/index.php?rest_route=%2Fwp%2Fv2%2Fproduct_tag&post=2815"}],"curies":[{"name":"wp","href":"https:\/\/api.w.org\/{rel}","templated":true}]}}