{"id":2819,"date":"2018-11-27T11:09:42","date_gmt":"2018-11-27T10:09:42","guid":{"rendered":"https:\/\/phiessences.com\/Romania\/?post_type=product&#038;p=2819"},"modified":"2025-12-30T19:48:01","modified_gmt":"2025-12-30T17:48:01","slug":"ad-9-d","status":"publish","type":"product","link":"https:\/\/esentevibrationale.com\/?product=ad-9-d","title":{"rendered":"9. AD &#8211; 9 D"},"content":{"rendered":"<p>Esen\u0163a cura\u0163\u0103 informa\u0163iile.<\/p>\n","protected":false},"excerpt":{"rendered":"<p>Esen\u0163a cura\u0163\u0103 informa\u0163iile.<\/p>\n","protected":false},"featured_media":2820,"template":"","meta":[],"product_brand":[],"product_cat":[56],"product_tag":[],"class_list":{"0":"post-2819","1":"product","2":"type-product","3":"status-publish","4":"has-post-thumbnail","6":"product_cat-esente-de-renuntare-la-fumat","7":"pa_size-15ml","8":"pa_size-30ml","10":"first","11":"instock","12":"shipping-taxable","13":"purchasable","14":"product-type-variable","15":"has-default-attributes"},"_links":{"self":[{"href":"https:\/\/esentevibrationale.com\/index.php?rest_route=\/wp\/v2\/product\/2819","targetHints":{"allow":["GET"]}}],"collection":[{"href":"https:\/\/esentevibrationale.com\/index.php?rest_route=\/wp\/v2\/product"}],"about":[{"href":"https:\/\/esentevibrationale.com\/index.php?rest_route=\/wp\/v2\/types\/product"}],"wp:featuredmedia":[{"embeddable":true,"href":"https:\/\/esentevibrationale.com\/index.php?rest_route=\/wp\/v2\/media\/2820"}],"wp:attachment":[{"href":"https:\/\/esentevibrationale.com\/index.php?rest_route=%2Fwp%2Fv2%2Fmedia&parent=2819"}],"wp:term":[{"taxonomy":"product_brand","embeddable":true,"href":"https:\/\/esentevibrationale.com\/index.php?rest_route=%2Fwp%2Fv2%2Fproduct_brand&post=2819"},{"taxonomy":"product_cat","embeddable":true,"href":"https:\/\/esentevibrationale.com\/index.php?rest_route=%2Fwp%2Fv2%2Fproduct_cat&post=2819"},{"taxonomy":"product_tag","embeddable":true,"href":"https:\/\/esentevibrationale.com\/index.php?rest_route=%2Fwp%2Fv2%2Fproduct_tag&post=2819"}],"curies":[{"name":"wp","href":"https:\/\/api.w.org\/{rel}","templated":true}]}}