{"id":283,"date":"2018-10-12T13:46:56","date_gmt":"2018-10-12T12:46:56","guid":{"rendered":"http:\/\/phiessences.com\/Romania\/?p=283"},"modified":"2025-12-30T16:16:28","modified_gmt":"2025-12-30T14:16:28","slug":"cap","status":"publish","type":"product","link":"https:\/\/esentevibrationale.com\/?product=cap","title":{"rendered":"Rock Crystal \/ Cristal de St\u00e2nc\u0103"},"content":{"rendered":"<p><em>Cristalul de Roc\u0103 este un dioxid de siliciu, clar, transparent \u0219i incolor. Denumirea sa original\u0103 krystallos, provine din greac\u0103 \u0219i \u00eenseamn\u0103 &#8222;ghea\u021b\u0103&#8221;, deoarece s-a crezut c\u0103 acest mineral a fost ini\u021bial ghea\u021b\u0103 pietrificat\u0103. \u00cen general, Cristalul de Roc\u0103 apare \u00een grupuri \u00een interiorul pe\u0219terilor \u00een form\u0103 piramidal\u0103. Pentru romani a fost gema inteligen\u021bei, curajului, \u00eencrederii \u0219i a iubirii. \u00cen Doctrina Chakrelor, Cristalul de Roc\u0103 este cunoscut ca un mineral care clarific\u0103 toate Chakrele a c\u0103ror scopuri principale sunt corpurile eteric \u0219i emo\u021bional ale aurei.<\/em><\/p>\n<p><strong><em>Efectul Esen\u021bei: <\/em><\/strong>Esen\u021ba Cristalului de Roc\u0103 are un efect de purificare \u0219i de detoxificare at\u00e2t a corpului c\u00e2t \u0219i a spiritului. De asemenea, \u00eent\u0103re\u0219te scutul de protec\u021bie al aurei.<\/p>\n<p><strong><em>Efectul Esen\u021bei la Nivel Fizic: <\/em><\/strong>Aceast\u0103 esen\u021b\u0103 stimuleaz\u0103 func\u021biile de detoxificare, \u0219i purificare a corpului nostru la nivel energetic. Are un efect de armonizare asupra pielii, p\u0103rului \u0219i oaselor precum \u0219i asupra tuturor Chakrelor.<\/p>\n<p><strong><em>Efectul Esen\u021bei la Nivel Emo\u021bional: <\/em><\/strong>Esen\u021ba transmite energie pozitiva holistic\u0103, care ajut\u0103 la eliberarea blocajelor psihice, av\u00e2nd o mare repercusiune asupra &#8222;detoxific\u0103rii&#8221; psihologice. Clarific\u0103 \u0219i aranjeaz\u0103 energiile primite, care pot fi de asemenea, emo\u021bii. \u00cent\u0103re\u0219te sim\u021bul drept\u0103\u021bii, pentru ca emo\u021biile s\u0103 fie supuse \u00eent\u00e2i unui &#8222;filtru&#8221; \u0219i se poate ac\u021biona cu mai mult\u0103 claritate.<\/p>\n<p><strong><em>Efectul Esen\u021bei la Nivel Mental: <\/em><\/strong>Efectul de purificare al acestei esen\u021be se poate remarca \u00een zona mental\u0103. Vom deveni mai receptivi la claritatea cuprinz\u0103toare \u0219i astfel vom avea cuno\u0219tin\u021be aprofundate.<\/p>\n<p><strong><em>Efectul Esen\u021bei la Nivel Spiritual: <\/em><\/strong>Vibra\u021bia luminoas\u0103 a esen\u021bei ne \u00eent\u0103re\u0219te \u0219i ne protejeaz\u0103 propriul c\u00e2mp energetic (aura) al corpului. Este \u00eenlesnit accesul la intui\u021bie \u0219i la Sinele Superior \u0219i uniunea cu toat\u0103 fiin\u021ba poate fi mult mai real\u0103 \u0219i perceptibil\u0103. \u00cen acela\u0219i timp, devenim capabili s\u0103 ne recunoa\u0219tem propria noastr\u0103 fragilitate, de\u0219i (datorit\u0103 \u00eent\u0103ririi protec\u021biei aurei) ne vom sim\u021bi \u00een siguran\u021b\u0103 \u0219i proteja\u021bi.<\/p>\n<p><strong>Esen\u021ba de Orhidee Corespondent\u0103:<\/strong><\/p>\n<p>Orhideea Sinelui Superior<\/p>\n<p><strong><em>Afirma\u021bia: <\/em><\/strong>Vibra\u021bia luminoas\u0103 m\u0103 purific\u0103 \u0219i ilumineaz\u0103. Sunt ghidat\/\u0103 de Sinele meu Superior.<\/p>\n","protected":false},"excerpt":{"rendered":"<p>Cristalul de Roc\u0103 este un dioxid de siliciu, clar, transparent \u0219i incolor. Denumirea sa original\u0103 krystallos, provine din greac\u0103 \u0219i \u00eenseamn\u0103 &#8222;ghea\u021b\u0103&#8221;, deoarece s-a crezut c\u0103 acest mineral a fost ini\u021bial ghea\u021b\u0103 pietrificat\u0103. \u00cen general, Cristalul de Roc\u0103 apare \u00een grupuri \u00een interiorul pe\u0219terilor \u00een form\u0103 piramidal\u0103. Pentru romani a fost gema inteligen\u021bei, curajului, \u00eencrederii &hellip; <a href=\"https:\/\/esentevibrationale.com\/?product=cap\" class=\"more-link\">Continu\u0103 lectura <span class=\"screen-reader-text\">Rock Crystal \/ Cristal de St\u00e2nc\u0103<\/span> <span class=\"meta-nav\">&rarr;<\/span><\/a><\/p>\n","protected":false},"featured_media":346,"template":"","meta":[],"product_brand":[],"product_cat":[18],"product_tag":[],"class_list":{"0":"post-283","1":"product","2":"type-product","3":"status-publish","4":"has-post-thumbnail","6":"product_cat-esente-de-geme","7":"pa_size-15ml","8":"pa_size-30ml","10":"first","11":"instock","12":"shipping-taxable","13":"purchasable","14":"product-type-variable","15":"has-default-attributes"},"_links":{"self":[{"href":"https:\/\/esentevibrationale.com\/index.php?rest_route=\/wp\/v2\/product\/283","targetHints":{"allow":["GET"]}}],"collection":[{"href":"https:\/\/esentevibrationale.com\/index.php?rest_route=\/wp\/v2\/product"}],"about":[{"href":"https:\/\/esentevibrationale.com\/index.php?rest_route=\/wp\/v2\/types\/product"}],"wp:featuredmedia":[{"embeddable":true,"href":"https:\/\/esentevibrationale.com\/index.php?rest_route=\/wp\/v2\/media\/346"}],"wp:attachment":[{"href":"https:\/\/esentevibrationale.com\/index.php?rest_route=%2Fwp%2Fv2%2Fmedia&parent=283"}],"wp:term":[{"taxonomy":"product_brand","embeddable":true,"href":"https:\/\/esentevibrationale.com\/index.php?rest_route=%2Fwp%2Fv2%2Fproduct_brand&post=283"},{"taxonomy":"product_cat","embeddable":true,"href":"https:\/\/esentevibrationale.com\/index.php?rest_route=%2Fwp%2Fv2%2Fproduct_cat&post=283"},{"taxonomy":"product_tag","embeddable":true,"href":"https:\/\/esentevibrationale.com\/index.php?rest_route=%2Fwp%2Fv2%2Fproduct_tag&post=283"}],"curies":[{"name":"wp","href":"https:\/\/api.w.org\/{rel}","templated":true}]}}