{"id":2832,"date":"2018-11-27T13:00:37","date_gmt":"2018-11-27T12:00:37","guid":{"rendered":"https:\/\/phiessences.com\/Romania\/?post_type=product&#038;p=2832"},"modified":"2024-12-20T18:51:00","modified_gmt":"2024-12-20T16:51:00","slug":"orobanche-verigel","status":"publish","type":"product","link":"https:\/\/esentevibrationale.com\/?product=orobanche-verigel","title":{"rendered":"Orobanche \/ Verigel"},"content":{"rendered":"<p>Aceast\u0103 plant\u0103 parazit ne ajut\u0103 s\u0103 \u00een\u0163elegem rela\u0163ia \u00eentre emo\u0163iile noastre \u015fi obiceiurile noastre de a m\u00e2nca. Persoanele, care probabil din copil\u0103rie au sim\u0163it lipsa de afec\u0163iune, iubirii \u015fi a m\u00e2ngierilor, adesea compenseaz\u0103 aceast\u0103 lips\u0103 cu m\u00e2ncare dulce \u015fi dulciuri, cum ar fi ciocolata \u015fi \u00een acest fel se recompsensez\u0103 \u015fi \u201cse alin\u0103 intern\u201d pe ei \u00een\u015fi\u015fi. Esen\u0163a poate ajuta persoanele s\u0103 \u00ee\u015fi recontruiasc\u0103 \u015fi s\u0103 \u00ee\u015fi \u00eent\u0103reasc\u0103 stima de sine. Poate ajuta persoanele cu diabet s\u0103 \u00een\u0163eleag\u0103 mai bine baza psihic\u0103 acestei afec\u0163iuni \u015fi astfel s\u0103 abordeze \u00een mod con\u015ftient m\u00e2ncare mai s\u0103n\u0103toas\u0103. Esen\u0163a creaz\u0103 o conexiune puternic\u0103 cu p\u0103m\u00e2ntul, \u00eent\u0103re\u015fte prima Chakr\u0103 , baza energetic\u0103, for\u0163a de via\u0163\u0103 \u015fi sus\u0163ine perseveren\u0163a \u015fi \u00eencrederea \u00een sine. La nivel emo\u0163ional ajut\u0103 la echilibrarea persoanelor dup\u0103 leziuni sau ajut\u0103 persoanele care au experiementat prea pu\u0163in\u0103 iubire sau afec\u0163iune. Aceast\u0103 esen\u0163\u0103 contureaz\u0103 emo\u0163ional aspectul diabetului. Sprijin\u0103 indivizii care au experimentat pu\u0163in\u0103 aten\u0163ie \u015fi afec\u0163iune \u015fi care din aceast\u0103\u00a0 cauz\u0103\u00a0 compenseaz\u0103 suferin\u0163a lor cu \u201calinare intern\u0103\u201d sub forma m\u00e2ncarilor dulci sau dulciuri, ciocolat\u0103. Echilibreaz\u0103 nivelul de zah\u0103r \u00een organism \u015fi diabetul<\/p>\n","protected":false},"excerpt":{"rendered":"<p>Aceast\u0103 plant\u0103 parazit ne ajut\u0103 s\u0103 \u00een\u0163elegem rela\u0163ia \u00eentre emo\u0163iile noastre \u015fi obiceiurile noastre de a m\u00e2nca. Persoanele, care probabil din copil\u0103rie au sim\u0163it lipsa de afec\u0163iune, iubirii \u015fi a m\u00e2ngierilor, adesea compenseaz\u0103 aceast\u0103 lips\u0103 cu m\u00e2ncare dulce \u015fi dulciuri, cum ar fi ciocolata \u015fi \u00een acest fel se recompsensez\u0103 \u015fi \u201cse alin\u0103 intern\u201d pe &hellip; <a href=\"https:\/\/esentevibrationale.com\/?product=orobanche-verigel\" class=\"more-link\">Continu\u0103 lectura <span class=\"screen-reader-text\">Orobanche \/ Verigel<\/span> <span class=\"meta-nav\">&rarr;<\/span><\/a><\/p>\n","protected":false},"featured_media":2831,"template":"","meta":[],"product_brand":[],"product_cat":[57],"product_tag":[],"class_list":{"0":"post-2832","1":"product","2":"type-product","3":"status-publish","4":"has-post-thumbnail","6":"product_cat-alte-esente","7":"pa_size-15ml","8":"pa_size-30ml","10":"first","11":"instock","12":"shipping-taxable","13":"purchasable","14":"product-type-variable","15":"has-default-attributes"},"_links":{"self":[{"href":"https:\/\/esentevibrationale.com\/index.php?rest_route=\/wp\/v2\/product\/2832","targetHints":{"allow":["GET"]}}],"collection":[{"href":"https:\/\/esentevibrationale.com\/index.php?rest_route=\/wp\/v2\/product"}],"about":[{"href":"https:\/\/esentevibrationale.com\/index.php?rest_route=\/wp\/v2\/types\/product"}],"wp:featuredmedia":[{"embeddable":true,"href":"https:\/\/esentevibrationale.com\/index.php?rest_route=\/wp\/v2\/media\/2831"}],"wp:attachment":[{"href":"https:\/\/esentevibrationale.com\/index.php?rest_route=%2Fwp%2Fv2%2Fmedia&parent=2832"}],"wp:term":[{"taxonomy":"product_brand","embeddable":true,"href":"https:\/\/esentevibrationale.com\/index.php?rest_route=%2Fwp%2Fv2%2Fproduct_brand&post=2832"},{"taxonomy":"product_cat","embeddable":true,"href":"https:\/\/esentevibrationale.com\/index.php?rest_route=%2Fwp%2Fv2%2Fproduct_cat&post=2832"},{"taxonomy":"product_tag","embeddable":true,"href":"https:\/\/esentevibrationale.com\/index.php?rest_route=%2Fwp%2Fv2%2Fproduct_tag&post=2832"}],"curies":[{"name":"wp","href":"https:\/\/api.w.org\/{rel}","templated":true}]}}