{"id":2839,"date":"2018-11-27T17:11:23","date_gmt":"2018-11-27T16:11:23","guid":{"rendered":"https:\/\/phiessences.com\/Romania\/?post_type=product&#038;p=2839"},"modified":"2026-01-03T17:27:18","modified_gmt":"2026-01-03T15:27:18","slug":"cheops-pyramid-essence-esenta-piramidei-cleops","status":"publish","type":"product","link":"https:\/\/esentevibrationale.com\/?product=cheops-pyramid-essence-esenta-piramidei-cleops","title":{"rendered":"Cheops-Pyramid Essence \/ Esen\u0163a Piramidei Cheops"},"content":{"rendered":"<p>Esen\u0163a lucreaz\u0103 pe Chakra inimii,pe Chakra coroan\u0103 \u015fi pe prima Chakr\u0103, ofer\u0103 \u00eemp\u0103m\u00e2ntare \u015fi cea mai bun\u0103 protec\u0163ie energetic\u0103.<\/p>\n<p><img loading=\"lazy\" decoding=\"async\" class=\"alignnone size-full wp-image-2843\" src=\"https:\/\/phiessences.com\/Romania\/wp-content\/uploads\/2018\/11\/Cheops-Pyramide__dreamstime_754_pixel-1.jpg\" alt=\"\" width=\"300\" height=\"148\" \/><\/p>\n","protected":false},"excerpt":{"rendered":"<p>Esen\u0163a lucreaz\u0103 pe Chakra inimii,pe Chakra coroan\u0103 \u015fi pe prima Chakr\u0103, ofer\u0103 \u00eemp\u0103m\u00e2ntare \u015fi cea mai bun\u0103 protec\u0163ie energetic\u0103.<\/p>\n","protected":false},"featured_media":2842,"template":"","meta":[],"product_brand":[],"product_cat":[58],"product_tag":[],"class_list":{"0":"post-2839","1":"product","2":"type-product","3":"status-publish","4":"has-post-thumbnail","6":"product_cat-esente-ambientale","7":"pa_size-15ml","8":"pa_size-30ml","10":"first","11":"instock","12":"shipping-taxable","13":"purchasable","14":"product-type-variable","15":"has-default-attributes"},"_links":{"self":[{"href":"https:\/\/esentevibrationale.com\/index.php?rest_route=\/wp\/v2\/product\/2839","targetHints":{"allow":["GET"]}}],"collection":[{"href":"https:\/\/esentevibrationale.com\/index.php?rest_route=\/wp\/v2\/product"}],"about":[{"href":"https:\/\/esentevibrationale.com\/index.php?rest_route=\/wp\/v2\/types\/product"}],"wp:featuredmedia":[{"embeddable":true,"href":"https:\/\/esentevibrationale.com\/index.php?rest_route=\/wp\/v2\/media\/2842"}],"wp:attachment":[{"href":"https:\/\/esentevibrationale.com\/index.php?rest_route=%2Fwp%2Fv2%2Fmedia&parent=2839"}],"wp:term":[{"taxonomy":"product_brand","embeddable":true,"href":"https:\/\/esentevibrationale.com\/index.php?rest_route=%2Fwp%2Fv2%2Fproduct_brand&post=2839"},{"taxonomy":"product_cat","embeddable":true,"href":"https:\/\/esentevibrationale.com\/index.php?rest_route=%2Fwp%2Fv2%2Fproduct_cat&post=2839"},{"taxonomy":"product_tag","embeddable":true,"href":"https:\/\/esentevibrationale.com\/index.php?rest_route=%2Fwp%2Fv2%2Fproduct_tag&post=2839"}],"curies":[{"name":"wp","href":"https:\/\/api.w.org\/{rel}","templated":true}]}}