{"id":284,"date":"2018-10-12T13:46:56","date_gmt":"2018-10-12T12:46:56","guid":{"rendered":"http:\/\/phiessences.com\/Romania\/?p=284"},"modified":"2025-12-30T13:10:44","modified_gmt":"2025-12-30T11:10:44","slug":"sunglasses","status":"publish","type":"product","link":"https:\/\/esentevibrationale.com\/?product=sunglasses","title":{"rendered":"Diamond \/ Diamant"},"content":{"rendered":"<p><em>Diamantul este un carbon cristalizat, transparent \u0219i poate fi g\u0103sit \u00een urm\u0103toarele culori: galben, maro, albastru, roz, incolor \u0219i negru. Terminologia vine din limba greac\u0103 <\/em>adamas <em>\u00eenseamn\u0103 &#8222;invincibilul&#8221;. Sf. Hildegard l-a recomandat ca fiind sigurul pentru regenerare, dup\u0103 un accident vascular cerebral, pentru icter, gut\u0103, \u00eempotriva malignit\u0103\u021bii, pentru a \u00eendep\u0103rta energiile negative, a bolilor mintale, a irascibilit\u0103\u021bii, \u0219i ca suport pentru post. Este considerat regele gemelor, datorit\u0103 str\u0103lucirii \u0219i reflec\u021biei. \u00cen Doctrina Chakrelor corespunde cu Al Treilea Ochi \u0219i Coroanei.<\/em><\/p>\n<p><strong><em>Efectul Esen\u021bei: <\/em><\/strong>Esen\u021ba Diamantului eman\u0103 lumin\u0103 \u00een partea \u00eentunecat\u0103 a sufletului. Acest lucru genereaz\u0103 claritate \u0219i cunoa\u0219tere, care sus\u021bin \u0219i promoveaz\u0103 autorealizarea.<\/p>\n<p><strong><em>Efectul Esen\u021bei la Nivel Fizic: <\/em><\/strong>Esen\u021ba Diamantului are un efect pozitiv care se simte \u00een tot corpul, exercit\u00e2nd o energie de claritate revigorant\u0103 asupra organelor. Diamantele sunt cele mai dure geme \u0219i totodat\u0103, au un poten\u021bial de vindecare foarte mare. Esen\u021ba Diamantului are acelea\u0219i propriet\u0103\u021bi. Cu ajutorul s\u0103u pot fi eliminate blocajele energetice ale energiei vitale \u0219i impurit\u0103\u021bile corpului.<\/p>\n<p><strong><em>Efectul Esen\u021bei la Nivel Emo\u021bional: <\/em><\/strong>Esen\u021ba contribuie la clarificarea situa\u021biilor de incertitudine. Favorizeaz\u0103 echilibru interior \u0219i ne ajut\u0103 s\u0103 p\u0103str\u0103m o rela\u021bie deschis\u0103 cu partenerii no\u0219tri. Persoana cap\u0103t\u0103 experien\u021b\u0103 \u00een rela\u021biile sale cu ajutorul \u00een\u021belegerii, priceperii \u0219i a toleran\u021bei. Emo\u021biile cum ar fi: frica, gelozia, invidia \u0219i nesiguran\u021ba pot fi dep\u0103\u0219ite.<\/p>\n<p><strong><em>Efectul Esen\u021bei la Nivel Mental: <\/em><\/strong>Claritatea mental\u0103, personalitatea echilibrat\u0103, g\u00e2ndirea independent\u0103 \u0219i protec\u021bia fa\u021b\u0103 de negativitate sunt unele din cele mai profunde \u0219i pozitive efecte ale esen\u021bei Diamantului. Cu aceast\u0103 esen\u021b\u0103 ideile vagi se transform\u0103 \u00een obiective, care pot fi \u00eendeplinite cu o g\u00e2ndire independent\u0103 \u0219i cu ac\u021biuni independente.<\/p>\n<p><strong><em>Efectul Esen\u021bei la Nivel Spiritual<\/em><\/strong><em>: <\/em>Esen\u021ba Diamantului lumineaz\u0103 sufletul nostru \u00een zonele sale \u00eentunecate. Astfel, acestea pot fi sesizate \u0219i dizolvate datorit\u0103 clarit\u0103\u021bii spirituale, pe care o promoveaz\u0103 esen\u021ba Diamantului. Cu aceast\u0103 esen\u021b\u0103 noi primim lumin\u0103 din tot spectrul de culori. Lumineaz\u0103 corpul \u0219i aura, spiritul \u0219i sufletul \u0219i le protejeaz\u0103 \u00een fa\u021b\u0103 negativit\u0103\u021bii. Putem percepe uniunea cu cosmosul \u0219i devenim capabili s\u0103 ne identific\u0103m pe noi \u00een\u0219ine ca parte a \u00eentregului.<\/p>\n<p><strong>Esen\u021ba de Orhidee Corespondent\u0103:<\/strong><\/p>\n<p>Orhideea Canalizare<\/p>\n<p><strong><em>Afirma\u021bia: <\/em><\/strong>Lumina cosmosului str\u0103luce\u0219te \u00een interiorul meu dilu\u00e2nd \u00eentunericul. Sunt originea energiei mele \u0219i o transmit sub forma iubirii.<\/p>\n","protected":false},"excerpt":{"rendered":"<p>Diamantul este un carbon cristalizat, transparent \u0219i poate fi g\u0103sit \u00een urm\u0103toarele culori: galben, maro, albastru, roz, incolor \u0219i negru. Terminologia vine din limba greac\u0103 adamas \u00eenseamn\u0103 &#8222;invincibilul&#8221;. Sf. Hildegard l-a recomandat ca fiind sigurul pentru regenerare, dup\u0103 un accident vascular cerebral, pentru icter, gut\u0103, \u00eempotriva malignit\u0103\u021bii, pentru a \u00eendep\u0103rta energiile negative, a bolilor mintale, &hellip; <a href=\"https:\/\/esentevibrationale.com\/?product=sunglasses\" class=\"more-link\">Continu\u0103 lectura <span class=\"screen-reader-text\">Diamond \/ Diamant<\/span> <span class=\"meta-nav\">&rarr;<\/span><\/a><\/p>\n","protected":false},"featured_media":349,"template":"","meta":[],"product_brand":[],"product_cat":[18],"product_tag":[],"class_list":{"0":"post-284","1":"product","2":"type-product","3":"status-publish","4":"has-post-thumbnail","6":"product_cat-esente-de-geme","7":"pa_size-15ml","8":"pa_size-30ml","10":"first","11":"instock","12":"featured","13":"shipping-taxable","14":"purchasable","15":"product-type-variable","16":"has-default-attributes"},"_links":{"self":[{"href":"https:\/\/esentevibrationale.com\/index.php?rest_route=\/wp\/v2\/product\/284","targetHints":{"allow":["GET"]}}],"collection":[{"href":"https:\/\/esentevibrationale.com\/index.php?rest_route=\/wp\/v2\/product"}],"about":[{"href":"https:\/\/esentevibrationale.com\/index.php?rest_route=\/wp\/v2\/types\/product"}],"wp:featuredmedia":[{"embeddable":true,"href":"https:\/\/esentevibrationale.com\/index.php?rest_route=\/wp\/v2\/media\/349"}],"wp:attachment":[{"href":"https:\/\/esentevibrationale.com\/index.php?rest_route=%2Fwp%2Fv2%2Fmedia&parent=284"}],"wp:term":[{"taxonomy":"product_brand","embeddable":true,"href":"https:\/\/esentevibrationale.com\/index.php?rest_route=%2Fwp%2Fv2%2Fproduct_brand&post=284"},{"taxonomy":"product_cat","embeddable":true,"href":"https:\/\/esentevibrationale.com\/index.php?rest_route=%2Fwp%2Fv2%2Fproduct_cat&post=284"},{"taxonomy":"product_tag","embeddable":true,"href":"https:\/\/esentevibrationale.com\/index.php?rest_route=%2Fwp%2Fv2%2Fproduct_tag&post=284"}],"curies":[{"name":"wp","href":"https:\/\/api.w.org\/{rel}","templated":true}]}}