{"id":2844,"date":"2018-11-27T17:16:27","date_gmt":"2018-11-27T16:16:27","guid":{"rendered":"https:\/\/phiessences.com\/Romania\/?post_type=product&#038;p=2844"},"modified":"2026-01-03T17:31:57","modified_gmt":"2026-01-03T15:31:57","slug":"chichenitza-pyramid-essence-esenta-piramidei-chichenitza","status":"publish","type":"product","link":"https:\/\/esentevibrationale.com\/?product=chichenitza-pyramid-essence-esenta-piramidei-chichenitza","title":{"rendered":"Chichenitza-Pyramid Essence \/ Esen\u0163a Piramidei Chichenitza"},"content":{"rendered":"<p>Esen\u0163a priramidei ofer\u0103 protec\u0163ie \u015fi \u00eemp\u0103m\u00e2ntare.<\/p>\n<p><img loading=\"lazy\" decoding=\"async\" class=\"alignnone size-full wp-image-2845\" src=\"https:\/\/phiessences.com\/Romania\/wp-content\/uploads\/2018\/11\/Chichenitza_dreamstime_xxl_20496211_754.jpg\" alt=\"\" width=\"300\" height=\"200\" \/><\/p>\n","protected":false},"excerpt":{"rendered":"<p>Esen\u0163a priramidei ofer\u0103 protec\u0163ie \u015fi \u00eemp\u0103m\u00e2ntare.<\/p>\n","protected":false},"featured_media":2845,"template":"","meta":[],"product_brand":[],"product_cat":[58],"product_tag":[],"class_list":{"0":"post-2844","1":"product","2":"type-product","3":"status-publish","4":"has-post-thumbnail","6":"product_cat-esente-ambientale","7":"pa_size-15ml","8":"pa_size-30ml","10":"first","11":"instock","12":"shipping-taxable","13":"purchasable","14":"product-type-variable","15":"has-default-attributes"},"_links":{"self":[{"href":"https:\/\/esentevibrationale.com\/index.php?rest_route=\/wp\/v2\/product\/2844","targetHints":{"allow":["GET"]}}],"collection":[{"href":"https:\/\/esentevibrationale.com\/index.php?rest_route=\/wp\/v2\/product"}],"about":[{"href":"https:\/\/esentevibrationale.com\/index.php?rest_route=\/wp\/v2\/types\/product"}],"wp:featuredmedia":[{"embeddable":true,"href":"https:\/\/esentevibrationale.com\/index.php?rest_route=\/wp\/v2\/media\/2845"}],"wp:attachment":[{"href":"https:\/\/esentevibrationale.com\/index.php?rest_route=%2Fwp%2Fv2%2Fmedia&parent=2844"}],"wp:term":[{"taxonomy":"product_brand","embeddable":true,"href":"https:\/\/esentevibrationale.com\/index.php?rest_route=%2Fwp%2Fv2%2Fproduct_brand&post=2844"},{"taxonomy":"product_cat","embeddable":true,"href":"https:\/\/esentevibrationale.com\/index.php?rest_route=%2Fwp%2Fv2%2Fproduct_cat&post=2844"},{"taxonomy":"product_tag","embeddable":true,"href":"https:\/\/esentevibrationale.com\/index.php?rest_route=%2Fwp%2Fv2%2Fproduct_tag&post=2844"}],"curies":[{"name":"wp","href":"https:\/\/api.w.org\/{rel}","templated":true}]}}