{"id":2848,"date":"2018-11-27T17:21:58","date_gmt":"2018-11-27T16:21:58","guid":{"rendered":"https:\/\/phiessences.com\/Romania\/?post_type=product&#038;p=2848"},"modified":"2026-01-01T18:26:45","modified_gmt":"2026-01-01T16:26:45","slug":"teide-volcano-essence","status":"publish","type":"product","link":"https:\/\/esentevibrationale.com\/?product=teide-volcano-essence","title":{"rendered":"Teide Volcano Essence \/ Esen\u0163a Vulcanului Teide"},"content":{"rendered":"<table>\n<tbody>\n<tr>\n<td>Este o esen\u0163\u0103 ambiental\u0103, care a fost produs\u0103 pe &#8222;Teide&#8221;, un vulcan de 3.716 metri-\u00een\u0103l\u0163ime situat pe insula Tenerife. Aceast\u0103 esen\u0163\u0103 aduce con\u015ftiin\u0163a noastr\u0103 p\u00e2n\u0103 la cel mai profund nivel celular. Apoi putem experimenta con\u015ftiin\u0163a noastr\u01ce \u00een cele mai mici componente ale materiei. De asemenea, ne aduce experien\u0163a ambelor for\u0163e universle microcosmosul \u015fi macrocosmosul.<\/p>\n<p>subiect supus modific\u0103ri, schimb\u0103rilor<\/p>\n<p><img loading=\"lazy\" decoding=\"async\" class=\"alignnone size-full wp-image-2849\" src=\"https:\/\/phiessences.com\/Romania\/wp-content\/uploads\/2018\/11\/teide.jpg\" alt=\"\" width=\"267\" height=\"400\" srcset=\"https:\/\/esentevibrationale.com\/wp-content\/uploads\/2018\/11\/teide.jpg 267w, https:\/\/esentevibrationale.com\/wp-content\/uploads\/2018\/11\/teide-200x300.jpg 200w\" sizes=\"auto, (max-width: 267px) 100vw, 267px\" \/><\/td>\n<\/tr>\n<\/tbody>\n<\/table>\n","protected":false},"excerpt":{"rendered":"<p>Este o esen\u0163\u0103 ambiental\u0103, care a fost produs\u0103 pe &#8222;Teide&#8221;, un vulcan de 3.716 metri-\u00een\u0103l\u0163ime situat pe insula Tenerife. Aceast\u0103 esen\u0163\u0103 aduce con\u015ftiin\u0163a noastr\u0103 p\u00e2n\u0103 la cel mai profund nivel celular. Apoi putem experimenta con\u015ftiin\u0163a noastr\u01ce \u00een cele mai mici componente ale materiei. De asemenea, ne aduce experien\u0163a ambelor for\u0163e universle microcosmosul \u015fi macrocosmosul. subiect &hellip; <a href=\"https:\/\/esentevibrationale.com\/?product=teide-volcano-essence\" class=\"more-link\">Continu\u0103 lectura <span class=\"screen-reader-text\">Teide Volcano Essence \/ Esen\u0163a Vulcanului Teide<\/span> <span class=\"meta-nav\">&rarr;<\/span><\/a><\/p>\n","protected":false},"featured_media":2849,"template":"","meta":[],"product_brand":[],"product_cat":[57],"product_tag":[],"class_list":{"0":"post-2848","1":"product","2":"type-product","3":"status-publish","4":"has-post-thumbnail","6":"product_cat-alte-esente","7":"pa_size-15ml","8":"pa_size-30ml","10":"first","11":"instock","12":"shipping-taxable","13":"purchasable","14":"product-type-variable","15":"has-default-attributes"},"_links":{"self":[{"href":"https:\/\/esentevibrationale.com\/index.php?rest_route=\/wp\/v2\/product\/2848","targetHints":{"allow":["GET"]}}],"collection":[{"href":"https:\/\/esentevibrationale.com\/index.php?rest_route=\/wp\/v2\/product"}],"about":[{"href":"https:\/\/esentevibrationale.com\/index.php?rest_route=\/wp\/v2\/types\/product"}],"wp:featuredmedia":[{"embeddable":true,"href":"https:\/\/esentevibrationale.com\/index.php?rest_route=\/wp\/v2\/media\/2849"}],"wp:attachment":[{"href":"https:\/\/esentevibrationale.com\/index.php?rest_route=%2Fwp%2Fv2%2Fmedia&parent=2848"}],"wp:term":[{"taxonomy":"product_brand","embeddable":true,"href":"https:\/\/esentevibrationale.com\/index.php?rest_route=%2Fwp%2Fv2%2Fproduct_brand&post=2848"},{"taxonomy":"product_cat","embeddable":true,"href":"https:\/\/esentevibrationale.com\/index.php?rest_route=%2Fwp%2Fv2%2Fproduct_cat&post=2848"},{"taxonomy":"product_tag","embeddable":true,"href":"https:\/\/esentevibrationale.com\/index.php?rest_route=%2Fwp%2Fv2%2Fproduct_tag&post=2848"}],"curies":[{"name":"wp","href":"https:\/\/api.w.org\/{rel}","templated":true}]}}