{"id":2856,"date":"2018-11-28T11:08:02","date_gmt":"2018-11-28T10:08:02","guid":{"rendered":"https:\/\/phiessences.com\/Romania\/?post_type=product&#038;p=2856"},"modified":"2024-05-20T10:42:09","modified_gmt":"2024-05-20T07:42:09","slug":"t1","status":"publish","type":"product","link":"https:\/\/esentevibrationale.com\/?product=t1","title":{"rendered":"T1"},"content":{"rendered":"<p><strong>T1 &#8211; Anti-Radiation Essence\u00a0 <sup>\u00ae<\/sup> \/ T1 Combare Radia\u0163iile<sup>\u00ae<\/sup> <\/strong><\/p>\n<p>Aceast\u0103 esen\u0163\u0103 extraordinar\u0103 a fost elaborat\u0103 la centratele nucleare din Cernob\u00eel \u00een Rusia sau Ucraina, de 18 ani cercet\u0103m aceast\u0103 esen\u0163\u0103.<br \/>\nInforma\u0163ii despre esen\u0163\u0103:<br \/>\n&#8211;&#8211;&#8211;&#8211;&#8211;&#8211;-<br \/>\nT 1 ajut\u0103 s\u0103 aline frica \u015fi impactul negativ al radia\u0163iilor<br \/>\nC\u00e2nd aplic\u0103m esen\u0163a T1?<br \/>\n&#8211; dup\u0103 ce am stat \u00een zone contaminate radioactiv<\/p>\n<p>&#8211; dup\u0103 tratamente cu raze X<\/p>\n<p>&#8211; dup\u0103 \u00a0Chimioterapie<\/p>\n<p>Cum lucreaz\u0103?<br \/>\nT 1 corespunde frecven\u0163ei energiei substan\u0163elor radioactive, dar nu poate luat sau reduce nucleul radioactivit\u0103\u0163ii din corpul uman, m\u00e2ncare sau ap\u0103.<\/p>\n<p>Tratamentul T 1 &#8211; Delfin:<\/p>\n<p>Tratamentul T 1 &#8211; Delfin este ca un du\u015f de \u201clumin\u0103\u201d revigorant. Persoanele se simt mult mai \u00eemp\u0103m\u00e2ntate ca \u015fi cum ar \u201csta pe o cascad\u0103\u201d.<\/p>\n<p>&#8211; Ajut\u0103 la atenuarea fricii \u015fi impactului negativ al radia\u0163iei<br \/>\n&#8211; te face s\u0103 te sim\u0163i mai relaxat \u015fi sigur pe tine<br \/>\n&#8211; te sprijin\u0103 s\u0103 dep\u0103\u015fe\u015fti fricile \u015fi corpul t\u0103u energetic devine mai echilibrat<\/p>\n<p>Tratamentul pentru animale:<\/p>\n<p>De asemenea, pot fi tratate \u015fi animale. Multe animale de companie sau animale domestice au fost p\u0103r\u0103site \u00een zona contaminat\u0103 din Fukushima. \u020ant\u00e2i ajut\u0103m persoanele, apoi animalele, Dr. Sugimoto \u015fi echipa sa ajut\u0103 acum animalele din zon\u0103 gratuit.<\/p>\n<p>M\u00e2ncarea \/ Apa:<br \/>\n&#8211;&#8211;&#8211;&#8211;&#8211;<br \/>\nAici T 1 nu poate reduce sau scoate substan\u0163ele radioactive, DAR du\u015ful de lumin\u0103 al Tratamentului T1 \u2013 Delfin<sup>\u00ae <\/sup>cre\u015fte vibra\u0163ia\u00a0 \u00een mod energetic al m\u00e2nc\u0103rii \u015fi al apei.<br \/>\nEfectele tratamentului \u00een general:<br \/>\n&#8211; energia corpului cre\u015fte<br \/>\n&#8211; persoana devine mai echilibrat\u0103 (corpul nostru energetic = scutul nostru energetic)<br \/>\n&#8211; persoana se simte mai revigorat\u0103 \u015fi purificat\u0103<br \/>\nDe re\u0163inut:<br \/>\nFRICA este cel mai negativ lucru care se poate \u00eent\u00e2mpla, potivit observa\u0163iile medicilor \u00een Ucraina \u015fi Kiew, ace\u015ftia au specificat faptul c\u0103, dup\u0103 dezastrul nuclear de la Cernob\u00eel, pacien\u0163ilor c\u0103rora le-a fost foarte fric\u0103 de situa\u0163ia respectiv\u0103 s-au \u00eemboln\u0103vit primii. Frica este ortav\u0103 pentru sistemul imunitar. Tratamentul T1 \u2013 Delfin<sup>\u00ae <\/sup>ajut\u0103 pesoanele s\u0103 se echilibreze.<\/p>\n<p>\u020antotdeauna trebuie depoziteaz\u0103 sticla esen\u0163ei T1 departe de celelalte esen\u0163e de energie.<\/p>\n<p><u>Recomandare pentru utilizarea T1:<\/u><\/p>\n<p>Not\u0103:<\/p>\n<p>Not\u0103: Exerci\u021biul este cel mai bine s\u0103 fie realizat \u00een timp ce sta\u021bi jos \u0219i dup\u0103 ce v-a\u021bi scos pantofii. \u00een primul r\u00e2nd, pune\u021bi recipientul \u00eenchis cu esen\u021bei T1 \u00eentre picioarele goale, astfel \u00eenc\u00e2t fiecare picior atinge u\u0219or flaconul. Apoi, lua\u021bi o sticl\u0103 \u00cenchis\u0103 cu esen\u021ba Delph<sup>\u00ae<\/sup> \u00cen ambele m\u00e2ini \u0219i \u021bine\u021bi-o peste cap. Apoi, u\u0219or trece\u021bi sticla cu esen\u021ba Delph<sup>\u00ae<\/sup> prin aura voastr\u0103, de la coroana p\u00e2n\u0103 la picioare. Acest lucru poate fi repetat de c\u00e2teva ori. Dup\u0103 c\u00e2teva minute, uneori sim\u021bit o senza\u021bie moale &#8222;g\u00e2dilat&#8221; \u00een picioare. Elimina\u021bi recipientul T1 \u0219i pune\u021bi-l deoparte, apoi repeta\u021bi cur\u0103\u021bare aurei cu sticla Delph<sup>\u00ae<\/sup> din nou. Efectul de cur\u0103\u021bare al energiei delfinilor ajut\u0103 &#8222;spal\u0103&#8221; dup\u0103 procesul cu T1. V\u0103 rug\u0103m s\u0103 nu uita\u021bi s\u0103 cur\u0103\u021ba\u021bi, \u00cen sticle \u00cenchise, esen\u021b\u0103 dup\u0103 fiecare tratament (folosind lumina sau g\u00e2ndurile pozitive, etc.). Totodat\u0103, \u00eentotdeauna stoca\u021bi sticla T1 departe de celelalte esen\u021be de energie.<\/p>\n<table style=\"height: 30px;\" width=\"222\">\n<tbody>\n<tr>\n<td><\/td>\n<\/tr>\n<\/tbody>\n<\/table>\n","protected":false},"excerpt":{"rendered":"<p>T1 &#8211; Anti-Radiation Essence\u00a0 \u00ae \/ T1 Combare Radia\u0163iile\u00ae Aceast\u0103 esen\u0163\u0103 extraordinar\u0103 a fost elaborat\u0103 la centratele nucleare din Cernob\u00eel \u00een Rusia sau Ucraina, de 18 ani cercet\u0103m aceast\u0103 esen\u0163\u0103. Informa\u0163ii despre esen\u0163\u0103: &#8211;&#8211;&#8211;&#8211;&#8211;&#8211;- T 1 ajut\u0103 s\u0103 aline frica \u015fi impactul negativ al radia\u0163iilor C\u00e2nd aplic\u0103m esen\u0163a T1? &#8211; dup\u0103 ce am stat \u00een &hellip; <a href=\"https:\/\/esentevibrationale.com\/?product=t1\" class=\"more-link\">Continu\u0103 lectura <span class=\"screen-reader-text\">T1<\/span> <span class=\"meta-nav\">&rarr;<\/span><\/a><\/p>\n","protected":false},"featured_media":2857,"template":"","meta":[],"product_brand":[],"product_cat":[75],"product_tag":[],"class_list":{"0":"post-2856","1":"product","2":"type-product","3":"status-publish","4":"has-post-thumbnail","6":"product_cat-tratament-impotriva-radiatiilor-t1-delph","7":"pa_size-15ml","8":"pa_size-30ml","10":"first","11":"instock","12":"shipping-taxable","13":"purchasable","14":"product-type-variable","15":"has-default-attributes"},"_links":{"self":[{"href":"https:\/\/esentevibrationale.com\/index.php?rest_route=\/wp\/v2\/product\/2856","targetHints":{"allow":["GET"]}}],"collection":[{"href":"https:\/\/esentevibrationale.com\/index.php?rest_route=\/wp\/v2\/product"}],"about":[{"href":"https:\/\/esentevibrationale.com\/index.php?rest_route=\/wp\/v2\/types\/product"}],"wp:featuredmedia":[{"embeddable":true,"href":"https:\/\/esentevibrationale.com\/index.php?rest_route=\/wp\/v2\/media\/2857"}],"wp:attachment":[{"href":"https:\/\/esentevibrationale.com\/index.php?rest_route=%2Fwp%2Fv2%2Fmedia&parent=2856"}],"wp:term":[{"taxonomy":"product_brand","embeddable":true,"href":"https:\/\/esentevibrationale.com\/index.php?rest_route=%2Fwp%2Fv2%2Fproduct_brand&post=2856"},{"taxonomy":"product_cat","embeddable":true,"href":"https:\/\/esentevibrationale.com\/index.php?rest_route=%2Fwp%2Fv2%2Fproduct_cat&post=2856"},{"taxonomy":"product_tag","embeddable":true,"href":"https:\/\/esentevibrationale.com\/index.php?rest_route=%2Fwp%2Fv2%2Fproduct_tag&post=2856"}],"curies":[{"name":"wp","href":"https:\/\/api.w.org\/{rel}","templated":true}]}}