{"id":2862,"date":"2018-11-28T15:17:53","date_gmt":"2018-11-28T14:17:53","guid":{"rendered":"https:\/\/phiessences.com\/Romania\/?post_type=product&#038;p=2862"},"modified":"2026-01-03T18:40:08","modified_gmt":"2026-01-03T16:40:08","slug":"solar-eclipse-eclipsa-solara","status":"publish","type":"product","link":"https:\/\/esentevibrationale.com\/?product=solar-eclipse-eclipsa-solara","title":{"rendered":"Solar Eclipse \/ Eclipsa Solar\u0103"},"content":{"rendered":"<p>\u020an monente de dificult\u0103\u0163i majore \u015fi crize, aceast\u0103 esen\u0163\u0103 ne ajut\u0103 s\u0103 obtinem o nou\u0103 \u00eencredere \u015fi optimism. Trecem de la \u00eentuneric la lumin\u0103 \u015fi putem transforma situa\u0163iile noastre, g\u0103sim vitalitatea, curajul \u015fi \u00eencrederea.<\/p>\n","protected":false},"excerpt":{"rendered":"<p>\u020an monente de dificult\u0103\u0163i majore \u015fi crize, aceast\u0103 esen\u0163\u0103 ne ajut\u0103 s\u0103 obtinem o nou\u0103 \u00eencredere \u015fi optimism. Trecem de la \u00eentuneric la lumin\u0103 \u015fi putem transforma situa\u0163iile noastre, g\u0103sim vitalitatea, curajul \u015fi \u00eencrederea.<\/p>\n","protected":false},"featured_media":2864,"template":"","meta":[],"product_brand":[],"product_cat":[51],"product_tag":[],"class_list":{"0":"post-2862","1":"product","2":"type-product","3":"status-publish","4":"has-post-thumbnail","6":"product_cat-esentele-de-planete","7":"pa_size-15ml","8":"pa_size-30ml","10":"first","11":"instock","12":"shipping-taxable","13":"purchasable","14":"product-type-variable","15":"has-default-attributes"},"_links":{"self":[{"href":"https:\/\/esentevibrationale.com\/index.php?rest_route=\/wp\/v2\/product\/2862","targetHints":{"allow":["GET"]}}],"collection":[{"href":"https:\/\/esentevibrationale.com\/index.php?rest_route=\/wp\/v2\/product"}],"about":[{"href":"https:\/\/esentevibrationale.com\/index.php?rest_route=\/wp\/v2\/types\/product"}],"wp:featuredmedia":[{"embeddable":true,"href":"https:\/\/esentevibrationale.com\/index.php?rest_route=\/wp\/v2\/media\/2864"}],"wp:attachment":[{"href":"https:\/\/esentevibrationale.com\/index.php?rest_route=%2Fwp%2Fv2%2Fmedia&parent=2862"}],"wp:term":[{"taxonomy":"product_brand","embeddable":true,"href":"https:\/\/esentevibrationale.com\/index.php?rest_route=%2Fwp%2Fv2%2Fproduct_brand&post=2862"},{"taxonomy":"product_cat","embeddable":true,"href":"https:\/\/esentevibrationale.com\/index.php?rest_route=%2Fwp%2Fv2%2Fproduct_cat&post=2862"},{"taxonomy":"product_tag","embeddable":true,"href":"https:\/\/esentevibrationale.com\/index.php?rest_route=%2Fwp%2Fv2%2Fproduct_tag&post=2862"}],"curies":[{"name":"wp","href":"https:\/\/api.w.org\/{rel}","templated":true}]}}