{"id":2867,"date":"2018-11-28T15:37:24","date_gmt":"2018-11-28T14:37:24","guid":{"rendered":"https:\/\/phiessences.com\/Romania\/?post_type=product&#038;p=2867"},"modified":"2026-01-03T17:25:28","modified_gmt":"2026-01-03T15:25:28","slug":"bosnian-sun-pyramid-piramida-soarelui-din-bosnia","status":"publish","type":"product","link":"https:\/\/esentevibrationale.com\/?product=bosnian-sun-pyramid-piramida-soarelui-din-bosnia","title":{"rendered":"Bosnian Sun Pyramid \/ Piramida Soarelui din Bosnia"},"content":{"rendered":"<p>Esen\u0163a ne conecteaz\u0103 puternic cu p\u0103m\u00e2ntul, ne d\u0103 stabilitate, for\u0163\u0103 \u015fi apoi prin Chakra coroan\u0103 ne conecteaz\u0103 cu Chakrele superiore. Creaz\u0103 echilibru \u00eentre jos \u015fi sus. Energia corpului fizic \u015fi corpurile energetice sunt stimulate \u015fi circul\u0103 \u00een mod liber. Prin urmare torul de energie este\u00a0 incitat \u015fi circul\u0103 de jos \u00een sus.<\/p>\n<p><img loading=\"lazy\" decoding=\"async\" class=\"alignnone size-full wp-image-2870\" src=\"https:\/\/phiessences.com\/Romania\/wp-content\/uploads\/2018\/11\/bosnischepyramidefotoherrkorte_754_pixel.jpg\" alt=\"\" width=\"300\" height=\"225\" \/><\/p>\n","protected":false},"excerpt":{"rendered":"<p>Esen\u0163a ne conecteaz\u0103 puternic cu p\u0103m\u00e2ntul, ne d\u0103 stabilitate, for\u0163\u0103 \u015fi apoi prin Chakra coroan\u0103 ne conecteaz\u0103 cu Chakrele superiore. Creaz\u0103 echilibru \u00eentre jos \u015fi sus. Energia corpului fizic \u015fi corpurile energetice sunt stimulate \u015fi circul\u0103 \u00een mod liber. Prin urmare torul de energie este\u00a0 incitat \u015fi circul\u0103 de jos \u00een sus.<\/p>\n","protected":false},"featured_media":2870,"template":"","meta":[],"product_brand":[],"product_cat":[58],"product_tag":[],"class_list":{"0":"post-2867","1":"product","2":"type-product","3":"status-publish","4":"has-post-thumbnail","6":"product_cat-esente-ambientale","7":"pa_size-15ml","8":"pa_size-30ml","10":"first","11":"instock","12":"shipping-taxable","13":"purchasable","14":"product-type-variable","15":"has-default-attributes"},"_links":{"self":[{"href":"https:\/\/esentevibrationale.com\/index.php?rest_route=\/wp\/v2\/product\/2867","targetHints":{"allow":["GET"]}}],"collection":[{"href":"https:\/\/esentevibrationale.com\/index.php?rest_route=\/wp\/v2\/product"}],"about":[{"href":"https:\/\/esentevibrationale.com\/index.php?rest_route=\/wp\/v2\/types\/product"}],"wp:featuredmedia":[{"embeddable":true,"href":"https:\/\/esentevibrationale.com\/index.php?rest_route=\/wp\/v2\/media\/2870"}],"wp:attachment":[{"href":"https:\/\/esentevibrationale.com\/index.php?rest_route=%2Fwp%2Fv2%2Fmedia&parent=2867"}],"wp:term":[{"taxonomy":"product_brand","embeddable":true,"href":"https:\/\/esentevibrationale.com\/index.php?rest_route=%2Fwp%2Fv2%2Fproduct_brand&post=2867"},{"taxonomy":"product_cat","embeddable":true,"href":"https:\/\/esentevibrationale.com\/index.php?rest_route=%2Fwp%2Fv2%2Fproduct_cat&post=2867"},{"taxonomy":"product_tag","embeddable":true,"href":"https:\/\/esentevibrationale.com\/index.php?rest_route=%2Fwp%2Fv2%2Fproduct_tag&post=2867"}],"curies":[{"name":"wp","href":"https:\/\/api.w.org\/{rel}","templated":true}]}}