{"id":2871,"date":"2018-11-28T15:44:36","date_gmt":"2018-11-28T14:44:36","guid":{"rendered":"https:\/\/phiessences.com\/Romania\/?post_type=product&#038;p=2871"},"modified":"2026-01-03T18:00:06","modified_gmt":"2026-01-03T16:00:06","slug":"blood-moon-luna-rosie","status":"publish","type":"product","link":"https:\/\/esentevibrationale.com\/?product=blood-moon-luna-rosie","title":{"rendered":"Blood Moon \/ Luna Ro\u015fie"},"content":{"rendered":"<p>Ne ajut\u0103 s\u0103 elimin\u0103m g\u00e2ndurile negre \u015fi ne d\u0103 stabilitate interioar\u0103. Din punct de vedere energetic, principalele axe energetice vor fi \u00eent\u0103rite \u015fi aliniate cu corpul.<\/p>\n","protected":false},"excerpt":{"rendered":"<p>Ne ajut\u0103 s\u0103 elimin\u0103m g\u00e2ndurile negre \u015fi ne d\u0103 stabilitate interioar\u0103. Din punct de vedere energetic, principalele axe energetice vor fi \u00eent\u0103rite \u015fi aliniate cu corpul.<\/p>\n","protected":false},"featured_media":2874,"template":"","meta":[],"product_brand":[],"product_cat":[51],"product_tag":[],"class_list":{"0":"post-2871","1":"product","2":"type-product","3":"status-publish","4":"has-post-thumbnail","6":"product_cat-esentele-de-planete","7":"pa_size-15ml","8":"pa_size-30ml","10":"first","11":"instock","12":"shipping-taxable","13":"purchasable","14":"product-type-variable","15":"has-default-attributes"},"_links":{"self":[{"href":"https:\/\/esentevibrationale.com\/index.php?rest_route=\/wp\/v2\/product\/2871","targetHints":{"allow":["GET"]}}],"collection":[{"href":"https:\/\/esentevibrationale.com\/index.php?rest_route=\/wp\/v2\/product"}],"about":[{"href":"https:\/\/esentevibrationale.com\/index.php?rest_route=\/wp\/v2\/types\/product"}],"wp:featuredmedia":[{"embeddable":true,"href":"https:\/\/esentevibrationale.com\/index.php?rest_route=\/wp\/v2\/media\/2874"}],"wp:attachment":[{"href":"https:\/\/esentevibrationale.com\/index.php?rest_route=%2Fwp%2Fv2%2Fmedia&parent=2871"}],"wp:term":[{"taxonomy":"product_brand","embeddable":true,"href":"https:\/\/esentevibrationale.com\/index.php?rest_route=%2Fwp%2Fv2%2Fproduct_brand&post=2871"},{"taxonomy":"product_cat","embeddable":true,"href":"https:\/\/esentevibrationale.com\/index.php?rest_route=%2Fwp%2Fv2%2Fproduct_cat&post=2871"},{"taxonomy":"product_tag","embeddable":true,"href":"https:\/\/esentevibrationale.com\/index.php?rest_route=%2Fwp%2Fv2%2Fproduct_tag&post=2871"}],"curies":[{"name":"wp","href":"https:\/\/api.w.org\/{rel}","templated":true}]}}