{"id":2875,"date":"2018-11-28T16:01:19","date_gmt":"2018-11-28T15:01:19","guid":{"rendered":"https:\/\/phiessences.com\/Romania\/?post_type=product&#038;p=2875"},"modified":"2026-01-03T17:33:15","modified_gmt":"2026-01-03T15:33:15","slug":"guachimontones-round-pyramid-piramida-rotunda-guachimontones","status":"publish","type":"product","link":"https:\/\/esentevibrationale.com\/?product=guachimontones-round-pyramid-piramida-rotunda-guachimontones","title":{"rendered":"Guachimontones Round Pyramid \/ Piramida Rotund\u0103 Guachimontones"},"content":{"rendered":"<p>\u020ant\u0103re\u015fte \u015fi promoveaz\u0103 energia Yin. Ne conecteaz\u0103 cu planeta mam\u0103 p\u0103m\u00e2nt. Energia cre\u015fte \u015fi sus\u0163ine vitalitatea in vortexul energetic.<\/p>\n<p><img loading=\"lazy\" decoding=\"async\" class=\"alignnone size-full wp-image-2879\" src=\"https:\/\/phiessences.com\/Romania\/wp-content\/uploads\/2018\/11\/roundpyramid_754_pixel.jpg\" alt=\"\" width=\"250\" height=\"188\" \/><\/p>\n","protected":false},"excerpt":{"rendered":"<p>\u020ant\u0103re\u015fte \u015fi promoveaz\u0103 energia Yin. Ne conecteaz\u0103 cu planeta mam\u0103 p\u0103m\u00e2nt. Energia cre\u015fte \u015fi sus\u0163ine vitalitatea in vortexul energetic.<\/p>\n","protected":false},"featured_media":2879,"template":"","meta":[],"product_brand":[],"product_cat":[58],"product_tag":[],"class_list":{"0":"post-2875","1":"product","2":"type-product","3":"status-publish","4":"has-post-thumbnail","6":"product_cat-esente-ambientale","7":"pa_size-15ml","8":"pa_size-30ml","10":"first","11":"instock","12":"shipping-taxable","13":"purchasable","14":"product-type-variable","15":"has-default-attributes"},"_links":{"self":[{"href":"https:\/\/esentevibrationale.com\/index.php?rest_route=\/wp\/v2\/product\/2875","targetHints":{"allow":["GET"]}}],"collection":[{"href":"https:\/\/esentevibrationale.com\/index.php?rest_route=\/wp\/v2\/product"}],"about":[{"href":"https:\/\/esentevibrationale.com\/index.php?rest_route=\/wp\/v2\/types\/product"}],"wp:featuredmedia":[{"embeddable":true,"href":"https:\/\/esentevibrationale.com\/index.php?rest_route=\/wp\/v2\/media\/2879"}],"wp:attachment":[{"href":"https:\/\/esentevibrationale.com\/index.php?rest_route=%2Fwp%2Fv2%2Fmedia&parent=2875"}],"wp:term":[{"taxonomy":"product_brand","embeddable":true,"href":"https:\/\/esentevibrationale.com\/index.php?rest_route=%2Fwp%2Fv2%2Fproduct_brand&post=2875"},{"taxonomy":"product_cat","embeddable":true,"href":"https:\/\/esentevibrationale.com\/index.php?rest_route=%2Fwp%2Fv2%2Fproduct_cat&post=2875"},{"taxonomy":"product_tag","embeddable":true,"href":"https:\/\/esentevibrationale.com\/index.php?rest_route=%2Fwp%2Fv2%2Fproduct_tag&post=2875"}],"curies":[{"name":"wp","href":"https:\/\/api.w.org\/{rel}","templated":true}]}}