{"id":2880,"date":"2018-11-28T16:08:43","date_gmt":"2018-11-28T15:08:43","guid":{"rendered":"https:\/\/phiessences.com\/Romania\/?post_type=product&#038;p=2880"},"modified":"2026-01-03T17:56:50","modified_gmt":"2026-01-03T15:56:50","slug":"teotihuacan-sun-pyramid-piramida-soarelui-din-teotihuacan","status":"publish","type":"product","link":"https:\/\/esentevibrationale.com\/?product=teotihuacan-sun-pyramid-piramida-soarelui-din-teotihuacan","title":{"rendered":"Teotihuac\u00e1n Sun Pyramid \/ Piramida Soarelui din Teotihuac\u00e1n"},"content":{"rendered":"<p>Esen\u0163a ne conecteaz\u0103 cu P\u0103m\u00e2ntul, cu lumina interioar\u0103, deschide Chakra coroan\u0103 \u015fi \u00eent\u0103re\u015fte corpul nostru de lumin\u0103 (aura).<\/p>\n<p><img loading=\"lazy\" decoding=\"async\" class=\"alignnone size-full wp-image-2883\" src=\"https:\/\/phiessences.com\/Romania\/wp-content\/uploads\/2018\/11\/sonnenpyramide_754_pixel.jpg\" alt=\"\" width=\"350\" height=\"263\" srcset=\"https:\/\/esentevibrationale.com\/wp-content\/uploads\/2018\/11\/sonnenpyramide_754_pixel.jpg 350w, https:\/\/esentevibrationale.com\/wp-content\/uploads\/2018\/11\/sonnenpyramide_754_pixel-300x225.jpg 300w\" sizes=\"auto, (max-width: 350px) 100vw, 350px\" \/><\/p>\n<p>&nbsp;<\/p>\n","protected":false},"excerpt":{"rendered":"<p>Esen\u0163a ne conecteaz\u0103 cu P\u0103m\u00e2ntul, cu lumina interioar\u0103, deschide Chakra coroan\u0103 \u015fi \u00eent\u0103re\u015fte corpul nostru de lumin\u0103 (aura). &nbsp;<\/p>\n","protected":false},"featured_media":2883,"template":"","meta":[],"product_brand":[],"product_cat":[58],"product_tag":[],"class_list":{"0":"post-2880","1":"product","2":"type-product","3":"status-publish","4":"has-post-thumbnail","6":"product_cat-esente-ambientale","7":"pa_size-15ml","8":"pa_size-30ml","10":"first","11":"instock","12":"shipping-taxable","13":"purchasable","14":"product-type-variable","15":"has-default-attributes"},"_links":{"self":[{"href":"https:\/\/esentevibrationale.com\/index.php?rest_route=\/wp\/v2\/product\/2880","targetHints":{"allow":["GET"]}}],"collection":[{"href":"https:\/\/esentevibrationale.com\/index.php?rest_route=\/wp\/v2\/product"}],"about":[{"href":"https:\/\/esentevibrationale.com\/index.php?rest_route=\/wp\/v2\/types\/product"}],"wp:featuredmedia":[{"embeddable":true,"href":"https:\/\/esentevibrationale.com\/index.php?rest_route=\/wp\/v2\/media\/2883"}],"wp:attachment":[{"href":"https:\/\/esentevibrationale.com\/index.php?rest_route=%2Fwp%2Fv2%2Fmedia&parent=2880"}],"wp:term":[{"taxonomy":"product_brand","embeddable":true,"href":"https:\/\/esentevibrationale.com\/index.php?rest_route=%2Fwp%2Fv2%2Fproduct_brand&post=2880"},{"taxonomy":"product_cat","embeddable":true,"href":"https:\/\/esentevibrationale.com\/index.php?rest_route=%2Fwp%2Fv2%2Fproduct_cat&post=2880"},{"taxonomy":"product_tag","embeddable":true,"href":"https:\/\/esentevibrationale.com\/index.php?rest_route=%2Fwp%2Fv2%2Fproduct_tag&post=2880"}],"curies":[{"name":"wp","href":"https:\/\/api.w.org\/{rel}","templated":true}]}}