{"id":2890,"date":"2018-11-28T17:19:20","date_gmt":"2018-11-28T16:19:20","guid":{"rendered":"https:\/\/phiessences.com\/Romania\/?post_type=product&#038;p=2890"},"modified":"2026-01-02T16:18:59","modified_gmt":"2026-01-02T14:18:59","slug":"amazone-sea-cow-vaca-de-mare-din-amazon","status":"publish","type":"product","link":"https:\/\/esentevibrationale.com\/?product=amazone-sea-cow-vaca-de-mare-din-amazon","title":{"rendered":"Amazone Sea Cow \/ Vaca de Mare din Amazon"},"content":{"rendered":"<p><strong>(Trichechus inunguis)<\/strong><\/p>\n<p>Esen\u0163a ne ofer\u0103 pace, \u00eencredere \u0219i lini\u0219te. Este potrivit\u0103 pentru persoanele stresate s\u0103 revin\u0103 la un punct de pace interioar\u0103. G\u0103sim echilibrul \u015fi armonia cu natura.<\/p>\n","protected":false},"excerpt":{"rendered":"<p>(Trichechus inunguis) Esen\u0163a ne ofer\u0103 pace, \u00eencredere \u0219i lini\u0219te. Este potrivit\u0103 pentru persoanele stresate s\u0103 revin\u0103 la un punct de pace interioar\u0103. G\u0103sim echilibrul \u015fi armonia cu natura.<\/p>\n","protected":false},"featured_media":2893,"template":"","meta":[],"product_brand":[],"product_cat":[59],"product_tag":[],"class_list":{"0":"post-2890","1":"product","2":"type-product","3":"status-publish","4":"has-post-thumbnail","6":"product_cat-esente-de-animale-2","7":"pa_size-15ml","8":"pa_size-30ml","10":"first","11":"instock","12":"shipping-taxable","13":"purchasable","14":"product-type-variable","15":"has-default-attributes"},"_links":{"self":[{"href":"https:\/\/esentevibrationale.com\/index.php?rest_route=\/wp\/v2\/product\/2890","targetHints":{"allow":["GET"]}}],"collection":[{"href":"https:\/\/esentevibrationale.com\/index.php?rest_route=\/wp\/v2\/product"}],"about":[{"href":"https:\/\/esentevibrationale.com\/index.php?rest_route=\/wp\/v2\/types\/product"}],"wp:featuredmedia":[{"embeddable":true,"href":"https:\/\/esentevibrationale.com\/index.php?rest_route=\/wp\/v2\/media\/2893"}],"wp:attachment":[{"href":"https:\/\/esentevibrationale.com\/index.php?rest_route=%2Fwp%2Fv2%2Fmedia&parent=2890"}],"wp:term":[{"taxonomy":"product_brand","embeddable":true,"href":"https:\/\/esentevibrationale.com\/index.php?rest_route=%2Fwp%2Fv2%2Fproduct_brand&post=2890"},{"taxonomy":"product_cat","embeddable":true,"href":"https:\/\/esentevibrationale.com\/index.php?rest_route=%2Fwp%2Fv2%2Fproduct_cat&post=2890"},{"taxonomy":"product_tag","embeddable":true,"href":"https:\/\/esentevibrationale.com\/index.php?rest_route=%2Fwp%2Fv2%2Fproduct_tag&post=2890"}],"curies":[{"name":"wp","href":"https:\/\/api.w.org\/{rel}","templated":true}]}}