{"id":2895,"date":"2018-11-28T17:28:34","date_gmt":"2018-11-28T16:28:34","guid":{"rendered":"https:\/\/phiessences.com\/Romania\/?post_type=product&#038;p=2895"},"modified":"2026-01-02T16:24:56","modified_gmt":"2026-01-02T14:24:56","slug":"ant-furnica","status":"publish","type":"product","link":"https:\/\/esentevibrationale.com\/?product=ant-furnica","title":{"rendered":"Ant \/ Furnica"},"content":{"rendered":"<p><strong>(Formicidae)<\/strong><\/p>\n<p>Esen\u0163a poate ajuta energetic la echilibrarea acidit\u0103\u0163ii \u00een corp, s\u0103 dizolve depunerile din articula\u0163ii \u015fi din \u00eencheieturi. \u020anv\u0103\u0163\u0103m s\u0103 dep\u0103\u015fim energia egoului din plexul solar \u015fi s\u0103 dezvolt\u0103m voin\u0163\u0103 \u00eenterioar\u0103 \u015fi determinare pentru binele tuturor.<\/p>\n","protected":false},"excerpt":{"rendered":"<p>(Formicidae) Esen\u0163a poate ajuta energetic la echilibrarea acidit\u0103\u0163ii \u00een corp, s\u0103 dizolve depunerile din articula\u0163ii \u015fi din \u00eencheieturi. \u020anv\u0103\u0163\u0103m s\u0103 dep\u0103\u015fim energia egoului din plexul solar \u015fi s\u0103 dezvolt\u0103m voin\u0163\u0103 \u00eenterioar\u0103 \u015fi determinare pentru binele tuturor.<\/p>\n","protected":false},"featured_media":2896,"template":"","meta":[],"product_brand":[],"product_cat":[59],"product_tag":[],"class_list":{"0":"post-2895","1":"product","2":"type-product","3":"status-publish","4":"has-post-thumbnail","6":"product_cat-esente-de-animale-2","7":"pa_size-15ml","8":"pa_size-30ml","10":"first","11":"instock","12":"shipping-taxable","13":"purchasable","14":"product-type-variable","15":"has-default-attributes"},"_links":{"self":[{"href":"https:\/\/esentevibrationale.com\/index.php?rest_route=\/wp\/v2\/product\/2895","targetHints":{"allow":["GET"]}}],"collection":[{"href":"https:\/\/esentevibrationale.com\/index.php?rest_route=\/wp\/v2\/product"}],"about":[{"href":"https:\/\/esentevibrationale.com\/index.php?rest_route=\/wp\/v2\/types\/product"}],"wp:featuredmedia":[{"embeddable":true,"href":"https:\/\/esentevibrationale.com\/index.php?rest_route=\/wp\/v2\/media\/2896"}],"wp:attachment":[{"href":"https:\/\/esentevibrationale.com\/index.php?rest_route=%2Fwp%2Fv2%2Fmedia&parent=2895"}],"wp:term":[{"taxonomy":"product_brand","embeddable":true,"href":"https:\/\/esentevibrationale.com\/index.php?rest_route=%2Fwp%2Fv2%2Fproduct_brand&post=2895"},{"taxonomy":"product_cat","embeddable":true,"href":"https:\/\/esentevibrationale.com\/index.php?rest_route=%2Fwp%2Fv2%2Fproduct_cat&post=2895"},{"taxonomy":"product_tag","embeddable":true,"href":"https:\/\/esentevibrationale.com\/index.php?rest_route=%2Fwp%2Fv2%2Fproduct_tag&post=2895"}],"curies":[{"name":"wp","href":"https:\/\/api.w.org\/{rel}","templated":true}]}}