{"id":2897,"date":"2018-11-28T17:35:54","date_gmt":"2018-11-28T16:35:54","guid":{"rendered":"https:\/\/phiessences.com\/Romania\/?post_type=product&#038;p=2897"},"modified":"2026-01-02T16:25:49","modified_gmt":"2026-01-02T14:25:49","slug":"bee-albina","status":"publish","type":"product","link":"https:\/\/esentevibrationale.com\/?product=bee-albina","title":{"rendered":"Bee \/ Albina"},"content":{"rendered":"<p><strong>(Apis mellifera linnaeus)<\/strong><\/p>\n<p>Aceast\u0103 esen\u0163\u0103 energetic\u0103 ne d\u0103 sentimentul de bucurie interioar\u0103 \u015fi de lumin\u0103 interioar\u0103. Din punct de vedere energetic ne poate ajuta la echilibrarea zah\u0103rului \u00een corp. \u020anv\u0103\u0163\u0103m s\u0103 ne deschidem inima \u015fi s\u0103 ne bucur\u0103m de dulcea\u0163a vie\u0163ii.<\/p>\n","protected":false},"excerpt":{"rendered":"<p>(Apis mellifera linnaeus) Aceast\u0103 esen\u0163\u0103 energetic\u0103 ne d\u0103 sentimentul de bucurie interioar\u0103 \u015fi de lumin\u0103 interioar\u0103. Din punct de vedere energetic ne poate ajuta la echilibrarea zah\u0103rului \u00een corp. \u020anv\u0103\u0163\u0103m s\u0103 ne deschidem inima \u015fi s\u0103 ne bucur\u0103m de dulcea\u0163a vie\u0163ii.<\/p>\n","protected":false},"featured_media":2900,"template":"","meta":[],"product_brand":[],"product_cat":[59],"product_tag":[],"class_list":{"0":"post-2897","1":"product","2":"type-product","3":"status-publish","4":"has-post-thumbnail","6":"product_cat-esente-de-animale-2","7":"pa_size-15ml","8":"pa_size-30ml","10":"first","11":"instock","12":"shipping-taxable","13":"purchasable","14":"product-type-variable","15":"has-default-attributes"},"_links":{"self":[{"href":"https:\/\/esentevibrationale.com\/index.php?rest_route=\/wp\/v2\/product\/2897","targetHints":{"allow":["GET"]}}],"collection":[{"href":"https:\/\/esentevibrationale.com\/index.php?rest_route=\/wp\/v2\/product"}],"about":[{"href":"https:\/\/esentevibrationale.com\/index.php?rest_route=\/wp\/v2\/types\/product"}],"wp:featuredmedia":[{"embeddable":true,"href":"https:\/\/esentevibrationale.com\/index.php?rest_route=\/wp\/v2\/media\/2900"}],"wp:attachment":[{"href":"https:\/\/esentevibrationale.com\/index.php?rest_route=%2Fwp%2Fv2%2Fmedia&parent=2897"}],"wp:term":[{"taxonomy":"product_brand","embeddable":true,"href":"https:\/\/esentevibrationale.com\/index.php?rest_route=%2Fwp%2Fv2%2Fproduct_brand&post=2897"},{"taxonomy":"product_cat","embeddable":true,"href":"https:\/\/esentevibrationale.com\/index.php?rest_route=%2Fwp%2Fv2%2Fproduct_cat&post=2897"},{"taxonomy":"product_tag","embeddable":true,"href":"https:\/\/esentevibrationale.com\/index.php?rest_route=%2Fwp%2Fv2%2Fproduct_tag&post=2897"}],"curies":[{"name":"wp","href":"https:\/\/api.w.org\/{rel}","templated":true}]}}