{"id":2905,"date":"2018-11-28T18:10:21","date_gmt":"2018-11-28T17:10:21","guid":{"rendered":"https:\/\/phiessences.com\/Romania\/?post_type=product&#038;p=2905"},"modified":"2026-01-02T16:26:38","modified_gmt":"2026-01-02T14:26:38","slug":"camel-camila","status":"publish","type":"product","link":"https:\/\/esentevibrationale.com\/?product=camel-camila","title":{"rendered":"Camel \/ C\u0103mila"},"content":{"rendered":"<p><strong>(Camelus bacterianus)<\/strong><\/p>\n<p>Aceast\u0103 esen\u0163\u0103 ne d\u0103 energie \u015fi voin\u0163\u0103 s\u0103 ne putem sus\u0163ine \u00een timpul situa\u0163iilor dificile, s\u0103 rezist\u0103m \u015fi s\u0103 ne \u00eent\u0103rim instinctele noastre de supravie\u0163uire. \u020anv\u0103\u0163\u0103m s\u0103 avem \u00eencredere \u00een Dumnezeu \u015fi c\u0103 totul se va termina bine.<\/p>\n","protected":false},"excerpt":{"rendered":"<p>(Camelus bacterianus) Aceast\u0103 esen\u0163\u0103 ne d\u0103 energie \u015fi voin\u0163\u0103 s\u0103 ne putem sus\u0163ine \u00een timpul situa\u0163iilor dificile, s\u0103 rezist\u0103m \u015fi s\u0103 ne \u00eent\u0103rim instinctele noastre de supravie\u0163uire. \u020anv\u0103\u0163\u0103m s\u0103 avem \u00eencredere \u00een Dumnezeu \u015fi c\u0103 totul se va termina bine.<\/p>\n","protected":false},"featured_media":2908,"template":"","meta":[],"product_brand":[],"product_cat":[59],"product_tag":[],"class_list":{"0":"post-2905","1":"product","2":"type-product","3":"status-publish","4":"has-post-thumbnail","6":"product_cat-esente-de-animale-2","7":"pa_size-15ml","8":"pa_size-30ml","10":"first","11":"instock","12":"shipping-taxable","13":"purchasable","14":"product-type-variable","15":"has-default-attributes"},"_links":{"self":[{"href":"https:\/\/esentevibrationale.com\/index.php?rest_route=\/wp\/v2\/product\/2905","targetHints":{"allow":["GET"]}}],"collection":[{"href":"https:\/\/esentevibrationale.com\/index.php?rest_route=\/wp\/v2\/product"}],"about":[{"href":"https:\/\/esentevibrationale.com\/index.php?rest_route=\/wp\/v2\/types\/product"}],"wp:featuredmedia":[{"embeddable":true,"href":"https:\/\/esentevibrationale.com\/index.php?rest_route=\/wp\/v2\/media\/2908"}],"wp:attachment":[{"href":"https:\/\/esentevibrationale.com\/index.php?rest_route=%2Fwp%2Fv2%2Fmedia&parent=2905"}],"wp:term":[{"taxonomy":"product_brand","embeddable":true,"href":"https:\/\/esentevibrationale.com\/index.php?rest_route=%2Fwp%2Fv2%2Fproduct_brand&post=2905"},{"taxonomy":"product_cat","embeddable":true,"href":"https:\/\/esentevibrationale.com\/index.php?rest_route=%2Fwp%2Fv2%2Fproduct_cat&post=2905"},{"taxonomy":"product_tag","embeddable":true,"href":"https:\/\/esentevibrationale.com\/index.php?rest_route=%2Fwp%2Fv2%2Fproduct_tag&post=2905"}],"curies":[{"name":"wp","href":"https:\/\/api.w.org\/{rel}","templated":true}]}}