{"id":2910,"date":"2018-11-30T10:21:12","date_gmt":"2018-11-30T09:21:12","guid":{"rendered":"https:\/\/phiessences.com\/Romania\/?post_type=product&#038;p=2910"},"modified":"2026-01-02T16:27:33","modified_gmt":"2026-01-02T14:27:33","slug":"flamingo-flamingo","status":"publish","type":"product","link":"https:\/\/esentevibrationale.com\/?product=flamingo-flamingo","title":{"rendered":"Flamingo \/ Flamingo"},"content":{"rendered":"<p><strong>(Phoenicopterus ruber)<\/strong><\/p>\n<p>Esen\u0163a ne poate ajuta s\u0103 cre\u0103m o postur\u0103 mai bun\u0103. Ne ridic\u0103m intern \u015fi putem \u00eenva\u0163a s\u0103 fim one\u015fti cu noi \u00een\u015fine \u015fi clari cu ceilal\u0163i, astfel \u00eenc\u00e2t putem dezvolta o mai bun\u0103 via\u0163\u0103 social\u0103 respect\u00e2ndu-i pe ceilal\u0163i \u015fi pe noi.<\/p>\n","protected":false},"excerpt":{"rendered":"<p>(Phoenicopterus ruber) Esen\u0163a ne poate ajuta s\u0103 cre\u0103m o postur\u0103 mai bun\u0103. Ne ridic\u0103m intern \u015fi putem \u00eenva\u0163a s\u0103 fim one\u015fti cu noi \u00een\u015fine \u015fi clari cu ceilal\u0163i, astfel \u00eenc\u00e2t putem dezvolta o mai bun\u0103 via\u0163\u0103 social\u0103 respect\u00e2ndu-i pe ceilal\u0163i \u015fi pe noi.<\/p>\n","protected":false},"featured_media":2885,"template":"","meta":[],"product_brand":[],"product_cat":[59],"product_tag":[],"class_list":{"0":"post-2910","1":"product","2":"type-product","3":"status-publish","4":"has-post-thumbnail","6":"product_cat-esente-de-animale-2","7":"pa_size-15ml","8":"pa_size-30ml","10":"first","11":"instock","12":"shipping-taxable","13":"purchasable","14":"product-type-variable","15":"has-default-attributes"},"_links":{"self":[{"href":"https:\/\/esentevibrationale.com\/index.php?rest_route=\/wp\/v2\/product\/2910","targetHints":{"allow":["GET"]}}],"collection":[{"href":"https:\/\/esentevibrationale.com\/index.php?rest_route=\/wp\/v2\/product"}],"about":[{"href":"https:\/\/esentevibrationale.com\/index.php?rest_route=\/wp\/v2\/types\/product"}],"wp:featuredmedia":[{"embeddable":true,"href":"https:\/\/esentevibrationale.com\/index.php?rest_route=\/wp\/v2\/media\/2885"}],"wp:attachment":[{"href":"https:\/\/esentevibrationale.com\/index.php?rest_route=%2Fwp%2Fv2%2Fmedia&parent=2910"}],"wp:term":[{"taxonomy":"product_brand","embeddable":true,"href":"https:\/\/esentevibrationale.com\/index.php?rest_route=%2Fwp%2Fv2%2Fproduct_brand&post=2910"},{"taxonomy":"product_cat","embeddable":true,"href":"https:\/\/esentevibrationale.com\/index.php?rest_route=%2Fwp%2Fv2%2Fproduct_cat&post=2910"},{"taxonomy":"product_tag","embeddable":true,"href":"https:\/\/esentevibrationale.com\/index.php?rest_route=%2Fwp%2Fv2%2Fproduct_tag&post=2910"}],"curies":[{"name":"wp","href":"https:\/\/api.w.org\/{rel}","templated":true}]}}