{"id":2918,"date":"2018-11-30T11:01:53","date_gmt":"2018-11-30T10:01:53","guid":{"rendered":"https:\/\/phiessences.com\/Romania\/?post_type=product&#038;p=2918"},"modified":"2026-01-02T16:28:26","modified_gmt":"2026-01-02T14:28:26","slug":"gibbon-gibon","status":"publish","type":"product","link":"https:\/\/esentevibrationale.com\/?product=gibbon-gibon","title":{"rendered":"Gibbon \/ Gibon"},"content":{"rendered":"<p><strong>(Hylobates pileatus)<\/strong><\/p>\n<p>Aceast\u0103 esen\u0163\u0103 ne d\u0103 sentimentul de armonie interioar\u0103 \u015fi de emancipa\u0163ie \u00een cadrul unui grup sau al familiei. \u020anv\u0103\u0163\u0103m s\u0103 comunic\u0103m clar \u015fi s\u0103\u00a0 eliber\u0103m stresul \u015fi conflictele, \u00een\u0163elegem c\u0103 via\u0163a poate fi minunat\u0103 \u015fi u\u015foar\u0103.<\/p>\n","protected":false},"excerpt":{"rendered":"<p>(Hylobates pileatus) Aceast\u0103 esen\u0163\u0103 ne d\u0103 sentimentul de armonie interioar\u0103 \u015fi de emancipa\u0163ie \u00een cadrul unui grup sau al familiei. \u020anv\u0103\u0163\u0103m s\u0103 comunic\u0103m clar \u015fi s\u0103\u00a0 eliber\u0103m stresul \u015fi conflictele, \u00een\u0163elegem c\u0103 via\u0163a poate fi minunat\u0103 \u015fi u\u015foar\u0103.<\/p>\n","protected":false},"featured_media":2921,"template":"","meta":[],"product_brand":[],"product_cat":[59],"product_tag":[],"class_list":{"0":"post-2918","1":"product","2":"type-product","3":"status-publish","4":"has-post-thumbnail","6":"product_cat-esente-de-animale-2","7":"pa_size-15ml","8":"pa_size-30ml","10":"first","11":"instock","12":"shipping-taxable","13":"purchasable","14":"product-type-variable","15":"has-default-attributes"},"_links":{"self":[{"href":"https:\/\/esentevibrationale.com\/index.php?rest_route=\/wp\/v2\/product\/2918","targetHints":{"allow":["GET"]}}],"collection":[{"href":"https:\/\/esentevibrationale.com\/index.php?rest_route=\/wp\/v2\/product"}],"about":[{"href":"https:\/\/esentevibrationale.com\/index.php?rest_route=\/wp\/v2\/types\/product"}],"wp:featuredmedia":[{"embeddable":true,"href":"https:\/\/esentevibrationale.com\/index.php?rest_route=\/wp\/v2\/media\/2921"}],"wp:attachment":[{"href":"https:\/\/esentevibrationale.com\/index.php?rest_route=%2Fwp%2Fv2%2Fmedia&parent=2918"}],"wp:term":[{"taxonomy":"product_brand","embeddable":true,"href":"https:\/\/esentevibrationale.com\/index.php?rest_route=%2Fwp%2Fv2%2Fproduct_brand&post=2918"},{"taxonomy":"product_cat","embeddable":true,"href":"https:\/\/esentevibrationale.com\/index.php?rest_route=%2Fwp%2Fv2%2Fproduct_cat&post=2918"},{"taxonomy":"product_tag","embeddable":true,"href":"https:\/\/esentevibrationale.com\/index.php?rest_route=%2Fwp%2Fv2%2Fproduct_tag&post=2918"}],"curies":[{"name":"wp","href":"https:\/\/api.w.org\/{rel}","templated":true}]}}