{"id":292,"date":"2018-10-12T13:46:57","date_gmt":"2018-10-12T12:46:57","guid":{"rendered":"http:\/\/phiessences.com\/Romania\/?p=292"},"modified":"2026-01-03T17:22:05","modified_gmt":"2026-01-03T15:22:05","slug":"vneck-tee","status":"publish","type":"product","link":"https:\/\/esentevibrationale.com\/?product=vneck-tee","title":{"rendered":"Setul Complet 1-20 &#8211; Esen\u0163e de Orhidee din Amazon"},"content":{"rendered":"<p><span class=\"Y2IQFc\" lang=\"ro\">Orhideele ocup\u0103 o pozi\u021bie proeminent\u0103 \u00een evolu\u021bia plantelor. Ele posed\u0103 un grad ridicat de energie \u0219i inteligen\u021b\u0103, care se exprim\u0103 \u00een procesul lor unic de dezvoltare. Prin urmare, orhideele pot duce la experien\u021be de con\u0219tiin\u021b\u0103 superioar\u0103 \u0219i ne pot \u00een\u0103l\u021ba. Recomand\u0103m s\u0103 nu amesteca\u021bi esen\u021be de orhidee.<\/span><\/p>\n<p><span class=\"Y2IQFc\" lang=\"ro\"> 20 de sticlu\u021be x 15 ml.<\/span><\/p>\n<p>Produs Nr.: 020200115<\/p>\n<p>Greutate: 1,27 kg la acest pre\u0163<\/p>\n","protected":false},"excerpt":{"rendered":"<p>esen\u0163ele sunt stocate \u00een sticle de 15 ml<\/p>\n<ul>\n<li>Aggression Orchid<\/li>\n<li>Amazonas-Flu\u00dfpr\u00e4parat<\/li>\n<li>Angel Orchid<\/li>\n<li>Angel of Protection Orchid<\/li>\n<li>Channeling Orchid<\/li>\n<li>Chocolate Orchid<\/li>\n<li>Colour Orchid<\/li>\n<li>Coordination Orchid<\/li>\n<li>Deva Orchid<\/li>\n<li>F\u00fcllhorn Cattleya<\/li>\n<li>Fun Orchid<\/li>\n<li>Heart Orchid<\/li>\n<li>Higher Self Orchid<\/li>\n<li>Inspiration Orchid<\/li>\n<li>Love Orchid<\/li>\n<li>Past Life Orchid<\/li>\n<li>Psyche Orchid<\/li>\n<li>Sun Orchid<\/li>\n<li>Venus Orchid<\/li>\n<li>Victoria Regia<\/li>\n<\/ul>\n<p>&nbsp;<\/p>\n","protected":false},"featured_media":333,"template":"","meta":[],"product_brand":[],"product_cat":[25],"product_tag":[26],"class_list":{"0":"post-292","1":"product","2":"type-product","3":"status-publish","4":"has-post-thumbnail","6":"product_cat-esente-de-orhidee-din-amazon","7":"product_tag-esente-de-orhidee-din-amazon","9":"first","10":"instock","11":"shipping-taxable","12":"purchasable","13":"product-type-simple"},"_links":{"self":[{"href":"https:\/\/esentevibrationale.com\/index.php?rest_route=\/wp\/v2\/product\/292","targetHints":{"allow":["GET"]}}],"collection":[{"href":"https:\/\/esentevibrationale.com\/index.php?rest_route=\/wp\/v2\/product"}],"about":[{"href":"https:\/\/esentevibrationale.com\/index.php?rest_route=\/wp\/v2\/types\/product"}],"wp:featuredmedia":[{"embeddable":true,"href":"https:\/\/esentevibrationale.com\/index.php?rest_route=\/wp\/v2\/media\/333"}],"wp:attachment":[{"href":"https:\/\/esentevibrationale.com\/index.php?rest_route=%2Fwp%2Fv2%2Fmedia&parent=292"}],"wp:term":[{"taxonomy":"product_brand","embeddable":true,"href":"https:\/\/esentevibrationale.com\/index.php?rest_route=%2Fwp%2Fv2%2Fproduct_brand&post=292"},{"taxonomy":"product_cat","embeddable":true,"href":"https:\/\/esentevibrationale.com\/index.php?rest_route=%2Fwp%2Fv2%2Fproduct_cat&post=292"},{"taxonomy":"product_tag","embeddable":true,"href":"https:\/\/esentevibrationale.com\/index.php?rest_route=%2Fwp%2Fv2%2Fproduct_tag&post=292"}],"curies":[{"name":"wp","href":"https:\/\/api.w.org\/{rel}","templated":true}]}}