{"id":2922,"date":"2018-11-30T11:13:57","date_gmt":"2018-11-30T10:13:57","guid":{"rendered":"https:\/\/phiessences.com\/Romania\/?post_type=product&#038;p=2922"},"modified":"2026-01-02T16:29:09","modified_gmt":"2026-01-02T14:29:09","slug":"2922","status":"publish","type":"product","link":"https:\/\/esentevibrationale.com\/?product=2922","title":{"rendered":"Giraffe \/ Girafa"},"content":{"rendered":"<p><strong>(Giraffa camelopardalis)<\/strong><\/p>\n<p>Esen\u0163a ne poate sprijinii la \u00eent\u0103rirea energetic\u0103 a musculaturii spatelui \u00eempreun\u0103 cu exercitiile fizice. \u020anv\u0103\u0163\u0103m s\u0103 ne relax\u0103m \u015fi s\u0103 avem o viziune de via\u0163\u0103 complet\u0103, astfel ne sim\u0163im din ce \u00een ce mai siguri \u015fi \u00eencrez\u0103tori \u00een noi \u00een\u015fine.<\/p>\n","protected":false},"excerpt":{"rendered":"<p>(Giraffa camelopardalis) Esen\u0163a ne poate sprijinii la \u00eent\u0103rirea energetic\u0103 a musculaturii spatelui \u00eempreun\u0103 cu exercitiile fizice. \u020anv\u0103\u0163\u0103m s\u0103 ne relax\u0103m \u015fi s\u0103 avem o viziune de via\u0163\u0103 complet\u0103, astfel ne sim\u0163im din ce \u00een ce mai siguri \u015fi \u00eencrez\u0103tori \u00een noi \u00een\u015fine.<\/p>\n","protected":false},"featured_media":2925,"template":"","meta":[],"product_brand":[],"product_cat":[59],"product_tag":[],"class_list":{"0":"post-2922","1":"product","2":"type-product","3":"status-publish","4":"has-post-thumbnail","6":"product_cat-esente-de-animale-2","7":"pa_size-15ml","8":"pa_size-30ml","10":"first","11":"instock","12":"shipping-taxable","13":"purchasable","14":"product-type-variable","15":"has-default-attributes"},"_links":{"self":[{"href":"https:\/\/esentevibrationale.com\/index.php?rest_route=\/wp\/v2\/product\/2922","targetHints":{"allow":["GET"]}}],"collection":[{"href":"https:\/\/esentevibrationale.com\/index.php?rest_route=\/wp\/v2\/product"}],"about":[{"href":"https:\/\/esentevibrationale.com\/index.php?rest_route=\/wp\/v2\/types\/product"}],"wp:featuredmedia":[{"embeddable":true,"href":"https:\/\/esentevibrationale.com\/index.php?rest_route=\/wp\/v2\/media\/2925"}],"wp:attachment":[{"href":"https:\/\/esentevibrationale.com\/index.php?rest_route=%2Fwp%2Fv2%2Fmedia&parent=2922"}],"wp:term":[{"taxonomy":"product_brand","embeddable":true,"href":"https:\/\/esentevibrationale.com\/index.php?rest_route=%2Fwp%2Fv2%2Fproduct_brand&post=2922"},{"taxonomy":"product_cat","embeddable":true,"href":"https:\/\/esentevibrationale.com\/index.php?rest_route=%2Fwp%2Fv2%2Fproduct_cat&post=2922"},{"taxonomy":"product_tag","embeddable":true,"href":"https:\/\/esentevibrationale.com\/index.php?rest_route=%2Fwp%2Fv2%2Fproduct_tag&post=2922"}],"curies":[{"name":"wp","href":"https:\/\/api.w.org\/{rel}","templated":true}]}}