{"id":2926,"date":"2018-11-30T11:26:28","date_gmt":"2018-11-30T10:26:28","guid":{"rendered":"https:\/\/phiessences.com\/Romania\/?post_type=product&#038;p=2926"},"modified":"2026-01-02T16:30:22","modified_gmt":"2026-01-02T14:30:22","slug":"gorilla-gorila","status":"publish","type":"product","link":"https:\/\/esentevibrationale.com\/?product=gorilla-gorila","title":{"rendered":"Gorilla \/ Gorila"},"content":{"rendered":"<p><strong>(Gorilla)<\/strong><\/p>\n<p>Aceast\u0103 esen\u0163\u0103 ne d\u0103 sentimentul de conectare \u00eentre putere \u015fi for\u0163\u0103 cu compasiunea \u015fi responsabilitatea. Deci \u00eenv\u0103\u0163\u0103m s\u0103 ne \u00eembun\u0103t\u0103\u0163im via\u0163a social\u0103 \u015fi s\u0103 \u00eent\u0103rim structurile grupului \u015fi ale familiei.<\/p>\n","protected":false},"excerpt":{"rendered":"<p>(Gorilla) Aceast\u0103 esen\u0163\u0103 ne d\u0103 sentimentul de conectare \u00eentre putere \u015fi for\u0163\u0103 cu compasiunea \u015fi responsabilitatea. Deci \u00eenv\u0103\u0163\u0103m s\u0103 ne \u00eembun\u0103t\u0103\u0163im via\u0163a social\u0103 \u015fi s\u0103 \u00eent\u0103rim structurile grupului \u015fi ale familiei.<\/p>\n","protected":false},"featured_media":2929,"template":"","meta":[],"product_brand":[],"product_cat":[59],"product_tag":[],"class_list":{"0":"post-2926","1":"product","2":"type-product","3":"status-publish","4":"has-post-thumbnail","6":"product_cat-esente-de-animale-2","7":"pa_size-15ml","8":"pa_size-30ml","10":"first","11":"instock","12":"shipping-taxable","13":"purchasable","14":"product-type-variable","15":"has-default-attributes"},"_links":{"self":[{"href":"https:\/\/esentevibrationale.com\/index.php?rest_route=\/wp\/v2\/product\/2926","targetHints":{"allow":["GET"]}}],"collection":[{"href":"https:\/\/esentevibrationale.com\/index.php?rest_route=\/wp\/v2\/product"}],"about":[{"href":"https:\/\/esentevibrationale.com\/index.php?rest_route=\/wp\/v2\/types\/product"}],"wp:featuredmedia":[{"embeddable":true,"href":"https:\/\/esentevibrationale.com\/index.php?rest_route=\/wp\/v2\/media\/2929"}],"wp:attachment":[{"href":"https:\/\/esentevibrationale.com\/index.php?rest_route=%2Fwp%2Fv2%2Fmedia&parent=2926"}],"wp:term":[{"taxonomy":"product_brand","embeddable":true,"href":"https:\/\/esentevibrationale.com\/index.php?rest_route=%2Fwp%2Fv2%2Fproduct_brand&post=2926"},{"taxonomy":"product_cat","embeddable":true,"href":"https:\/\/esentevibrationale.com\/index.php?rest_route=%2Fwp%2Fv2%2Fproduct_cat&post=2926"},{"taxonomy":"product_tag","embeddable":true,"href":"https:\/\/esentevibrationale.com\/index.php?rest_route=%2Fwp%2Fv2%2Fproduct_tag&post=2926"}],"curies":[{"name":"wp","href":"https:\/\/api.w.org\/{rel}","templated":true}]}}