{"id":2946,"date":"2018-11-30T17:42:41","date_gmt":"2018-11-30T16:42:41","guid":{"rendered":"https:\/\/phiessences.com\/Romania\/?post_type=product&#038;p=2946"},"modified":"2026-01-08T15:13:43","modified_gmt":"2026-01-08T13:13:43","slug":"103-waylands-smithy-uk-2008-waylands-smithy-marea-britanie-2008","status":"publish","type":"product","link":"https:\/\/esentevibrationale.com\/?product=103-waylands-smithy-uk-2008-waylands-smithy-marea-britanie-2008","title":{"rendered":"103.) Waylands Smithy, UK (2008) \/ Waylands Smithy, Marea Britanie (2008)"},"content":{"rendered":"<p><img decoding=\"async\" class=\"img-responsive\" title=\"103.) Waylands Smithy, UK (2008)\" src=\"https:\/\/www.phiessences.com\/images\/product_images\/info_images\/nr._103.jpg\" alt=\"103.) Waylands Smithy, UK (2008)\" data-magnifier-src=\"images\/product_images\/original_images\/nr._103.jpg\" \/><\/p>\n<p>O forma\u0163iune imens\u0103 compus\u0103 din 168 de cercuri mai mici \u0219i 112 mai mari. Aceast\u0103 esen\u0163\u0103 este util\u0103 pentru vindecarea P\u0103m\u00e2ntului. Aduce informa\u0163ia de iubire P\u0103m\u00e2ntului. Determin\u0103 oamenii s\u0103\u00a0 fie \u00eempreun\u0103 respect\u00e2ndu-se \u015fi sus\u0163in\u00e2ndu-se reciproc, amintindu-\u015fi de individualitatea fiec\u0103ruia.<\/p>\n","protected":false},"excerpt":{"rendered":"<p>O forma\u0163iune imens\u0103 compus\u0103 din 168 de cercuri mai mici \u0219i 112 mai mari. Aceast\u0103 esen\u0163\u0103 este util\u0103 pentru vindecarea P\u0103m\u00e2ntului. Aduce informa\u0163ia de iubire P\u0103m\u00e2ntului. Determin\u0103 oamenii s\u0103\u00a0 fie \u00eempreun\u0103 respect\u00e2ndu-se \u015fi sus\u0163in\u00e2ndu-se reciproc, amintindu-\u015fi de individualitatea fiec\u0103ruia.<\/p>\n","protected":false},"featured_media":2949,"template":"","meta":[],"product_brand":[],"product_cat":[54],"product_tag":[],"class_list":{"0":"post-2946","1":"product","2":"type-product","3":"status-publish","4":"has-post-thumbnail","6":"product_cat-esentele-crete-cu-ajutorul-energiei-cercurilor-aparute-in-lanurile-de-recolte","7":"pa_size-15ml","8":"pa_size-30ml","10":"first","11":"instock","12":"shipping-taxable","13":"purchasable","14":"product-type-variable","15":"has-default-attributes"},"_links":{"self":[{"href":"https:\/\/esentevibrationale.com\/index.php?rest_route=\/wp\/v2\/product\/2946","targetHints":{"allow":["GET"]}}],"collection":[{"href":"https:\/\/esentevibrationale.com\/index.php?rest_route=\/wp\/v2\/product"}],"about":[{"href":"https:\/\/esentevibrationale.com\/index.php?rest_route=\/wp\/v2\/types\/product"}],"wp:featuredmedia":[{"embeddable":true,"href":"https:\/\/esentevibrationale.com\/index.php?rest_route=\/wp\/v2\/media\/2949"}],"wp:attachment":[{"href":"https:\/\/esentevibrationale.com\/index.php?rest_route=%2Fwp%2Fv2%2Fmedia&parent=2946"}],"wp:term":[{"taxonomy":"product_brand","embeddable":true,"href":"https:\/\/esentevibrationale.com\/index.php?rest_route=%2Fwp%2Fv2%2Fproduct_brand&post=2946"},{"taxonomy":"product_cat","embeddable":true,"href":"https:\/\/esentevibrationale.com\/index.php?rest_route=%2Fwp%2Fv2%2Fproduct_cat&post=2946"},{"taxonomy":"product_tag","embeddable":true,"href":"https:\/\/esentevibrationale.com\/index.php?rest_route=%2Fwp%2Fv2%2Fproduct_tag&post=2946"}],"curies":[{"name":"wp","href":"https:\/\/api.w.org\/{rel}","templated":true}]}}