{"id":2951,"date":"2018-11-30T17:53:55","date_gmt":"2018-11-30T16:53:55","guid":{"rendered":"https:\/\/phiessences.com\/Romania\/?post_type=product&#038;p=2951"},"modified":"2026-01-08T15:15:01","modified_gmt":"2026-01-08T13:15:01","slug":"104-avebury-uk-2008-avebury-marea-britanie-2008","status":"publish","type":"product","link":"https:\/\/esentevibrationale.com\/?product=104-avebury-uk-2008-avebury-marea-britanie-2008","title":{"rendered":"104.) Avebury, UK (2008) \/ Avebury, Marea Britanie (2008)"},"content":{"rendered":"<p><img decoding=\"async\" class=\"img-responsive\" title=\"104.) Avebury, UK (2008)\" src=\"https:\/\/www.phiessences.com\/images\/product_images\/info_images\/nr._104.jpg\" alt=\"104.) Avebury, UK (2008)\" data-magnifier-src=\"images\/product_images\/original_images\/nr._104.jpg\" \/><\/p>\n<p>Forma\u0163iunea a ap\u0103rut direct l\u00e2ng\u0103 cercul de pietre din Avebury . Ne d\u0103 smerenia anterioar\u0103 crea\u021bia lui Dumnezeu \u015fi ne conecteaz\u0103 con\u015ftiin\u0163a noastr\u0103 cu universul. Aceasta ne aminte\u0219te c\u0103 \u0219i cercul de pietre din Avebury a func\u0163ionat ca un loc pentru comunicare cu universul. Conecteaz\u0103 P\u0103m\u00e2ntul cu universul \u015fi ne d\u0103 sentimentul c\u0103 suntem parte a unui imens \u00eentreg. Ne arat\u0103 constela\u021bia planetelor \u00een viitor (12.21.2012).<\/p>\n","protected":false},"excerpt":{"rendered":"<p>Forma\u0163iunea a ap\u0103rut direct l\u00e2ng\u0103 cercul de pietre din Avebury . Ne d\u0103 smerenia anterioar\u0103 crea\u021bia lui Dumnezeu \u015fi ne conecteaz\u0103 con\u015ftiin\u0163a noastr\u0103 cu universul. Aceasta ne aminte\u0219te c\u0103 \u0219i cercul de pietre din Avebury a func\u0163ionat ca un loc pentru comunicare cu universul. Conecteaz\u0103 P\u0103m\u00e2ntul cu universul \u015fi ne d\u0103 sentimentul c\u0103 suntem parte &hellip; <a href=\"https:\/\/esentevibrationale.com\/?product=104-avebury-uk-2008-avebury-marea-britanie-2008\" class=\"more-link\">Continu\u0103 lectura <span class=\"screen-reader-text\">104.) Avebury, UK (2008) \/ Avebury, Marea Britanie (2008)<\/span> <span class=\"meta-nav\">&rarr;<\/span><\/a><\/p>\n","protected":false},"featured_media":2952,"template":"","meta":[],"product_brand":[],"product_cat":[54],"product_tag":[],"class_list":{"0":"post-2951","1":"product","2":"type-product","3":"status-publish","4":"has-post-thumbnail","6":"product_cat-esentele-crete-cu-ajutorul-energiei-cercurilor-aparute-in-lanurile-de-recolte","7":"pa_size-15ml","8":"pa_size-30ml","10":"first","11":"instock","12":"shipping-taxable","13":"purchasable","14":"product-type-variable","15":"has-default-attributes"},"_links":{"self":[{"href":"https:\/\/esentevibrationale.com\/index.php?rest_route=\/wp\/v2\/product\/2951","targetHints":{"allow":["GET"]}}],"collection":[{"href":"https:\/\/esentevibrationale.com\/index.php?rest_route=\/wp\/v2\/product"}],"about":[{"href":"https:\/\/esentevibrationale.com\/index.php?rest_route=\/wp\/v2\/types\/product"}],"wp:featuredmedia":[{"embeddable":true,"href":"https:\/\/esentevibrationale.com\/index.php?rest_route=\/wp\/v2\/media\/2952"}],"wp:attachment":[{"href":"https:\/\/esentevibrationale.com\/index.php?rest_route=%2Fwp%2Fv2%2Fmedia&parent=2951"}],"wp:term":[{"taxonomy":"product_brand","embeddable":true,"href":"https:\/\/esentevibrationale.com\/index.php?rest_route=%2Fwp%2Fv2%2Fproduct_brand&post=2951"},{"taxonomy":"product_cat","embeddable":true,"href":"https:\/\/esentevibrationale.com\/index.php?rest_route=%2Fwp%2Fv2%2Fproduct_cat&post=2951"},{"taxonomy":"product_tag","embeddable":true,"href":"https:\/\/esentevibrationale.com\/index.php?rest_route=%2Fwp%2Fv2%2Fproduct_tag&post=2951"}],"curies":[{"name":"wp","href":"https:\/\/api.w.org\/{rel}","templated":true}]}}