{"id":2956,"date":"2018-11-30T18:16:21","date_gmt":"2018-11-30T17:16:21","guid":{"rendered":"https:\/\/phiessences.com\/Romania\/?post_type=product&#038;p=2956"},"modified":"2026-01-08T15:16:35","modified_gmt":"2026-01-08T13:16:35","slug":"105-silbury-hill-uk-2008-silbury-hill-marea-britanie-2008","status":"publish","type":"product","link":"https:\/\/esentevibrationale.com\/?product=105-silbury-hill-uk-2008-silbury-hill-marea-britanie-2008","title":{"rendered":"105.) Silbury Hill, UK (2008) \/ Silbury Hill, Marea Britanie (2008)"},"content":{"rendered":"<p><img decoding=\"async\" class=\"img-responsive\" title=\"105.) Silbury Hill, UK (2008)\" src=\"https:\/\/www.phiessences.com\/images\/product_images\/info_images\/nr._105.jpg\" alt=\"105.) Silbury Hill, UK (2008)\" data-magnifier-src=\"images\/product_images\/original_images\/nr._105.jpg\" \/><\/p>\n<p>Aceast\u0103 forma\u0163iune poate ajuta la conectarea diferitelor polarit\u0103\u021bi \u00eempreun\u0103. Energiile diferite pot ajunge \u00eempreun\u0103. Poate sprijini crearea de leg\u0103turi \u00eentre diferite grupuri de oameni sau indivizi, care altfel ar fi ostile. Ajut\u0103 oamenii s\u0103 devin\u0103 capabili s\u0103 transmit\u0103 \u015fi s\u0103 se asculte reciproc \u00een cadrul comunic\u0103rii.<\/p>\n","protected":false},"excerpt":{"rendered":"<p>Aceast\u0103 forma\u0163iune poate ajuta la conectarea diferitelor polarit\u0103\u021bi \u00eempreun\u0103. Energiile diferite pot ajunge \u00eempreun\u0103. Poate sprijini crearea de leg\u0103turi \u00eentre diferite grupuri de oameni sau indivizi, care altfel ar fi ostile. Ajut\u0103 oamenii s\u0103 devin\u0103 capabili s\u0103 transmit\u0103 \u015fi s\u0103 se asculte reciproc \u00een cadrul comunic\u0103rii.<\/p>\n","protected":false},"featured_media":3786,"template":"","meta":[],"product_brand":[],"product_cat":[54],"product_tag":[],"class_list":{"0":"post-2956","1":"product","2":"type-product","3":"status-publish","4":"has-post-thumbnail","6":"product_cat-esentele-crete-cu-ajutorul-energiei-cercurilor-aparute-in-lanurile-de-recolte","7":"pa_size-15ml","8":"pa_size-30ml","10":"first","11":"instock","12":"shipping-taxable","13":"purchasable","14":"product-type-variable","15":"has-default-attributes"},"_links":{"self":[{"href":"https:\/\/esentevibrationale.com\/index.php?rest_route=\/wp\/v2\/product\/2956","targetHints":{"allow":["GET"]}}],"collection":[{"href":"https:\/\/esentevibrationale.com\/index.php?rest_route=\/wp\/v2\/product"}],"about":[{"href":"https:\/\/esentevibrationale.com\/index.php?rest_route=\/wp\/v2\/types\/product"}],"wp:featuredmedia":[{"embeddable":true,"href":"https:\/\/esentevibrationale.com\/index.php?rest_route=\/wp\/v2\/media\/3786"}],"wp:attachment":[{"href":"https:\/\/esentevibrationale.com\/index.php?rest_route=%2Fwp%2Fv2%2Fmedia&parent=2956"}],"wp:term":[{"taxonomy":"product_brand","embeddable":true,"href":"https:\/\/esentevibrationale.com\/index.php?rest_route=%2Fwp%2Fv2%2Fproduct_brand&post=2956"},{"taxonomy":"product_cat","embeddable":true,"href":"https:\/\/esentevibrationale.com\/index.php?rest_route=%2Fwp%2Fv2%2Fproduct_cat&post=2956"},{"taxonomy":"product_tag","embeddable":true,"href":"https:\/\/esentevibrationale.com\/index.php?rest_route=%2Fwp%2Fv2%2Fproduct_tag&post=2956"}],"curies":[{"name":"wp","href":"https:\/\/api.w.org\/{rel}","templated":true}]}}