{"id":2961,"date":"2018-11-30T18:26:35","date_gmt":"2018-11-30T17:26:35","guid":{"rendered":"https:\/\/phiessences.com\/Romania\/?post_type=product&#038;p=2961"},"modified":"2026-01-08T15:17:48","modified_gmt":"2026-01-08T13:17:48","slug":"106-lockeridge-uk-2008-lockeridge-marea-britanie-2008","status":"publish","type":"product","link":"https:\/\/esentevibrationale.com\/?product=106-lockeridge-uk-2008-lockeridge-marea-britanie-2008","title":{"rendered":"106.) Lockeridge, UK (2008) \/ Lockeridge, Marea Britanie (2008)"},"content":{"rendered":"<p><img decoding=\"async\" class=\"img-responsive\" title=\"106.) Lockeridge, UK (2008)\" src=\"https:\/\/www.phiessences.com\/images\/product_images\/info_images\/nr._106.jpg\" alt=\"106.) Lockeridge, UK (2008)\" data-magnifier-src=\"images\/product_images\/original_images\/nr._106.jpg\" \/><\/p>\n<p>Forma\u0163iunea sus\u0163ine cooperarea oamenilor \u00eentr-un grup sau a indivizilor \u00een interiorul comunit\u0103\u0163ii. Ajut\u0103 persoanele s\u0103-\u0219i g\u0103seasc\u0103 propriul rol \u00een aceast\u0103 cooperare.<\/p>\n","protected":false},"excerpt":{"rendered":"<p>Forma\u0163iunea sus\u0163ine cooperarea oamenilor \u00eentr-un grup sau a indivizilor \u00een interiorul comunit\u0103\u0163ii. Ajut\u0103 persoanele s\u0103-\u0219i g\u0103seasc\u0103 propriul rol \u00een aceast\u0103 cooperare.<\/p>\n","protected":false},"featured_media":2964,"template":"","meta":[],"product_brand":[],"product_cat":[54],"product_tag":[],"class_list":{"0":"post-2961","1":"product","2":"type-product","3":"status-publish","4":"has-post-thumbnail","6":"product_cat-esentele-crete-cu-ajutorul-energiei-cercurilor-aparute-in-lanurile-de-recolte","7":"pa_size-15ml","8":"pa_size-30ml","10":"first","11":"instock","12":"shipping-taxable","13":"purchasable","14":"product-type-variable","15":"has-default-attributes"},"_links":{"self":[{"href":"https:\/\/esentevibrationale.com\/index.php?rest_route=\/wp\/v2\/product\/2961","targetHints":{"allow":["GET"]}}],"collection":[{"href":"https:\/\/esentevibrationale.com\/index.php?rest_route=\/wp\/v2\/product"}],"about":[{"href":"https:\/\/esentevibrationale.com\/index.php?rest_route=\/wp\/v2\/types\/product"}],"wp:featuredmedia":[{"embeddable":true,"href":"https:\/\/esentevibrationale.com\/index.php?rest_route=\/wp\/v2\/media\/2964"}],"wp:attachment":[{"href":"https:\/\/esentevibrationale.com\/index.php?rest_route=%2Fwp%2Fv2%2Fmedia&parent=2961"}],"wp:term":[{"taxonomy":"product_brand","embeddable":true,"href":"https:\/\/esentevibrationale.com\/index.php?rest_route=%2Fwp%2Fv2%2Fproduct_brand&post=2961"},{"taxonomy":"product_cat","embeddable":true,"href":"https:\/\/esentevibrationale.com\/index.php?rest_route=%2Fwp%2Fv2%2Fproduct_cat&post=2961"},{"taxonomy":"product_tag","embeddable":true,"href":"https:\/\/esentevibrationale.com\/index.php?rest_route=%2Fwp%2Fv2%2Fproduct_tag&post=2961"}],"curies":[{"name":"wp","href":"https:\/\/api.w.org\/{rel}","templated":true}]}}