{"id":2970,"date":"2018-11-30T18:58:08","date_gmt":"2018-11-30T17:58:08","guid":{"rendered":"https:\/\/phiessences.com\/Romania\/?post_type=product&#038;p=2970"},"modified":"2026-01-08T15:21:06","modified_gmt":"2026-01-08T13:21:06","slug":"108-goddess-alton-barnes-uk-2008-zeita-alton-barnes-marea-britanie-2008","status":"publish","type":"product","link":"https:\/\/esentevibrationale.com\/?product=108-goddess-alton-barnes-uk-2008-zeita-alton-barnes-marea-britanie-2008","title":{"rendered":"108.) Goddess, Alton Barnes, UK (2008) \/ Zei\u0163a, Alton Barnes, Marea Britanie (2008)"},"content":{"rendered":"<p>&nbsp;<\/p>\n<p><img decoding=\"async\" class=\"img-responsive\" title=\"108.) Goddess, Alton Barnes, UK (2008)\" src=\"https:\/\/www.phiessences.com\/images\/product_images\/info_images\/nr._108.jpg\" alt=\"108.) Goddess, Alton Barnes, UK (2008)\" data-magnifier-src=\"images\/product_images\/original_images\/nr._108.jpg\" \/><\/p>\n<p>Are un efect puternic asupra energiei Yin. Esen\u021ba ajut\u0103 la a recunoa\u0219te sacralitatea sexualit\u0103\u021bii \u0219i la vindecarea sa. Totodat\u0103 promoveaz\u0103 fertilitatea la nivel energetic \u0219i ne ajut\u0103 s\u0103 recunoa\u0219tem capacitatea de a vedea via\u021ba ca un dar a lui Dumnezeu. Ne sprijin\u0103 s\u0103 ob\u021binem un echilibru s\u0103n\u0103tos \u00een sexualitate \u0219i ne permite s\u0103 recunoa\u0219tem simbologia virginit\u0103\u021bii.<\/p>\n","protected":false},"excerpt":{"rendered":"<p>&nbsp; Are un efect puternic asupra energiei Yin. Esen\u021ba ajut\u0103 la a recunoa\u0219te sacralitatea sexualit\u0103\u021bii \u0219i la vindecarea sa. Totodat\u0103 promoveaz\u0103 fertilitatea la nivel energetic \u0219i ne ajut\u0103 s\u0103 recunoa\u0219tem capacitatea de a vedea via\u021ba ca un dar a lui Dumnezeu. Ne sprijin\u0103 s\u0103 ob\u021binem un echilibru s\u0103n\u0103tos \u00een sexualitate \u0219i ne permite s\u0103 recunoa\u0219tem &hellip; <a href=\"https:\/\/esentevibrationale.com\/?product=108-goddess-alton-barnes-uk-2008-zeita-alton-barnes-marea-britanie-2008\" class=\"more-link\">Continu\u0103 lectura <span class=\"screen-reader-text\">108.) Goddess, Alton Barnes, UK (2008) \/ Zei\u0163a, Alton Barnes, Marea Britanie (2008)<\/span> <span class=\"meta-nav\">&rarr;<\/span><\/a><\/p>\n","protected":false},"featured_media":2973,"template":"","meta":[],"product_brand":[],"product_cat":[54],"product_tag":[],"class_list":{"0":"post-2970","1":"product","2":"type-product","3":"status-publish","4":"has-post-thumbnail","6":"product_cat-esentele-crete-cu-ajutorul-energiei-cercurilor-aparute-in-lanurile-de-recolte","7":"pa_size-15ml","8":"pa_size-30ml","10":"first","11":"instock","12":"shipping-taxable","13":"purchasable","14":"product-type-variable","15":"has-default-attributes"},"_links":{"self":[{"href":"https:\/\/esentevibrationale.com\/index.php?rest_route=\/wp\/v2\/product\/2970","targetHints":{"allow":["GET"]}}],"collection":[{"href":"https:\/\/esentevibrationale.com\/index.php?rest_route=\/wp\/v2\/product"}],"about":[{"href":"https:\/\/esentevibrationale.com\/index.php?rest_route=\/wp\/v2\/types\/product"}],"wp:featuredmedia":[{"embeddable":true,"href":"https:\/\/esentevibrationale.com\/index.php?rest_route=\/wp\/v2\/media\/2973"}],"wp:attachment":[{"href":"https:\/\/esentevibrationale.com\/index.php?rest_route=%2Fwp%2Fv2%2Fmedia&parent=2970"}],"wp:term":[{"taxonomy":"product_brand","embeddable":true,"href":"https:\/\/esentevibrationale.com\/index.php?rest_route=%2Fwp%2Fv2%2Fproduct_brand&post=2970"},{"taxonomy":"product_cat","embeddable":true,"href":"https:\/\/esentevibrationale.com\/index.php?rest_route=%2Fwp%2Fv2%2Fproduct_cat&post=2970"},{"taxonomy":"product_tag","embeddable":true,"href":"https:\/\/esentevibrationale.com\/index.php?rest_route=%2Fwp%2Fv2%2Fproduct_tag&post=2970"}],"curies":[{"name":"wp","href":"https:\/\/api.w.org\/{rel}","templated":true}]}}