{"id":2993,"date":"2018-12-03T09:02:23","date_gmt":"2018-12-03T08:02:23","guid":{"rendered":"https:\/\/phiessences.com\/Romania\/?post_type=product&#038;p=2993"},"modified":"2026-01-08T15:26:23","modified_gmt":"2026-01-08T13:26:23","slug":"112-knoll-down-beckhampton-uk-2009-knoll-down-beckhampton-marea-britanie-2009","status":"publish","type":"product","link":"https:\/\/esentevibrationale.com\/?product=112-knoll-down-beckhampton-uk-2009-knoll-down-beckhampton-marea-britanie-2009","title":{"rendered":"112.) Knoll Down, Beckhampton, UK (2009) \/ Knoll Down, Beckhampton, Marea Britanie (2009)"},"content":{"rendered":"<p><img decoding=\"async\" class=\"img-responsive\" title=\"112.) Knoll Down, Beckhampton, UK (2009)\" src=\"https:\/\/www.phiessences.com\/images\/product_images\/info_images\/nr._112.jpg\" alt=\"112.) Knoll Down, Beckhampton, UK (2009)\" data-magnifier-src=\"images\/product_images\/original_images\/nr._112.jpg\" \/><\/p>\n<p>Aceast\u0103 esen\u021b\u0103 stimuleaz\u0103 poten\u021bialul nostru Creativ. For\u0163a Creatoare plin\u0103 de bucurie.\u00a0 Stimuleaz\u0103 \u015fi purific\u0103 a doua Chakr\u0103 \u0219i ne ajut\u0103 s\u0103 avem o nou\u0103 energie \u0219i o nou\u0103 dinamic\u0103.<\/p>\n","protected":false},"excerpt":{"rendered":"<p>Aceast\u0103 esen\u021b\u0103 stimuleaz\u0103 poten\u021bialul nostru Creativ. For\u0163a Creatoare plin\u0103 de bucurie.\u00a0 Stimuleaz\u0103 \u015fi purific\u0103 a doua Chakr\u0103 \u0219i ne ajut\u0103 s\u0103 avem o nou\u0103 energie \u0219i o nou\u0103 dinamic\u0103.<\/p>\n","protected":false},"featured_media":2995,"template":"","meta":[],"product_brand":[],"product_cat":[54],"product_tag":[],"class_list":{"0":"post-2993","1":"product","2":"type-product","3":"status-publish","4":"has-post-thumbnail","6":"product_cat-esentele-crete-cu-ajutorul-energiei-cercurilor-aparute-in-lanurile-de-recolte","7":"pa_size-15ml","8":"pa_size-30ml","10":"first","11":"instock","12":"shipping-taxable","13":"purchasable","14":"product-type-variable","15":"has-default-attributes"},"_links":{"self":[{"href":"https:\/\/esentevibrationale.com\/index.php?rest_route=\/wp\/v2\/product\/2993","targetHints":{"allow":["GET"]}}],"collection":[{"href":"https:\/\/esentevibrationale.com\/index.php?rest_route=\/wp\/v2\/product"}],"about":[{"href":"https:\/\/esentevibrationale.com\/index.php?rest_route=\/wp\/v2\/types\/product"}],"wp:featuredmedia":[{"embeddable":true,"href":"https:\/\/esentevibrationale.com\/index.php?rest_route=\/wp\/v2\/media\/2995"}],"wp:attachment":[{"href":"https:\/\/esentevibrationale.com\/index.php?rest_route=%2Fwp%2Fv2%2Fmedia&parent=2993"}],"wp:term":[{"taxonomy":"product_brand","embeddable":true,"href":"https:\/\/esentevibrationale.com\/index.php?rest_route=%2Fwp%2Fv2%2Fproduct_brand&post=2993"},{"taxonomy":"product_cat","embeddable":true,"href":"https:\/\/esentevibrationale.com\/index.php?rest_route=%2Fwp%2Fv2%2Fproduct_cat&post=2993"},{"taxonomy":"product_tag","embeddable":true,"href":"https:\/\/esentevibrationale.com\/index.php?rest_route=%2Fwp%2Fv2%2Fproduct_tag&post=2993"}],"curies":[{"name":"wp","href":"https:\/\/api.w.org\/{rel}","templated":true}]}}