{"id":3013,"date":"2018-12-03T10:30:04","date_gmt":"2018-12-03T09:30:04","guid":{"rendered":"https:\/\/phiessences.com\/Romania\/?post_type=product&#038;p=3013"},"modified":"2026-01-08T15:32:06","modified_gmt":"2026-01-08T13:32:06","slug":"116-east-kennet-uk-2009-east-kennet-marea-britanie-2009","status":"publish","type":"product","link":"https:\/\/esentevibrationale.com\/?product=116-east-kennet-uk-2009-east-kennet-marea-britanie-2009","title":{"rendered":"116.) East Kennet, UK (2009) \/ East Kennet, Marea Britanie (2009)"},"content":{"rendered":"<p><img decoding=\"async\" class=\"img-responsive\" title=\"116.) East Kennet, UK (2009)\" src=\"https:\/\/www.phiessences.com\/images\/product_images\/info_images\/nr._116.jpg\" alt=\"116.) East Kennet, UK (2009)\" data-magnifier-src=\"images\/product_images\/original_images\/nr._116.jpg\" \/><\/p>\n<p>Ca \u00een cer, a\u0219a \u0219i pe p\u0103m\u00e2nt. Esen\u021ba d\u0103 echilibru \u0219i ne ajut\u0103 s\u0103\u00a0 recunoa\u0219tem c\u0103 nu este lumin\u0103 f\u0103r\u0103 \u00eentuneric, nici Ying f\u0103r\u0103 Yang. Echilibreaz\u0103 fluidele corporale \u0219i acidului alcalin. Aduce armonie \u0219i echilibru, &#8222;un sentiment de bine ai venit&#8221; \u0219i ne face s\u0103 ne sim\u021bim purta\u021bi \u00een uniune cu Dumnezeu, ajut\u0103 la vindecarea r\u0103nilor vechi.<\/p>\n","protected":false},"excerpt":{"rendered":"<p>Ca \u00een cer, a\u0219a \u0219i pe p\u0103m\u00e2nt. Esen\u021ba d\u0103 echilibru \u0219i ne ajut\u0103 s\u0103\u00a0 recunoa\u0219tem c\u0103 nu este lumin\u0103 f\u0103r\u0103 \u00eentuneric, nici Ying f\u0103r\u0103 Yang. Echilibreaz\u0103 fluidele corporale \u0219i acidului alcalin. Aduce armonie \u0219i echilibru, &#8222;un sentiment de bine ai venit&#8221; \u0219i ne face s\u0103 ne sim\u021bim purta\u021bi \u00een uniune cu Dumnezeu, ajut\u0103 la vindecarea &hellip; <a href=\"https:\/\/esentevibrationale.com\/?product=116-east-kennet-uk-2009-east-kennet-marea-britanie-2009\" class=\"more-link\">Continu\u0103 lectura <span class=\"screen-reader-text\">116.) East Kennet, UK (2009) \/ East Kennet, Marea Britanie (2009)<\/span> <span class=\"meta-nav\">&rarr;<\/span><\/a><\/p>\n","protected":false},"featured_media":3017,"template":"","meta":[],"product_brand":[],"product_cat":[54],"product_tag":[],"class_list":{"0":"post-3013","1":"product","2":"type-product","3":"status-publish","4":"has-post-thumbnail","6":"product_cat-esentele-crete-cu-ajutorul-energiei-cercurilor-aparute-in-lanurile-de-recolte","7":"pa_size-15ml","8":"pa_size-30ml","10":"first","11":"instock","12":"shipping-taxable","13":"purchasable","14":"product-type-variable","15":"has-default-attributes"},"_links":{"self":[{"href":"https:\/\/esentevibrationale.com\/index.php?rest_route=\/wp\/v2\/product\/3013","targetHints":{"allow":["GET"]}}],"collection":[{"href":"https:\/\/esentevibrationale.com\/index.php?rest_route=\/wp\/v2\/product"}],"about":[{"href":"https:\/\/esentevibrationale.com\/index.php?rest_route=\/wp\/v2\/types\/product"}],"wp:featuredmedia":[{"embeddable":true,"href":"https:\/\/esentevibrationale.com\/index.php?rest_route=\/wp\/v2\/media\/3017"}],"wp:attachment":[{"href":"https:\/\/esentevibrationale.com\/index.php?rest_route=%2Fwp%2Fv2%2Fmedia&parent=3013"}],"wp:term":[{"taxonomy":"product_brand","embeddable":true,"href":"https:\/\/esentevibrationale.com\/index.php?rest_route=%2Fwp%2Fv2%2Fproduct_brand&post=3013"},{"taxonomy":"product_cat","embeddable":true,"href":"https:\/\/esentevibrationale.com\/index.php?rest_route=%2Fwp%2Fv2%2Fproduct_cat&post=3013"},{"taxonomy":"product_tag","embeddable":true,"href":"https:\/\/esentevibrationale.com\/index.php?rest_route=%2Fwp%2Fv2%2Fproduct_tag&post=3013"}],"curies":[{"name":"wp","href":"https:\/\/api.w.org\/{rel}","templated":true}]}}