{"id":3040,"date":"2018-12-03T13:59:47","date_gmt":"2018-12-03T12:59:47","guid":{"rendered":"https:\/\/phiessences.com\/Romania\/?post_type=product&#038;p=3040"},"modified":"2026-01-08T15:47:04","modified_gmt":"2026-01-08T13:47:04","slug":"121-avenue-avebury-uk-2009-avenue-avebury-marea-britanie-2009","status":"publish","type":"product","link":"https:\/\/esentevibrationale.com\/?product=121-avenue-avebury-uk-2009-avenue-avebury-marea-britanie-2009","title":{"rendered":"121.) Avenue, Avebury, UK (2009) \/ Avenue, Avebury, Marea Britanie (2009)"},"content":{"rendered":"<p><img decoding=\"async\" class=\"img-responsive\" title=\"121.) Avenue, Avebury, UK (2009)\" src=\"https:\/\/www.phiessences.com\/images\/product_images\/info_images\/nr._121.jpg\" alt=\"121.) Avenue, Avebury, UK (2009)\" data-magnifier-src=\"images\/product_images\/original_images\/nr._121.jpg\" \/><\/p>\n<p>Aceast\u0103 forma\u0163iune reprezint\u0103 procesul de fecundare. Aceasta ne aminte\u0219te c\u0103 reproducerea este sacr\u0103. Ne arat\u0103 contopirea celular\u0103 cu o nou\u0103 frecven\u0163\u0103 a ADN-lui \u0219i faptul c\u0103 este sacr\u0103 crea\u0163ia Divin\u0103. Ajut\u0103 persoanele care au f\u0103cut un avort sau inseminare artificial\u0103 sau cele care se ocup\u0103 cu clonarea animalelor.<\/p>\n","protected":false},"excerpt":{"rendered":"<p>Aceast\u0103 forma\u0163iune reprezint\u0103 procesul de fecundare. Aceasta ne aminte\u0219te c\u0103 reproducerea este sacr\u0103. Ne arat\u0103 contopirea celular\u0103 cu o nou\u0103 frecven\u0163\u0103 a ADN-lui \u0219i faptul c\u0103 este sacr\u0103 crea\u0163ia Divin\u0103. Ajut\u0103 persoanele care au f\u0103cut un avort sau inseminare artificial\u0103 sau cele care se ocup\u0103 cu clonarea animalelor.<\/p>\n","protected":false},"featured_media":3042,"template":"","meta":[],"product_brand":[],"product_cat":[54],"product_tag":[],"class_list":{"0":"post-3040","1":"product","2":"type-product","3":"status-publish","4":"has-post-thumbnail","6":"product_cat-esentele-crete-cu-ajutorul-energiei-cercurilor-aparute-in-lanurile-de-recolte","7":"pa_size-15ml","8":"pa_size-30ml","10":"first","11":"instock","12":"shipping-taxable","13":"purchasable","14":"product-type-variable","15":"has-default-attributes"},"_links":{"self":[{"href":"https:\/\/esentevibrationale.com\/index.php?rest_route=\/wp\/v2\/product\/3040","targetHints":{"allow":["GET"]}}],"collection":[{"href":"https:\/\/esentevibrationale.com\/index.php?rest_route=\/wp\/v2\/product"}],"about":[{"href":"https:\/\/esentevibrationale.com\/index.php?rest_route=\/wp\/v2\/types\/product"}],"wp:featuredmedia":[{"embeddable":true,"href":"https:\/\/esentevibrationale.com\/index.php?rest_route=\/wp\/v2\/media\/3042"}],"wp:attachment":[{"href":"https:\/\/esentevibrationale.com\/index.php?rest_route=%2Fwp%2Fv2%2Fmedia&parent=3040"}],"wp:term":[{"taxonomy":"product_brand","embeddable":true,"href":"https:\/\/esentevibrationale.com\/index.php?rest_route=%2Fwp%2Fv2%2Fproduct_brand&post=3040"},{"taxonomy":"product_cat","embeddable":true,"href":"https:\/\/esentevibrationale.com\/index.php?rest_route=%2Fwp%2Fv2%2Fproduct_cat&post=3040"},{"taxonomy":"product_tag","embeddable":true,"href":"https:\/\/esentevibrationale.com\/index.php?rest_route=%2Fwp%2Fv2%2Fproduct_tag&post=3040"}],"curies":[{"name":"wp","href":"https:\/\/api.w.org\/{rel}","templated":true}]}}