{"id":3050,"date":"2018-12-04T09:02:19","date_gmt":"2018-12-04T08:02:19","guid":{"rendered":"https:\/\/phiessences.com\/Romania\/?post_type=product&#038;p=3050"},"modified":"2026-01-08T17:29:52","modified_gmt":"2026-01-08T15:29:52","slug":"123-hochfelden-ch-2010-hochfelden-elvetia-2010","status":"publish","type":"product","link":"https:\/\/esentevibrationale.com\/?product=123-hochfelden-ch-2010-hochfelden-elvetia-2010","title":{"rendered":"123.) Hochfelden, CH (2010) \/ Hochfelden, Elve\u0163ia (2010)"},"content":{"rendered":"<p><img decoding=\"async\" class=\"img-responsive\" title=\"123.) Hochfelden, CH (2010)\" src=\"https:\/\/www.phiessences.com\/images\/product_images\/info_images\/nr._123.jpg\" alt=\"123.) Hochfelden, CH (2010)\" data-magnifier-src=\"images\/product_images\/original_images\/nr._123.jpg\" \/><\/p>\n<p>Acest cerc ap\u0103rut \u00een lanul de recolt\u0103 are un efect purificator asupra tiparelor vechi. Ajut\u0103 s\u0103 recunoa\u0219tem c\u0103 totul se na\u0219te din dragostea lui Dumnezeu, s\u0103 respect\u0103m principiile Crea\u021biei Divine \u0219i s\u0103 renun\u021b\u0103m la vechile obiceiuri \u0219i limit\u0103ri ale g\u00e2ndirii, astfel noi suntem liberi pentru noua etap\u0103 de con\u0219tiin\u021b\u0103.<\/p>\n","protected":false},"excerpt":{"rendered":"<p>Acest cerc ap\u0103rut \u00een lanul de recolt\u0103 are un efect purificator asupra tiparelor vechi. Ajut\u0103 s\u0103 recunoa\u0219tem c\u0103 totul se na\u0219te din dragostea lui Dumnezeu, s\u0103 respect\u0103m principiile Crea\u021biei Divine \u0219i s\u0103 renun\u021b\u0103m la vechile obiceiuri \u0219i limit\u0103ri ale g\u00e2ndirii, astfel noi suntem liberi pentru noua etap\u0103 de con\u0219tiin\u021b\u0103.<\/p>\n","protected":false},"featured_media":3053,"template":"","meta":[],"product_brand":[],"product_cat":[54],"product_tag":[],"class_list":{"0":"post-3050","1":"product","2":"type-product","3":"status-publish","4":"has-post-thumbnail","6":"product_cat-esentele-crete-cu-ajutorul-energiei-cercurilor-aparute-in-lanurile-de-recolte","7":"pa_size-15ml","8":"pa_size-30ml","10":"first","11":"instock","12":"shipping-taxable","13":"purchasable","14":"product-type-variable","15":"has-default-attributes"},"_links":{"self":[{"href":"https:\/\/esentevibrationale.com\/index.php?rest_route=\/wp\/v2\/product\/3050","targetHints":{"allow":["GET"]}}],"collection":[{"href":"https:\/\/esentevibrationale.com\/index.php?rest_route=\/wp\/v2\/product"}],"about":[{"href":"https:\/\/esentevibrationale.com\/index.php?rest_route=\/wp\/v2\/types\/product"}],"wp:featuredmedia":[{"embeddable":true,"href":"https:\/\/esentevibrationale.com\/index.php?rest_route=\/wp\/v2\/media\/3053"}],"wp:attachment":[{"href":"https:\/\/esentevibrationale.com\/index.php?rest_route=%2Fwp%2Fv2%2Fmedia&parent=3050"}],"wp:term":[{"taxonomy":"product_brand","embeddable":true,"href":"https:\/\/esentevibrationale.com\/index.php?rest_route=%2Fwp%2Fv2%2Fproduct_brand&post=3050"},{"taxonomy":"product_cat","embeddable":true,"href":"https:\/\/esentevibrationale.com\/index.php?rest_route=%2Fwp%2Fv2%2Fproduct_cat&post=3050"},{"taxonomy":"product_tag","embeddable":true,"href":"https:\/\/esentevibrationale.com\/index.php?rest_route=%2Fwp%2Fv2%2Fproduct_tag&post=3050"}],"curies":[{"name":"wp","href":"https:\/\/api.w.org\/{rel}","templated":true}]}}